{"id":37312,"date":"2024-10-21T14:09:33","date_gmt":"2024-10-21T14:09:33","guid":{"rendered":"https:\/\/loosen.lt\/produktas\/cagas-senu-kapsulas-n90\/"},"modified":"2025-07-08T16:53:10","modified_gmt":"2025-07-08T16:53:10","slug":"cagas-senu-kapsulas-n90","status":"publish","type":"product","link":"https:\/\/loosen.lt\/lv\/produkts\/cagas-senu-kapsulas-n90\/","title":{"rendered":"\u010cagas s\u0113\u0146u kapsulas N90"},"content":{"rendered":"<p><strong>Chaga s\u0113nes \u012bpa\u0161\u012bbas:<\/strong><\/p>\n<\/p>\n<p><strong>Vesel\u012bga imunit\u0101te*:<\/strong><\/p>\n<\/p>\n<p>2005. gad\u0101 veikts mikrobiolo\u0123isks p\u0113t\u012bjums ar dz\u012bvniekiem apstiprin\u0101ja, ka Chaga var pal\u012bdz\u0113t im\u016bnsist\u0113mai. Iepriek\u0161\u0113jie p\u0113t\u012bjumi liecina, ka \u010cagas s\u0113ne paaugstina citok\u012bnu &#8211; sign\u0101lprote\u012bnu, kas regul\u0113 im\u016bnsist\u0113mas reakciju, kontrol\u0113 iekaisumu un mijiedarbojas ar baltajiem asins\u0137ermen\u012b\u0161iem, &#8211; l\u012bmeni.<\/p>\n<\/p>\n<p><strong>Pretiekaisuma \u012bpa\u0161\u012bbas*:<\/strong><\/p>\n<\/p>\n<p>Chaga s\u0113nes ir paz\u012bstamas ar sav\u0101m sp\u0113c\u012bgaj\u0101m pretiekaisuma \u012bpa\u0161\u012bb\u0101m. 2013. gad\u0101 p\u0101rtikas \u0137\u012bmijas jom\u0101 veikt\u0101 p\u0113t\u012bjum\u0101 konstat\u0113ts, ka Chaga s\u0113\u0146u ekstraktam var b\u016bt pretiekaisuma \u012bpa\u0161\u012bbas.<\/p>\n<\/p>\n<p><strong>C\u012b\u0146a pret noveco\u0161anu un \u0101das vesel\u012bba*:<\/strong><\/p>\n<\/p>\n<p>Biofactors 2007. gad\u0101 veiktaj\u0101 p\u0113t\u012bjum\u0101 tika konstat\u0113ts, ka \u010cagas s\u0113n\u0113s eso\u0161ie antioksidanti c\u012bn\u0101s pret oksidat\u012bvo stresu, kas saist\u012bts ar noveco\u0161anu un ar vecumu saist\u012bt\u0101m slim\u012bb\u0101m.<\/p>\n<\/p>\n<p><strong>K\u0101di ir popul\u0101r\u0101kie \u0161\u012bs s\u0113nes izmanto\u0161anas veidi?<\/strong> Viena no izplat\u012bt\u0101kaj\u0101m metod\u0113m ir Chaga kapsulas, kas ir piem\u0113rotas ar\u012b veg\u0101niem.<\/p>\n<\/p>\n<p><strong>Pat\u0113ri\u0146\u0161:<\/strong> pieaugu\u0161ajiem lietot 1-3 tabletes dien\u0101, uzdzerot gl\u0101zi \u016bdens. Lietojiet kop\u0101 ar p\u0101rtiku.<br \/>Nep\u0101rsniedziet ieteicamo devu.<\/p>\n<\/p>\n<p><strong>Sast\u0101vda\u013cas:<\/strong> \u010cagas meln\u0101s s\u0113nes ekstrakts, mikrokrist\u0101lisk\u0101 celuloze k\u0101 saistviela, magnija karbon\u0101ts, r\u012bsu milti, sil\u012bcija dioks\u012bds k\u0101 saistviela, hidroksipropilmetilceluloze k\u0101 stabilizators, ekstrah\u0113t\u0101s koncentr\u0101cijas attiec\u012bba (15:1).<\/p>\n<\/p>\n<table>\n<tbody>\n<tr>\n<td> <\/td>\n<td>1 tablete satur:<\/td>\n<td>2 tabletes satur:<\/td>\n<td>RMV*, %<\/td>\n<\/tr>\n<tr>\n<td>Chaga s\u0113\u0146u ekstrakts<\/td>\n<td><span style=\"font-weight: 400;\">500 mg<\/span><\/td>\n<td><span style=\"font-weight: 400;\">1000 mg<\/span><\/td>\n<td><span style=\"font-weight: 400;\">&#8211;<\/span><\/td>\n<\/tr>\n<\/tbody>\n<\/table>\n<div>RMV* &#8211; nav noteikta uzturv\u0113rt\u012bbas atsauces v\u0113rt\u012bba<\/div>\n<div> <\/div>\n<div> <\/div>\n<div><strong>Uzglab\u0101\u0161anas apst\u0101k\u013ci:<\/strong> uzglab\u0101t tum\u0161\u0101 viet\u0101, temperat\u016br\u0101, kas nav augst\u0101ka par +25 \u00b0C, b\u0113rniem nepieejam\u0101 viet\u0101.<\/div>\n<div> <\/div>\n<div> <\/div>\n<div><strong>Ra\u017eot\u0101js<\/strong>: UAB, Ajomus grupe, A. Baranausko a. 14, LT-29132 Anyk\u0161\u010di\u0173 r.<\/div>\n<div> <\/div>\n<div> <\/div>\n<div><strong>Puse<\/strong>: skat\u012bt. uz iepakojuma.<\/div>\n<div> <\/div>\n<div> <\/div>\n<div><strong>Lab\u0101kais pirms:<\/strong> 06-2027.<\/div>\n<div> <\/div>\n<div> <\/div>\n<div> <\/div>\n<div><strong>Br\u012bdin\u0101jums:<\/strong> Uztura bag\u0101tin\u0101t\u0101js nav p\u0101rtikas aizst\u0101j\u0113js. Svar\u012bgs ir daudzveid\u012bgs un sabalans\u0113ts uzturs un vesel\u012bgs dz\u012bvesveids. Ja esat gr\u016btniece, barojat b\u0113rnu ar kr\u016bti vai lietojat citas z\u0101les, pirms lieto\u0161anas konsult\u0113jieties ar \u0101rstu vai farmaceitu. Nep\u0101rsniedziet ieteicamo devu.<\/div>\n<div> <\/div>\n<div> <\/div>\n<div> <\/div>\n<div style=\"text-align: center;\"><strong>Svar\u012bgi!<\/strong><\/div>\n<div> <\/div>\n<div> * Pie\u0146emot l\u0113mumus par uztura bag\u0101tin\u0101t\u0101ju ieg\u0101di un\/vai lieto\u0161anu, las\u012bt\u0101jiem j\u0101pa\u013caujas tikai uz \u0161aj\u0101 t\u012bmek\u013ca vietn\u0113 sniegto visp\u0101r\u012bgo inform\u0101ciju. Ja jums ir vesel\u012bbas probl\u0113mas vai patlaban lietojat citus medikamentus vai uztura bag\u0101tin\u0101t\u0101jus, pirms Chaga uztura bag\u0101tin\u0101t\u0101ju lieto\u0161anas konsult\u0113jieties ar savu \u0101rstu. \u0160aj\u0101 rakst\u0101 sniegt\u0101 inform\u0101cija nav 100% apstiprin\u0101ta. \u0160is saturs nav paredz\u0113ts p\u0101rtikas vai uztura bag\u0101tin\u0101t\u0101ju reklam\u0113\u0161anai. Pirms \u0161eit sniegt\u0101s inform\u0101cijas izmanto\u0161anas ieteicams konsult\u0113ties ar \u0101rstu, jo t\u0101 nav uzskat\u0101ma par medic\u012bnisku padomu vai \u0101rst\u0113\u0161anas ieteikumu. Pirms pie\u0146emt l\u0113mumus par savu vesel\u012bbu, iesak\u0101m \u0146emt v\u0113r\u0101 datus no vair\u0101kiem uzticamiem avotiem. Ir svar\u012bgi iev\u0113rot vesel\u012bgu dz\u012bvesveidu un \u0113st daudzveid\u012bgu, sabalans\u0113tu uzturu.<\/div>\n<div> <\/div>\n<div> <\/div>\n<div> <\/div>\n<div> <\/div>\n<div style=\"text-align: center;\"><strong> Avoti un atsauces:<\/strong><\/div>\n<div style=\"text-align: center;\"> <\/div>\n<div style=\"text-align: center;\"> https:\/\/www.mskcc.org\/cancer-care\/integrative-medicine\/herbs\/chaga-mushroom<\/div>\n<div style=\"text-align: center;\">https:\/\/www.ncbi.nlm.nih.gov\/pmc\/articles\/PMC3774877\/<\/div>\n<div style=\"text-align: center;\">https:\/\/pubmed.ncbi.nlm.nih.gov\/23497877\/<\/div>\n<div style=\"text-align: center;\">https:\/\/pubmed.ncbi.nlm.nih.gov\/18997282\/<\/div>\n<div> <\/div>\n","protected":false},"excerpt":{"rendered":"<p>\u010caga s\u0113ne ir viens no sp\u0113c\u012bg\u0101kajiem dabas d\u0101rgumiem. \u010caga s\u0113ne ir viens no sp\u0113c\u012bg\u0101kajiem dabas d\u0101rgumiem.Jau gadsimtiem ilgi \u010caga s\u0113ne tiek izmantota tradicion\u0101laj\u0101 Sib\u012brijas un Krievijas tautas medic\u012bn\u0101. Liel\u0101k\u0101 da\u013ca cilv\u0113ku izv\u0113las lietot \u010dagas pulveri, ekstraktu, kapsulas vai t\u0113ju. \u010cagas s\u0113nes joproj\u0101m pla\u0161i izmanto Zieme\u013ceiropas tautas medic\u012bn\u0101. Ir svar\u012bgi atz\u012bm\u0113t, ka p\u0113d\u0113jos gados Chaga kapsulas ir k\u013cuvu\u0161as \u013coti popul\u0101ra izv\u0113le vis\u0101 pasaul\u0113.<\/p>\n<p>&nbsp;<\/p>\n<p><strong>Iepakojum\u0101 atrad\u012bsiet<\/strong><\/p>\n<ul>\n<li>Augst\u0101k\u0101s kvalit\u0101tes uztura bag\u0101tin\u0101t\u0101js<\/li>\n<li>L\u012bdz 500 mg \u010dagas s\u0113\u0146u ekstrakta vien\u0101 tablet\u0113<\/li>\n<li>Polisahar\u012bdi: &gt;=30%<\/li>\n<li>No s\u0113nes ieg\u016bt\u0101 ekstrakta koncentr\u0101cija: 15:1<\/li>\n<li>L\u012bdz 90 kapsul\u0101m, pietiek 30-90 dien\u0101m<\/li>\n<li>Veg\u0101niem piem\u0113rots uztura bag\u0101tin\u0101t\u0101js<\/li>\n<\/ul>\n","protected":false},"featured_media":38177,"comment_status":"open","ping_status":"closed","template":"","meta":{"inline_featured_image":false},"product_brand":[],"product_cat":[148,145,154],"product_tag":[],"class_list":{"0":"post-37312","1":"product","2":"type-product","3":"status-publish","4":"has-post-thumbnail","6":"product_cat-imunitate","7":"product_cat-gan","8":"product_cat-sapes-un-iekaisums","10":"first","11":"instock","12":"shipping-taxable","13":"purchasable","14":"product-type-simple"},"_links":{"self":[{"href":"https:\/\/loosen.lt\/lv\/wp-json\/wp\/v2\/product\/37312","targetHints":{"allow":["GET"]}}],"collection":[{"href":"https:\/\/loosen.lt\/lv\/wp-json\/wp\/v2\/product"}],"about":[{"href":"https:\/\/loosen.lt\/lv\/wp-json\/wp\/v2\/types\/product"}],"replies":[{"embeddable":true,"href":"https:\/\/loosen.lt\/lv\/wp-json\/wp\/v2\/comments?post=37312"}],"wp:featuredmedia":[{"embeddable":true,"href":"https:\/\/loosen.lt\/lv\/wp-json\/wp\/v2\/media\/38177"}],"wp:attachment":[{"href":"https:\/\/loosen.lt\/lv\/wp-json\/wp\/v2\/media?parent=37312"}],"wp:term":[{"taxonomy":"product_brand","embeddable":true,"href":"https:\/\/loosen.lt\/lv\/wp-json\/wp\/v2\/product_brand?post=37312"},{"taxonomy":"product_cat","embeddable":true,"href":"https:\/\/loosen.lt\/lv\/wp-json\/wp\/v2\/product_cat?post=37312"},{"taxonomy":"product_tag","embeddable":true,"href":"https:\/\/loosen.lt\/lv\/wp-json\/wp\/v2\/product_tag?post=37312"}],"curies":[{"name":"wp","href":"https:\/\/api.w.org\/{rel}","templated":true}]}}