{"id":37907,"date":"2024-10-02T11:10:40","date_gmt":"2024-10-02T11:10:40","guid":{"rendered":"https:\/\/loosen.lt\/produktas\/h-drop-mierigs-pec-vetras-15-pilna-spektra-cbd-ella\/"},"modified":"2025-07-22T12:25:06","modified_gmt":"2025-07-22T12:25:06","slug":"h-drop-mierigs-pec-vetras-15-pilna-spektra-cbd-ella","status":"publish","type":"product","link":"https:\/\/loosen.lt\/lv\/produkts\/h-drop-mierigs-pec-vetras-15-pilna-spektra-cbd-ella\/","title":{"rendered":"H drop Mier\u012bgs p\u0113c v\u0113tras 15% pilna spektra CBD e\u013c\u013ca"},"content":{"rendered":"<div>Mier\u012bgs p\u0113c v\u0113tras 15% CBD ka\u0146epju e\u013c\u013ca ir augst\u0101k\u0101s kvalit\u0101tes pilna spektra produkts ar 1500 mg t\u012bra CBD katr\u0101 pudel\u0113. Ieteicams lietot 3-4 pilienus.<\/div>\n<div><\/div>\n<div>E\u013c\u013ca ir izgatavota no sertific\u0113tas \u0161\u0137iedras ka\u0146ep\u0113m, kuras audz\u0113 bez \u0137\u012bmisk\u0101m viel\u0101m, pestic\u012bdiem, \u0122MO vai lipek\u013ca. Tas garant\u0113, ka produkts ir dro\u0161s un dabisks.<\/div>\n<div><\/div>\n<ul>\n<li>Lai gan \u0161\u012b e\u013c\u013ca ir pilna spektra, t\u0101 nesatur THC, bet t\u0101 ir bag\u0101ta ar citiem labv\u0113l\u012bgiem kanabino\u012bdiem, piem\u0113ram, CBG, CBDV, CBN, CBC, CBE un CBT. E\u013c\u013ca ir piln\u012bgi t\u012bra \u2013 bez toks\u012bniem un smagajiem met\u0101liem.<\/li>\n<li>Ar vienu pudeli e\u013c\u013cas pietiek vair\u0101k nek\u0101 30 dienu lieto\u0161anai vid\u0113j\u0101 dev\u0101.<\/li>\n<li>Katr\u0101 pudel\u0113 ir 200 pilieni, katrs satur 7,5 mg CBD.<\/li>\n<li>Produkta sast\u0101vs tiek r\u016bp\u012bgi p\u0101rbaud\u012bts laboratorij\u0101s, t\u0101p\u0113c tiek garant\u0113ts prec\u012bzs CBD daudzums.<\/li>\n<li>E\u013c\u013ca satur ar\u012b ka\u0146epju s\u0113klu e\u013c\u013cu, kas ir bag\u0101ta ar Omega-3, Omega-6 tauksk\u0101b\u0113m un E vitam\u012bnu.<\/li>\n<li>Tas tiek ieg\u016bts, izmantojot progres\u012bvu superkritisko CO2 ekstrakcijas tehnolo\u0123iju GMP sertific\u0113t\u0101 farmaceitisk\u0101s kvalit\u0101tes laboratorij\u0101.<\/li>\n<li>Produkts nesatur THC, t\u0101p\u0113c tas neizraisa psihoakt\u012bvus efektus.<\/li>\n<\/ul>\n<p>&nbsp;<\/p>\n<div>Ra\u017eot\u0101js: H Drop<\/div>\n<div>Izcelsmes valsts: Lietuva<\/div>\n<div>Sast\u0101vs: Cannabis Sativa s\u0113klu e\u013c\u013ca, Cannabis Sativa lapu ekstrakts, kanabinols, melaton\u012bns.<\/div>\n<div><\/div>\n<div><strong>Lieto\u0161ana:<\/strong><\/div>\n<div><\/div>\n<div>Ier\u012bv\u0113 3-4 pilienus uz v\u0113lam\u0101s \u0137erme\u0146a da\u013cas, 2 reizes dien\u0101. Pirms lieto\u0161anas sakratiet.<\/div>\n<div><\/div>\n<div><strong>Uzglab\u0101\u0161anas nosac\u012bjumi:<\/strong><\/div>\n<div><\/div>\n<div>Uzglab\u0101t istabas temperat\u016br\u0101, prom no tie\u0161iem saules stariem un b\u0113rniem nepieejam\u0101 viet\u0101. Izvairieties no saskares ar ac\u012bm.<\/div>\n<div><\/div>\n<div>Piez\u012bme:<\/div>\n<div><\/div>\n<div>Augst\u0101s koncentr\u0101cij\u0101s e\u013c\u013ca var kristaliz\u0113ties. Tas nav defekts \u2013 vienk\u0101r\u0161i nedaudz uzsildiet to, piem\u0113ram, ievietojot pudeli silt\u0101 \u016bden\u012b.<\/div>\n","protected":false},"excerpt":{"rendered":"<div>H drop Calm after Storm 15% pilna spektra CBD e\u013c\u013ca ir augstas kvalit\u0101tes un ir pilna spektra produkts. Viena 10 ml pudele satur 1500 mg CBD, izce\u013cot e\u013c\u013cu ar savu efektivit\u0101ti un t\u012br\u012bbu. Ieteicam\u0101 deva ir 3-4 pilieni.<\/div>\n<div><\/div>\n<div>\u0160\u012b e\u013c\u013ca ir izgatavota no sertific\u0113tas \u0161\u0137iedras ka\u0146ep\u0113m, kas audz\u0113tas bez \u0137\u012bmisk\u0101m piedev\u0101m un pestic\u012bdiem, t\u0101p\u0113c produkts ir bez \u0122MO un lipek\u013ca.<\/div>\n<div><\/div>\n<div><strong>Cilv\u0113ki bie\u017ei piedz\u012bvo nogurumu, bezmiegu un stresu. Cilv\u0113kam \u013coti svar\u012bgs ir kvalitat\u012bvs miegs un miers, bez iek\u0161\u0113j\u0101 miera k\u013c\u016bstam aizkaitin\u0101mi un nelaim\u012bgi.<\/strong><\/div>\n","protected":false},"featured_media":37574,"comment_status":"open","ping_status":"closed","template":"","meta":{"inline_featured_image":false},"product_brand":[],"product_cat":[87],"product_tag":[],"class_list":{"0":"post-37907","1":"product","2":"type-product","3":"status-publish","4":"has-post-thumbnail","6":"product_cat-lv-cbd-ella","8":"first","9":"outofstock","10":"shipping-taxable","11":"purchasable","12":"product-type-simple"},"_links":{"self":[{"href":"https:\/\/loosen.lt\/lv\/wp-json\/wp\/v2\/product\/37907","targetHints":{"allow":["GET"]}}],"collection":[{"href":"https:\/\/loosen.lt\/lv\/wp-json\/wp\/v2\/product"}],"about":[{"href":"https:\/\/loosen.lt\/lv\/wp-json\/wp\/v2\/types\/product"}],"replies":[{"embeddable":true,"href":"https:\/\/loosen.lt\/lv\/wp-json\/wp\/v2\/comments?post=37907"}],"wp:featuredmedia":[{"embeddable":true,"href":"https:\/\/loosen.lt\/lv\/wp-json\/wp\/v2\/media\/37574"}],"wp:attachment":[{"href":"https:\/\/loosen.lt\/lv\/wp-json\/wp\/v2\/media?parent=37907"}],"wp:term":[{"taxonomy":"product_brand","embeddable":true,"href":"https:\/\/loosen.lt\/lv\/wp-json\/wp\/v2\/product_brand?post=37907"},{"taxonomy":"product_cat","embeddable":true,"href":"https:\/\/loosen.lt\/lv\/wp-json\/wp\/v2\/product_cat?post=37907"},{"taxonomy":"product_tag","embeddable":true,"href":"https:\/\/loosen.lt\/lv\/wp-json\/wp\/v2\/product_tag?post=37907"}],"curies":[{"name":"wp","href":"https:\/\/api.w.org\/{rel}","templated":true}]}}