{"id":37909,"date":"2024-10-02T15:18:48","date_gmt":"2024-10-02T15:18:48","guid":{"rendered":"https:\/\/loosen.lt\/produktas\/rest-reset-20-plasa-spektra-cbd-kanepju-ella\/"},"modified":"2025-02-20T14:29:31","modified_gmt":"2025-02-20T14:29:31","slug":"rest-reset-20-plasa-spektra-cbd-kanepju-ella","status":"publish","type":"product","link":"https:\/\/loosen.lt\/lv\/produkts\/rest-reset-20-plasa-spektra-cbd-kanepju-ella\/","title":{"rendered":"Rest &#038; Reset 20% pla\u0161a spektra CBD ka\u0146epju e\u013c\u013ca"},"content":{"rendered":"<div>Rest &amp; Reset 20% CBD Oil ir augstas kvalit\u0101tes, pla\u0161a spektra produkts, kas satur 2000 mg CBD katr\u0101 pudel\u0113. Ieteicams lietot 5-8 pilienus.<\/div>\n<div><\/div>\n<div><\/div>\n<div>E\u013c\u013cu ra\u017eo tikai no sertific\u0113t\u0101m \u0161\u0137iedras ka\u0146ep\u0113m, kas audz\u0113tas bez \u0137\u012bmisk\u0101 m\u0113slojuma un pestic\u012bdiem. Turkl\u0101t ka\u0146epes nav \u0122MO un nesatur glut\u0113nu, padarot \u0161o produktu par dro\u0161u un vesel\u012bgu izv\u0113li.<\/div>\n<div><\/div>\n<div><\/div>\n<ul>\n<li>\u0160\u012b e\u013c\u013ca satur tikai CBD, nek\u0101dus citus kanabino\u012bdus, toks\u012bnus vai smagos met\u0101lus.<\/li>\n<li>Tas ir 100% dab\u012bgs, izgatavots no ka\u0146ep\u0113m, kas audz\u0113tas t\u012br\u0101 vid\u0113.<\/li>\n<li>Katra 10 ml pudele satur aptuveni 200 pilienus un katrs piliens satur aptuveni 10 mg CBD (200 pilieni x 10 mg)<\/li>\n<li>. Produkta sast\u0101vu apliecina laboratorijas sertifik\u0101ti.<\/li>\n<li>CBD ekstrakts tiek ieg\u016bts, izmantojot progres\u012bvu CO2 tehnolo\u0123iju, kas nodro\u0161ina t\u0101 t\u012br\u012bbu.<\/li>\n<li>Produkts tiek ra\u017eots atbilsto\u0161i ISO standartiem sertific\u0113t\u0101s r\u016bpn\u012bc\u0101s, kas atbilst GMP (Good Manufacturing Practice) pras\u012bb\u0101m.<\/li>\n<li>THC nav, t\u0101p\u0113c tas neizraisa psihoakt\u012bvus efektus.<\/li>\n<\/ul>\n<p>&nbsp;<\/p>\n<div><\/div>\n<div>Producents: Baltic Shamans<\/div>\n<div>Izcelsmes valsts: Lietuva<\/div>\n<div>Sast\u0101vs: ka\u0146epju s\u0113klu e\u013c\u013ca, Cannabis Sativa L. ka\u0146epju ziedu ekstrakts.<\/div>\n<div><\/div>\n<div><\/div>\n<div>E\u013c\u013ca ir izgatavota no r\u016bp\u012bgi atlas\u012bt\u0101m izejviel\u0101m, lai atbilstu augst\u0101kajiem kvalit\u0101tes standartiem.<\/div>\n<div><\/div>\n<div><\/div>\n<div><strong>Lieto\u0161ana:<\/strong><\/div>\n<div>Lietojiet taj\u0101 \u0137erme\u0146a da\u013c\u0101, kurai nepiecie\u0161ama intens\u012bva kop\u0161ana.<\/div>\n<div><\/div>\n<div><\/div>\n<div><strong>Uzglab\u0101\u0161anas nosac\u012bjumi:<\/strong> uzglab\u0101t istabas temperat\u016br\u0101, sarg\u0101t no saules gaismas un b\u0113rniem nepieejam\u0101 viet\u0101. Izvairieties no saskares ar ac\u012bm.<\/div>\n<div><\/div>\n<div><\/div>\n<div><strong>Piez\u012bme:<\/strong> Augst\u0101s koncentr\u0101cijas d\u0113\u013c e\u013c\u013ca var izkristaliz\u0113ties, ta\u010du tas nav kvalit\u0101tes defekts \u2013 silda pudeli silt\u0101 \u016bden\u012b, lai iz\u0161\u0137\u012bst.<\/div>\n","protected":false},"excerpt":{"rendered":"<div>Rest &amp; Reset CBD e\u013c\u013cai ir rakstur\u012bga augsta kvalit\u0101te un pla\u0161a spektra sast\u0101vs. Katra 10 ml pudele satur 2000 mg CBD, kas nodro\u0161ina produkta stiprumu un t\u012br\u012bbu. Ieteicam\u0101 deva ir 5-8 pilieni.<\/div>\n<div><\/div>\n<div>\u0160\u012b CBD e\u013c\u013ca ir izgatavota no augstas kvalit\u0101tes \u0161\u0137iedras ka\u0146ep\u0113m, kas audz\u0113tas bez pestic\u012bdiem vai \u0137\u012bmisk\u0101m piedev\u0101m, bez \u0122MO un bez lipek\u013ca. Tas garant\u0113, ka produkts ir dabisks un dro\u0161s.<\/div>\n<div><\/div>\n<div><strong>Cilv\u0113ki bie\u017ei piedz\u012bvo nogurumu, bezmiegu un stresu. Cilv\u0113kam \u013coti svar\u012bgs ir kvalitat\u012bvs miegs un miers, bez iek\u0161\u0113j\u0101 miera k\u013c\u016bstam aizkaitin\u0101mi un nelaim\u012bgi.<\/strong><\/div>\n","protected":false},"featured_media":37578,"comment_status":"open","ping_status":"closed","template":"","meta":{"inline_featured_image":false},"product_brand":[],"product_cat":[161,87],"product_tag":[],"class_list":{"0":"post-37909","1":"product","2":"type-product","3":"status-publish","4":"has-post-thumbnail","6":"product_cat-akcijas","7":"product_cat-lv-cbd-ella","9":"first","10":"outofstock","11":"sale","12":"shipping-taxable","13":"purchasable","14":"product-type-simple"},"_links":{"self":[{"href":"https:\/\/loosen.lt\/lv\/wp-json\/wp\/v2\/product\/37909","targetHints":{"allow":["GET"]}}],"collection":[{"href":"https:\/\/loosen.lt\/lv\/wp-json\/wp\/v2\/product"}],"about":[{"href":"https:\/\/loosen.lt\/lv\/wp-json\/wp\/v2\/types\/product"}],"replies":[{"embeddable":true,"href":"https:\/\/loosen.lt\/lv\/wp-json\/wp\/v2\/comments?post=37909"}],"wp:featuredmedia":[{"embeddable":true,"href":"https:\/\/loosen.lt\/lv\/wp-json\/wp\/v2\/media\/37578"}],"wp:attachment":[{"href":"https:\/\/loosen.lt\/lv\/wp-json\/wp\/v2\/media?parent=37909"}],"wp:term":[{"taxonomy":"product_brand","embeddable":true,"href":"https:\/\/loosen.lt\/lv\/wp-json\/wp\/v2\/product_brand?post=37909"},{"taxonomy":"product_cat","embeddable":true,"href":"https:\/\/loosen.lt\/lv\/wp-json\/wp\/v2\/product_cat?post=37909"},{"taxonomy":"product_tag","embeddable":true,"href":"https:\/\/loosen.lt\/lv\/wp-json\/wp\/v2\/product_tag?post=37909"}],"curies":[{"name":"wp","href":"https:\/\/api.w.org\/{rel}","templated":true}]}}