{"id":37910,"date":"2024-10-02T11:03:29","date_gmt":"2024-10-02T11:03:29","guid":{"rendered":"https:\/\/loosen.lt\/produktas\/h-drop-wonderful-life-30-pilna-spektra-cbd-ella\/"},"modified":"2025-07-22T12:25:21","modified_gmt":"2025-07-22T12:25:21","slug":"h-drop-wonderful-life-30-pilna-spektra-cbd-ella","status":"publish","type":"product","link":"https:\/\/loosen.lt\/lv\/produkts\/h-drop-wonderful-life-30-pilna-spektra-cbd-ella\/","title":{"rendered":"H drop Wonderful Life 30% pilna spektra CBD e\u013c\u013ca"},"content":{"rendered":"<div>\u0160\u012b Wonderful Life pla\u0161a spektra CBD e\u013c\u013ca ir izcilas kvalit\u0101tes un ir viena no lab\u0101kaj\u0101m iesp\u0113j\u0101m tirg\u016b. Pudele satur 3000 mg CBD, un ieteicam\u0101 deva ir 3-4 pilieni.<\/div>\n<div><\/div>\n<div>E\u013c\u013ca izgatavota no augstas kvalit\u0101tes \u0161\u0137iedras ka\u0146ep\u0113m, kas audz\u0113tas bez pestic\u012bdiem un \u0137\u012bmiskajiem m\u0113slo\u0161anas l\u012bdzek\u013ciem, k\u0101 ar\u012b bez \u0122MO un lipek\u013ca. Tas garant\u0113 dro\u0161u un dabisku produktu.<\/div>\n<div><\/div>\n<ul>\n<li>Lai gan tas ir pilna spektra produkts, tas nesatur THC, ta\u010du taj\u0101 var atrast citus kanabino\u012bdus, piem\u0113ram, CBG, CBDV, CBN, CBC, CBE un CBT.<\/li>\n<li>E\u013c\u013ca ir t\u012bra, bez toksisk\u0101m viel\u0101m un smagajiem met\u0101liem.<\/li>\n<li>Viena pudele ir piem\u0113rota lieto\u0161anai vismaz m\u0113nesi ar m\u0113ren\u0101m dienas dev\u0101m.<\/li>\n<li>Pudel\u0113 ir aptuveni 200 pilieni, katrs satur 15 mg CBD.<\/li>\n<li>Katras partijas sast\u0101vs tiek r\u016bp\u012bgi p\u0101rbaud\u012bts laboratorij\u0101s, lai nodro\u0161in\u0101tu prec\u012bzu CBD daudzumu.<\/li>\n<li>Tas satur ar\u012b ka\u0146epju s\u0113klu e\u013c\u013cu, kas bag\u0101ta ar Omega-3 un Omega-6 tauksk\u0101b\u0113m un E vitam\u012bnu.<\/li>\n<li>E\u013c\u013ca tiek ieg\u016bta, izmantojot dro\u0161u superkritisko CO2 ekstrakcijas procesu LRP sertific\u0113t\u0101 farmaceitisk\u0101s kvalit\u0101tes laboratorij\u0101.<\/li>\n<li>THC saturs produkt\u0101 ir nulle, t\u0101p\u0113c tas neizraisa psihoakt\u012bvus efektus.<\/li>\n<\/ul>\n<p>&nbsp;<\/p>\n<div>Ra\u017eot\u0101js: H Drop<\/div>\n<div>Izcelsmes valsts: Lietuva<\/div>\n<div>Sast\u0101vda\u013cas: Cannabis Sativa s\u0113klu e\u013c\u013ca, Cannabis Sativa lapu ekstrakts, kanabinols, melaton\u012bns.<\/div>\n<div><\/div>\n<div>Ra\u017eot\u0101js: H Drop<\/div>\n<div>Izcelsmes valsts: Lietuva<\/div>\n<div>Sast\u0101vda\u013cas: Cannabis Sativa s\u0113klu e\u013c\u013ca, Cannabis Sativa lapu ekstrakts, kanabinols, melaton\u012bns.<\/div>\n<div><\/div>\n<div><\/div>\n<div><strong>Lieto\u0161ana:<\/strong><\/div>\n<div><\/div>\n<div><\/div>\n<div>Ier\u012bv\u0113 3-4 pilienus uz v\u0113lam\u0101s \u0137erme\u0146a da\u013cas, 2 reizes dien\u0101. Pirms lieto\u0161anas sakratiet.<\/div>\n<div><\/div>\n<div><\/div>\n<div><\/div>\n<div><strong>Uzglab\u0101\u0161anas nosac\u012bjumi:<\/strong><\/div>\n<div><\/div>\n<div><\/div>\n<div>Uzglab\u0101t istabas temperat\u016br\u0101, prom no tie\u0161iem saules stariem un b\u0113rniem nepieejam\u0101 viet\u0101. Izvairieties no saskares ar ac\u012bm.<\/div>\n<div><\/div>\n<div><\/div>\n<div><strong>Piez\u012bme:<\/strong><\/div>\n<div><\/div>\n<div>Augst\u0101s koncentr\u0101cij\u0101s e\u013c\u013ca var kristaliz\u0113ties. Tas nav defekts \u2013 vienk\u0101r\u0161i nedaudz uzsildiet to, piem\u0113ram, ievietojot pudeli silt\u0101 \u016bden\u012b.<\/div>\n","protected":false},"excerpt":{"rendered":"<div>H drop Wonderful Life 30% pilna spektra CBD e\u013c\u013ca. \u0160aj\u0101 pudel\u0113 ir pat 3000 mg CBD, kas par\u0101da t\u0101s t\u012br\u012bbu. Ieteicam\u0101 deva: 3-4 pilieni. Ra\u017eo\u0161anas laik\u0101 tiek izmantotas tikai sertific\u0113tas, kvalitat\u012bvas \u0161\u0137iedras ka\u0146epes, kuras audz\u0113 bez pestic\u012bdiem un \u0137\u012bmisk\u0101m piedev\u0101m. Rezult\u0101t\u0101 produkts ir bez glut\u0113na un bez \u0122MO.<\/div>\n<div><\/div>\n<div><strong>Cilv\u0113ki bie\u017ei piedz\u012bvo nogurumu, bezmiegu un stresu. Cilv\u0113kam \u013coti svar\u012bgs ir kvalitat\u012bvs miegs un miers, bez iek\u0161\u0113j\u0101 miera k\u013c\u016bstam aizkaitin\u0101mi un nelaim\u012bgi.<\/strong><\/div>\n<div><\/div>\n<div><\/div>\n<div><strong>Tilpums: 10 ml.<\/strong><\/div>\n","protected":false},"featured_media":37570,"comment_status":"open","ping_status":"closed","template":"","meta":{"inline_featured_image":false},"product_brand":[],"product_cat":[87],"product_tag":[],"class_list":{"0":"post-37910","1":"product","2":"type-product","3":"status-publish","4":"has-post-thumbnail","6":"product_cat-lv-cbd-ella","8":"first","9":"instock","10":"shipping-taxable","11":"purchasable","12":"product-type-simple"},"_links":{"self":[{"href":"https:\/\/loosen.lt\/lv\/wp-json\/wp\/v2\/product\/37910","targetHints":{"allow":["GET"]}}],"collection":[{"href":"https:\/\/loosen.lt\/lv\/wp-json\/wp\/v2\/product"}],"about":[{"href":"https:\/\/loosen.lt\/lv\/wp-json\/wp\/v2\/types\/product"}],"replies":[{"embeddable":true,"href":"https:\/\/loosen.lt\/lv\/wp-json\/wp\/v2\/comments?post=37910"}],"wp:featuredmedia":[{"embeddable":true,"href":"https:\/\/loosen.lt\/lv\/wp-json\/wp\/v2\/media\/37570"}],"wp:attachment":[{"href":"https:\/\/loosen.lt\/lv\/wp-json\/wp\/v2\/media?parent=37910"}],"wp:term":[{"taxonomy":"product_brand","embeddable":true,"href":"https:\/\/loosen.lt\/lv\/wp-json\/wp\/v2\/product_brand?post=37910"},{"taxonomy":"product_cat","embeddable":true,"href":"https:\/\/loosen.lt\/lv\/wp-json\/wp\/v2\/product_cat?post=37910"},{"taxonomy":"product_tag","embeddable":true,"href":"https:\/\/loosen.lt\/lv\/wp-json\/wp\/v2\/product_tag?post=37910"}],"curies":[{"name":"wp","href":"https:\/\/api.w.org\/{rel}","templated":true}]}}