{"id":37911,"date":"2024-10-03T09:37:24","date_gmt":"2024-10-03T09:37:24","guid":{"rendered":"https:\/\/loosen.lt\/produktas\/cannaline-bez-thc-30-mct-plasa-spektra-cbd-ella\/"},"modified":"2025-07-22T12:24:04","modified_gmt":"2025-07-22T12:24:04","slug":"cannaline-bez-thc-30-mct-plasa-spektra-cbd-ella","status":"publish","type":"product","link":"https:\/\/loosen.lt\/lv\/produkts\/cannaline-bez-thc-30-mct-plasa-spektra-cbd-ella\/","title":{"rendered":"Cannaline BEZ THC 30% MCT pla\u0161a spektra CBD e\u013c\u013ca"},"content":{"rendered":"<div>Cannaline THC BEZ MAKSAS 30% CBD e\u013c\u013ca ar MCT ir viena no sp\u0113c\u012bg\u0101kaj\u0101m un augst\u0101k\u0101s kvalit\u0101tes pla\u0161a spektra e\u013c\u013c\u0101m tirg\u016b. Pudele satur 3000 mg t\u012bra CBD, kas liecina par t\u0101 augsto efektivit\u0101ti. Ieteicams lietot 5-8 pilienus.<\/div>\n<div><\/div>\n<ul>\n<li>\u0160\u012b e\u013c\u013ca ir izgatavota no augst\u0101k\u0101s kvalit\u0101tes \u0161\u0137iedras ka\u0146ep\u0113m, kas audz\u0113tas bez pestic\u012bdiem vai \u0137\u012bmisk\u0101m piedev\u0101m.<\/li>\n<li>Ka\u0146epes ir dabiskas izcelsmes, bez \u0122MO un bez lipek\u013ca, t\u0101p\u0113c produkts ir dro\u0161s.<\/li>\n<li>E\u013c\u013ca satur tikai t\u012bru CBD, bez citiem kanabino\u012bdiem, toks\u012bniem vai smagajiem met\u0101liem.<\/li>\n<li>Pudel\u0113 ir 10 ml e\u013c\u013cas, kas ir aptuveni 200 pilieni, un katrs piliens satur aptuveni 15 mg CBD.<\/li>\n<li>Produkta kvalit\u0101ti un sast\u0101vu apliecina sertifik\u0101ti.<\/li>\n<li>CBD tiek ieg\u016bts, izmantojot dab\u012bg\u0101 spirta ekstrakcijas metodi, un e\u013c\u013ca piln\u012bb\u0101 nesatur THC, t\u0101p\u0113c tai nav psihoakt\u012bvas iedarb\u012bbas.<\/li>\n<\/ul>\n<p>&nbsp;<\/p>\n<p>&nbsp;<\/p>\n<div>Ra\u017eot\u0101js: Cannaline<\/div>\n<div>Izcelsmes valsts: \u010cehija<\/div>\n<div>CBD e\u013c\u013cas sast\u0101vs: ka\u0146epju s\u0113klu e\u013c\u013ca, Cannabis Sativa L. ka\u0146epju ziedu ekstrakts.<\/div>\n<div><\/div>\n<div><\/div>\n<div>Tas ra\u017eots uz izv\u0113l\u0113tu izejvielu b\u0101zes, t\u0101p\u0113c atbilst visaugst\u0101kaj\u0101m kvalit\u0101tes pras\u012bb\u0101m.<\/div>\n<div><\/div>\n<div><strong>Lieto\u0161ana:<\/strong><\/div>\n<div><\/div>\n<div>Kosm\u0113tika, ier\u012bv\u0113 3-4 pilienus uz v\u0113lamaj\u0101m \u0137erme\u0146a da\u013c\u0101m, 2 reizes dien\u0101.<\/div>\n<div><\/div>\n<div><\/div>\n<div><strong>Uzglab\u0101\u0161anas nosac\u012bjumi:<\/strong> uzglab\u0101t istabas temperat\u016br\u0101, sarg\u0101t no saules gaismas un b\u0113rniem nepieejam\u0101 viet\u0101. Izvairieties no saskares ar ac\u012bm.<\/div>\n<div><\/div>\n<div><\/div>\n<div><\/div>\n<div><strong>Piez\u012bme:<\/strong> Liel\u0101s koncentr\u0101cijas d\u0113\u013c e\u013c\u013ca var izkristaliz\u0113ties, ta\u010du tas nav kvalit\u0101tes defekts \u2013 silda pudeli silt\u0101 \u016bden\u012b, lai iz\u0161\u0137\u012bst.<\/div>\n","protected":false},"excerpt":{"rendered":"<div>Cannaline THC FREE ka\u0146epju e\u013c\u013cai ir rakstur\u012bga augsta efektivit\u0101te un pla\u0161a spektra sast\u0101vs. Katra pudele satur 3000 mg t\u012bra CBD, kas nodro\u0161ina produkta efektivit\u0101ti un kvalit\u0101ti. Ieteicam\u0101 deva ir 5-8 pilieni.<\/div>\n<div><\/div>\n<div>\u0160\u012b e\u013c\u013ca ir izgatavota no sertific\u0113t\u0101m \u0161\u0137iedras ka\u0146ep\u0113m, kuras audz\u0113 bez \u0137\u012bmiskiem m\u0113slo\u0161anas l\u012bdzek\u013ciem un pestic\u012bdiem, t\u0101p\u0113c produkts ir bez \u0122MO un lipek\u013ca. T\u0101 ir dabiska un laba izv\u0113le, kas atbilst visaugst\u0101kajiem standartiem.<\/div>\n<div><\/div>\n<div><strong>Cilv\u0113ki bie\u017ei piedz\u012bvo nogurumu, bezmiegu un stresu. Cilv\u0113kam \u013coti svar\u012bgs ir kvalitat\u012bvs miegs un miers, bez iek\u0161\u0113j\u0101 miera k\u013c\u016bstam aizkaitin\u0101mi un nelaim\u012bgi.<\/strong><\/div>\n","protected":false},"featured_media":37617,"comment_status":"open","ping_status":"closed","template":"","meta":{"inline_featured_image":false},"product_brand":[],"product_cat":[87],"product_tag":[],"class_list":{"0":"post-37911","1":"product","2":"type-product","3":"status-publish","4":"has-post-thumbnail","6":"product_cat-lv-cbd-ella","8":"first","9":"instock","10":"shipping-taxable","11":"purchasable","12":"product-type-simple"},"_links":{"self":[{"href":"https:\/\/loosen.lt\/lv\/wp-json\/wp\/v2\/product\/37911","targetHints":{"allow":["GET"]}}],"collection":[{"href":"https:\/\/loosen.lt\/lv\/wp-json\/wp\/v2\/product"}],"about":[{"href":"https:\/\/loosen.lt\/lv\/wp-json\/wp\/v2\/types\/product"}],"replies":[{"embeddable":true,"href":"https:\/\/loosen.lt\/lv\/wp-json\/wp\/v2\/comments?post=37911"}],"wp:featuredmedia":[{"embeddable":true,"href":"https:\/\/loosen.lt\/lv\/wp-json\/wp\/v2\/media\/37617"}],"wp:attachment":[{"href":"https:\/\/loosen.lt\/lv\/wp-json\/wp\/v2\/media?parent=37911"}],"wp:term":[{"taxonomy":"product_brand","embeddable":true,"href":"https:\/\/loosen.lt\/lv\/wp-json\/wp\/v2\/product_brand?post=37911"},{"taxonomy":"product_cat","embeddable":true,"href":"https:\/\/loosen.lt\/lv\/wp-json\/wp\/v2\/product_cat?post=37911"},{"taxonomy":"product_tag","embeddable":true,"href":"https:\/\/loosen.lt\/lv\/wp-json\/wp\/v2\/product_tag?post=37911"}],"curies":[{"name":"wp","href":"https:\/\/api.w.org\/{rel}","templated":true}]}}