{"id":38028,"date":"2024-10-04T11:20:39","date_gmt":"2024-10-04T11:20:39","guid":{"rendered":"https:\/\/loosen.lt\/produktas\/eighty8-cbd-kanepju-ekstrakts-90\/"},"modified":"2024-10-04T11:20:39","modified_gmt":"2024-10-04T11:20:39","slug":"eighty8-cbd-kanepju-ekstrakts-90","status":"publish","type":"product","link":"https:\/\/loosen.lt\/lv\/produkts\/eighty8-cbd-kanepju-ekstrakts-90\/","title":{"rendered":"Eighty8 CBD ka\u0146epju ekstrakts 90%"},"content":{"rendered":"<div>\u0160is produkts ir izgatavots no r\u016bpniecisk\u0101m ka\u0146epju \u0161\u0137irn\u0113m, kas apstiprin\u0101tas un iek\u013cautas Eiropas Savien\u012bbas ofici\u0101laj\u0101 sarakst\u0101. Tas satur 100% Cannabis Sativa L. ziedus bez s\u0113kl\u0101m. Produkts piln\u012bb\u0101 atbilst ES ties\u012bbu aktiem, un to var br\u012bvi lietot un p\u0101rdot Eiropas tirg\u016b.<\/div>\n<div><\/div>\n<div>Gredzenos ir atrodamas vair\u0101kas dabiskas vielas, piem\u0113ram, CBD, CBDA, CBDV, CBG, CBGA, CBC, CBN, THC, THCV, THCA, k\u0101 ar\u012b fenoli, flavono\u012bdi un terp\u0113ni. THC l\u012bmenis nep\u0101rsniedz 0,2%, t\u0101p\u0113c produktam nav psihoakt\u012bvas iedarb\u012bbas. Tas ir piln\u012bgi dab\u012bgs un bez jebk\u0101d\u0101m \u0123en\u0113tiski modific\u0113t\u0101m sast\u0101vda\u013c\u0101m.<\/div>\n<div><\/div>\n<div>Ra\u017eot\u0101js: Eighty8<\/div>\n<div>Izcelsmes valsts: \u010cehija<\/div>\n<div>Sast\u0101vs: CBD ka\u0146epju ziedu ekstrakts.<\/div>\n<div>Ka\u0146epju sugas: Cannabis Sativa L.<\/div>\n<div>THC saturs: &lt;0,2%<\/div>\n<div>CBD saturs: &lt;90%<\/div>\n<div><\/div>\n<div>Prece tiek p\u0101rdota k\u0101 suven\u012brs vai kolekcion\u0101ra priek\u0161mets. Tas nav paredz\u0113ts pat\u0113ri\u0146am vai dedzin\u0101\u0161anai.<\/div>\n<div><\/div>\n<div><strong>Uzglab\u0101\u0161anas nosac\u012bjumi:<\/strong> uzglab\u0101t istabas temperat\u016br\u0101, sarg\u0101t no saules gaismas un b\u0113rniem nepieejam\u0101 viet\u0101. Izvairieties no saskares ar ac\u012bm.<\/div>\n","protected":false},"excerpt":{"rendered":"<div>Eighty8 CBD ka\u0146epju ekstrakts 90% izce\u013cas ar spilgtu un svaigu citrusaug\u013cu arom\u0101tu, nodro\u0161inot izcilu arom\u0101tisku pieredzi.<\/div>\n<div><\/div>\n<div><\/div>\n<div><\/div>\n<div><strong>Neto daudzums: 1 g.<\/strong><\/div>\n<div><\/div>\n<div><\/div>\n<div><\/div>\n<div><strong>Cilv\u0113ki bie\u017ei piedz\u012bvo nogurumu, bezmiegu un stresu. Cilv\u0113kam \u013coti svar\u012bgs ir kvalitat\u012bvs miegs un miers, bez iek\u0161\u0113j\u0101 miera k\u013c\u016bstam aizkaitin\u0101mi un nelaim\u012bgi.<\/strong><\/div>\n","protected":false},"featured_media":37860,"comment_status":"open","ping_status":"closed","template":"","meta":{"inline_featured_image":false},"product_brand":[],"product_cat":[88],"product_tag":[],"class_list":{"0":"post-38028","1":"product","2":"type-product","3":"status-publish","4":"has-post-thumbnail","6":"product_cat-kanepju-ziedi","8":"first","9":"outofstock","10":"shipping-taxable","11":"purchasable","12":"product-type-simple"},"_links":{"self":[{"href":"https:\/\/loosen.lt\/lv\/wp-json\/wp\/v2\/product\/38028","targetHints":{"allow":["GET"]}}],"collection":[{"href":"https:\/\/loosen.lt\/lv\/wp-json\/wp\/v2\/product"}],"about":[{"href":"https:\/\/loosen.lt\/lv\/wp-json\/wp\/v2\/types\/product"}],"replies":[{"embeddable":true,"href":"https:\/\/loosen.lt\/lv\/wp-json\/wp\/v2\/comments?post=38028"}],"wp:featuredmedia":[{"embeddable":true,"href":"https:\/\/loosen.lt\/lv\/wp-json\/wp\/v2\/media\/37860"}],"wp:attachment":[{"href":"https:\/\/loosen.lt\/lv\/wp-json\/wp\/v2\/media?parent=38028"}],"wp:term":[{"taxonomy":"product_brand","embeddable":true,"href":"https:\/\/loosen.lt\/lv\/wp-json\/wp\/v2\/product_brand?post=38028"},{"taxonomy":"product_cat","embeddable":true,"href":"https:\/\/loosen.lt\/lv\/wp-json\/wp\/v2\/product_cat?post=38028"},{"taxonomy":"product_tag","embeddable":true,"href":"https:\/\/loosen.lt\/lv\/wp-json\/wp\/v2\/product_tag?post=38028"}],"curies":[{"name":"wp","href":"https:\/\/api.w.org\/{rel}","templated":true}]}}