{"id":38030,"date":"2024-10-04T14:11:40","date_gmt":"2024-10-04T14:11:40","guid":{"rendered":"https:\/\/loosen.lt\/produktas\/eighty8-cbd-hasiss-25\/"},"modified":"2024-10-04T14:11:40","modified_gmt":"2024-10-04T14:11:40","slug":"eighty8-cbd-hasiss-25","status":"publish","type":"product","link":"https:\/\/loosen.lt\/lv\/produkts\/eighty8-cbd-hasiss-25\/","title":{"rendered":"Eighty8 CBD ha\u0161i\u0161s 25%"},"content":{"rendered":"<div>\u0160is produkts ir izgatavots no r\u016bpniecisk\u0101m ka\u0146epju \u0161\u0137irn\u0113m, kas apstiprin\u0101tas un iek\u013cautas Eiropas Savien\u012bbas ofici\u0101laj\u0101 sarakst\u0101. Tas satur 100% Cannabis Sativa L. ziedus bez s\u0113kl\u0101m. Produkts piln\u012bb\u0101 atbilst ES ties\u012bbu aktiem, un to var br\u012bvi lietot un p\u0101rdot Eiropas tirg\u016b.<\/div>\n<div><\/div>\n<div>Gredzenos ir atrodamas vair\u0101kas dabiskas vielas, piem\u0113ram, CBD, CBDA, CBDV, CBG, CBGA, CBC, CBN, THC, THCV, THCA, k\u0101 ar\u012b fenoli, flavono\u012bdi un terp\u0113ni. THC l\u012bmenis nep\u0101rsniedz 0,2%, t\u0101p\u0113c produktam nav psihoakt\u012bvas iedarb\u012bbas. Tas ir piln\u012bgi dab\u012bgs un bez jebk\u0101d\u0101m \u0123en\u0113tiski modific\u0113t\u0101m sast\u0101vda\u013c\u0101m.<\/div>\n<div><\/div>\n<div>Ra\u017eot\u0101js: Eighty8<\/div>\n<div>Izcelsmes valsts: \u010cehija<\/div>\n<div>Sast\u0101vda\u013cas: CBD ka\u0146epju ziedi.<\/div>\n<div>Ka\u0146epju sugas: Cannabis Sativa L.<\/div>\n<div>THC saturs: &lt;0,2%<\/div>\n<div>CBD saturs: 25%<\/div>\n<div><\/div>\n<div><\/div>\n<div><\/div>\n<div>Prece tiek p\u0101rdota k\u0101 suven\u012brs vai kolekcion\u0101ra priek\u0161mets. Tas nav paredz\u0113ts pat\u0113ri\u0146am vai dedzin\u0101\u0161anai.<\/div>\n<div><\/div>\n<div><\/div>\n<div><strong>Uzglab\u0101\u0161anas nosac\u012bjumi:<\/strong> uzglab\u0101t istabas temperat\u016br\u0101, sarg\u0101t no saules gaismas un b\u0113rniem nepieejam\u0101 viet\u0101. Izvairieties no saskares ar ac\u012bm.<\/div>\n","protected":false},"excerpt":{"rendered":"<div>Eighty8 CBD Hashish 25% ir intens\u012bvs un pikants arom\u0101ts. Ra\u017eo\u0161anas proces\u0101 netika izmantoti \u0161\u0137\u012bdin\u0101t\u0101ji; t\u0101 viet\u0101 sve\u0137u ekstrah\u0113\u0161anai tika izmantota augstspiediena metode, kas saglab\u0101 visus dabiskos kanabino\u012bdus un terp\u0113nus. Tas nodro\u0161ina izcilu \u0161\u012b produkta kvalit\u0101tes l\u012bmeni.<\/div>\n<div><\/div>\n<div><\/div>\n<div><\/div>\n<div><strong>Neto daudzums: 1 g.<\/strong><\/div>\n<div><\/div>\n<div><strong>Cilv\u0113ki bie\u017ei piedz\u012bvo nogurumu, bezmiegu un stresu. Cilv\u0113kam \u013coti svar\u012bgs ir kvalitat\u012bvs miegs un miers, bez iek\u0161\u0113j\u0101 miera k\u013c\u016bstam aizkaitin\u0101mi un nelaim\u012bgi.<\/strong><\/div>\n","protected":false},"featured_media":37869,"comment_status":"open","ping_status":"closed","template":"","meta":{"inline_featured_image":false},"product_brand":[],"product_cat":[88],"product_tag":[],"class_list":{"0":"post-38030","1":"product","2":"type-product","3":"status-publish","4":"has-post-thumbnail","6":"product_cat-kanepju-ziedi","8":"first","9":"outofstock","10":"shipping-taxable","11":"purchasable","12":"product-type-simple"},"_links":{"self":[{"href":"https:\/\/loosen.lt\/lv\/wp-json\/wp\/v2\/product\/38030","targetHints":{"allow":["GET"]}}],"collection":[{"href":"https:\/\/loosen.lt\/lv\/wp-json\/wp\/v2\/product"}],"about":[{"href":"https:\/\/loosen.lt\/lv\/wp-json\/wp\/v2\/types\/product"}],"replies":[{"embeddable":true,"href":"https:\/\/loosen.lt\/lv\/wp-json\/wp\/v2\/comments?post=38030"}],"wp:featuredmedia":[{"embeddable":true,"href":"https:\/\/loosen.lt\/lv\/wp-json\/wp\/v2\/media\/37869"}],"wp:attachment":[{"href":"https:\/\/loosen.lt\/lv\/wp-json\/wp\/v2\/media?parent=38030"}],"wp:term":[{"taxonomy":"product_brand","embeddable":true,"href":"https:\/\/loosen.lt\/lv\/wp-json\/wp\/v2\/product_brand?post=38030"},{"taxonomy":"product_cat","embeddable":true,"href":"https:\/\/loosen.lt\/lv\/wp-json\/wp\/v2\/product_cat?post=38030"},{"taxonomy":"product_tag","embeddable":true,"href":"https:\/\/loosen.lt\/lv\/wp-json\/wp\/v2\/product_tag?post=38030"}],"curies":[{"name":"wp","href":"https:\/\/api.w.org\/{rel}","templated":true}]}}