{"id":38032,"date":"2024-10-04T14:36:46","date_gmt":"2024-10-04T14:36:46","guid":{"rendered":"https:\/\/loosen.lt\/produktas\/bubba-kush-kanepju-ziedi-25-3g\/"},"modified":"2026-02-24T15:45:03","modified_gmt":"2026-02-24T15:45:03","slug":"bubba-kush-kanepju-ziedi-25-3g","status":"publish","type":"product","link":"https:\/\/loosen.lt\/lv\/produkts\/bubba-kush-kanepju-ziedi-25-3g\/","title":{"rendered":"Bubba Kush ka\u0146epju ziedi 25% 3g"},"content":{"rendered":"<div>\u0160ie ka\u0146epju ziedi ir audz\u0113ti no s\u0113kl\u0101m, kas apstiprin\u0101tas Eiropas Savien\u012bb\u0101. Prece ir piln\u012bb\u0101 leg\u0101la Eiropas Savien\u012bb\u0101, \u013caujot to lietot un p\u0101rdot. THC koncentr\u0101cija nep\u0101rsniedz 0,2%. Nav izmantotas \u0123en\u0113tiski modific\u0113tas sast\u0101vda\u013cas, t\u0101p\u0113c produkts ir piln\u012bgi dabisks.<\/div>\n<div><\/div>\n<div>Produkts: ka\u0146epju ziedu t\u0113ja.<\/div>\n<div>Ra\u017eot\u0101js: Baltic Shamans Farm<\/div>\n<div>Izcelsmes valsts: Lietuva<\/div>\n<div>Sast\u0101vda\u013cas: \u0160\u0137iedrainie ka\u0146epju ziedi.<\/div>\n<div>Ka\u0146epju sugas: Cannabis Sativa L.<\/div>\n<div>Lab\u0101kais pirms: skatieties uz iepakojuma.<\/div>\n<div>Neto daudzums: 3g<\/div>\n<div>THC saturs: &lt;0,2%<\/div>\n<div>CBD: 25%<\/div>\n<div><\/div>\n<div><\/div>\n<div><\/div>\n<div><strong>Lieto\u0161ana:<\/strong><\/div>\n<div><\/div>\n<div>Pagatavo\u0161ana: 450 ml \/ 0,5g \/ 95\u00b0C \/ 5-8 min.<\/div>\n<div><\/div>\n<div><strong>Uzglab\u0101\u0161anas nosac\u012bjumi:<\/strong> uzglab\u0101t istabas temperat\u016br\u0101, sarg\u0101t no saules gaismas un b\u0113rniem nepieejam\u0101 viet\u0101. Izvairieties no saskares ar ac\u012bm.<\/div>\n","protected":false},"excerpt":{"rendered":"<div>**Bubba Kush ka\u0146epju ziediem** ir salda \u0161okol\u0101des un kafijas smar\u017ea. \u0160is celms, kura izcelsme ir ASV, \u012bpa\u0161i \u0145\u016borle\u0101n\u0101, tika izveidots, krustojot OG Kush ar citu nezin\u0101mu Indica celmu. OG Kush ir viens no slaven\u0101kajiem Indik\u0101 domin\u0113jo\u0161ajiem ka\u0146epju celmiem.<\/div>\n<div><\/div>\n<div><\/div>\n<div><\/div>\n<div><strong>Neto daudzums: 3g<\/strong><\/div>\n<div><\/div>\n<div><strong>Cilv\u0113ki bie\u017ei piedz\u012bvo nogurumu, bezmiegu un stresu. Cilv\u0113kam \u013coti svar\u012bgs ir kvalitat\u012bvs miegs un miers, bez iek\u0161\u0113j\u0101 miera k\u013c\u016bstam aizkaitin\u0101mi un nelaim\u012bgi.<\/strong><\/div>\n","protected":false},"featured_media":37878,"comment_status":"open","ping_status":"closed","template":"","meta":{"inline_featured_image":false},"product_brand":[],"product_cat":[161,88],"product_tag":[],"class_list":{"0":"post-38032","1":"product","2":"type-product","3":"status-publish","4":"has-post-thumbnail","6":"product_cat-akcijas","7":"product_cat-kanepju-ziedi","9":"first","10":"outofstock","11":"sale","12":"shipping-taxable","13":"purchasable","14":"product-type-simple"},"_links":{"self":[{"href":"https:\/\/loosen.lt\/lv\/wp-json\/wp\/v2\/product\/38032","targetHints":{"allow":["GET"]}}],"collection":[{"href":"https:\/\/loosen.lt\/lv\/wp-json\/wp\/v2\/product"}],"about":[{"href":"https:\/\/loosen.lt\/lv\/wp-json\/wp\/v2\/types\/product"}],"replies":[{"embeddable":true,"href":"https:\/\/loosen.lt\/lv\/wp-json\/wp\/v2\/comments?post=38032"}],"wp:featuredmedia":[{"embeddable":true,"href":"https:\/\/loosen.lt\/lv\/wp-json\/wp\/v2\/media\/37878"}],"wp:attachment":[{"href":"https:\/\/loosen.lt\/lv\/wp-json\/wp\/v2\/media?parent=38032"}],"wp:term":[{"taxonomy":"product_brand","embeddable":true,"href":"https:\/\/loosen.lt\/lv\/wp-json\/wp\/v2\/product_brand?post=38032"},{"taxonomy":"product_cat","embeddable":true,"href":"https:\/\/loosen.lt\/lv\/wp-json\/wp\/v2\/product_cat?post=38032"},{"taxonomy":"product_tag","embeddable":true,"href":"https:\/\/loosen.lt\/lv\/wp-json\/wp\/v2\/product_tag?post=38032"}],"curies":[{"name":"wp","href":"https:\/\/api.w.org\/{rel}","templated":true}]}}