{"id":38033,"date":"2024-10-04T14:49:31","date_gmt":"2024-10-04T14:49:31","guid":{"rendered":"https:\/\/loosen.lt\/produktas\/shanti-garden-kanepju-ziedi-14-3g\/"},"modified":"2025-08-06T14:19:19","modified_gmt":"2025-08-06T14:19:19","slug":"shanti-garden-kanepju-ziedi-14-3g","status":"publish","type":"product","link":"https:\/\/loosen.lt\/lv\/produkts\/shanti-garden-kanepju-ziedi-14-3g\/","title":{"rendered":"Shanti Garden ka\u0146epju ziedi 14% 3g"},"content":{"rendered":"<div>\u0160ie ka\u0146epju ziedi ir audz\u0113ti no s\u0113kl\u0101m, kas apstiprin\u0101tas Eiropas Savien\u012bb\u0101. Prece ir piln\u012bb\u0101 leg\u0101la Eiropas Savien\u012bb\u0101, \u013caujot to lietot un p\u0101rdot. THC koncentr\u0101cija nep\u0101rsniedz 0,2%. Nav izmantotas \u0123en\u0113tiski modific\u0113tas sast\u0101vda\u013cas, t\u0101p\u0113c produkts ir piln\u012bgi dabisks.<\/div>\n<div><\/div>\n<div><\/div>\n<div><\/div>\n<div>Produkts: ka\u0146epju ziedu t\u0113ja.<\/div>\n<div>Ra\u017eot\u0101js: Baltic Shamans Farm<\/div>\n<div>Izcelsmes valsts: Lietuva<\/div>\n<div>Sast\u0101vda\u013cas: \u0160\u0137iedrainie ka\u0146epju ziedi.<\/div>\n<div>Ka\u0146epju sugas: Cannabis Sativa L.<\/div>\n<div>Lab\u0101kais pirms: skatieties uz iepakojuma.<\/div>\n<div>Neto daudzums: 3g<\/div>\n<div>THC saturs: &lt;0,2%<\/div>\n<div>CBD: 14%<\/div>\n<div><\/div>\n<div><\/div>\n<div><strong>Lieto\u0161ana:<\/strong><\/div>\n<div><\/div>\n<div>Pagatavo\u0161ana: 450 ml \/ 0,5g \/ 95\u00b0C \/ 5-8 min.<\/div>\n<div><\/div>\n<div><strong>Uzglab\u0101\u0161anas nosac\u012bjumi:<\/strong> uzglab\u0101t istabas temperat\u016br\u0101, sarg\u0101t no saules gaismas un b\u0113rniem nepieejam\u0101 viet\u0101. Izvairieties no saskares ar ac\u012bm.<\/div>\n","protected":false},"excerpt":{"rendered":"<div>Shanti Garden ka\u0146epju ziedi izstaro atsvaidzino\u0161u saldo citrusaug\u013cu un kr\u0113mveida arom\u0101ta kombin\u0101ciju.<\/div>\n<div><\/div>\n<div><\/div>\n<div><\/div>\n<div><strong>Neto daudzums: 3g<\/strong><\/div>\n<div><\/div>\n<div><strong>Cilv\u0113ki bie\u017ei piedz\u012bvo nogurumu, bezmiegu un stresu. Cilv\u0113kam \u013coti svar\u012bgs ir kvalitat\u012bvs miegs un miers, bez iek\u0161\u0113j\u0101 miera k\u013c\u016bstam aizkaitin\u0101mi un nelaim\u012bgi.<\/strong><\/div>\n","protected":false},"featured_media":37888,"comment_status":"open","ping_status":"closed","template":"","meta":{"inline_featured_image":false},"product_brand":[],"product_cat":[88],"product_tag":[],"class_list":{"0":"post-38033","1":"product","2":"type-product","3":"status-publish","4":"has-post-thumbnail","6":"product_cat-kanepju-ziedi","8":"first","9":"instock","10":"shipping-taxable","11":"purchasable","12":"product-type-simple"},"_links":{"self":[{"href":"https:\/\/loosen.lt\/lv\/wp-json\/wp\/v2\/product\/38033","targetHints":{"allow":["GET"]}}],"collection":[{"href":"https:\/\/loosen.lt\/lv\/wp-json\/wp\/v2\/product"}],"about":[{"href":"https:\/\/loosen.lt\/lv\/wp-json\/wp\/v2\/types\/product"}],"replies":[{"embeddable":true,"href":"https:\/\/loosen.lt\/lv\/wp-json\/wp\/v2\/comments?post=38033"}],"wp:featuredmedia":[{"embeddable":true,"href":"https:\/\/loosen.lt\/lv\/wp-json\/wp\/v2\/media\/37888"}],"wp:attachment":[{"href":"https:\/\/loosen.lt\/lv\/wp-json\/wp\/v2\/media?parent=38033"}],"wp:term":[{"taxonomy":"product_brand","embeddable":true,"href":"https:\/\/loosen.lt\/lv\/wp-json\/wp\/v2\/product_brand?post=38033"},{"taxonomy":"product_cat","embeddable":true,"href":"https:\/\/loosen.lt\/lv\/wp-json\/wp\/v2\/product_cat?post=38033"},{"taxonomy":"product_tag","embeddable":true,"href":"https:\/\/loosen.lt\/lv\/wp-json\/wp\/v2\/product_tag?post=38033"}],"curies":[{"name":"wp","href":"https:\/\/api.w.org\/{rel}","templated":true}]}}