{"id":38042,"date":"2024-10-04T10:16:53","date_gmt":"2024-10-04T10:16:53","guid":{"rendered":"https:\/\/loosen.lt\/produktas\/canntropy-h4cbd-hash-kanepju-ziedi-50-1g\/"},"modified":"2025-02-20T13:50:24","modified_gmt":"2025-02-20T13:50:24","slug":"canntropy-h4cbd-hash-kanepju-ziedi-50-1g","status":"publish","type":"product","link":"https:\/\/loosen.lt\/lv\/produkts\/canntropy-h4cbd-hash-kanepju-ziedi-50-1g\/","title":{"rendered":"Canntropy H4CBD HASH ka\u0146epju ziedi 50% 1g"},"content":{"rendered":"<div>\u0160is produkts ir izgatavots no sertific\u0113t\u0101m r\u016bpniecisko ka\u0146epju \u0161\u0137irn\u0113m, kas ir iek\u013cautas Eiropas Savien\u012bbas apstiprin\u0101taj\u0101 sarakst\u0101. Produkts satur 100% Cannabis Sativa L. ziedus. Produkts ir likum\u012bgs vis\u0101 ES, un to var br\u012bvi lietot un p\u0101rdot. \u0160\u012bs ka\u0146epju audz\u0113\u0161an\u0101 netika izmantoti \u0137\u012bmiski konservanti. Ziedi ir bez s\u0113kl\u0101m.<\/div>\n<div><\/div>\n<div>Satur da\u017e\u0101das akt\u012bv\u0101s sast\u0101vda\u013cas, piem\u0113ram, CBD, CBDA, CBDV, CBG, CBGA, CBC, CBN, THC, THCV, THCA un da\u017e\u0101dus fenolus, flavono\u012bdus un terp\u0113nus. THC l\u012bmenis ir maz\u0101ks par 0,2%, t\u0101p\u0113c \u0161is produkts neizraisa psihoakt\u012bvus efektus.<\/div>\n<div><\/div>\n<div>Ra\u017eot\u0101js: Cannatropy<\/div>\n<div>Izcelsmes valsts: \u010cehija<\/div>\n<div>Sast\u0101vda\u013cas: CBD ka\u0146epju ziedi\/H4CBD destil\u0101ts<\/div>\n<div>Ka\u0146epju sugas: Cannabis Sativa L.<\/div>\n<div>THC saturs: 0,2%<\/div>\n<div>H4CBD: 50%<\/div>\n<div><\/div>\n<div><strong>Lieto\u0161ana:<\/strong><\/div>\n<div><\/div>\n<div>Produkts paredz\u0113ts r\u016bpnieciskiem, p\u0101rtikas, kosm\u0113tikas un d\u0101rzkop\u012bbas nol\u016bkiem. Produkts nav paredz\u0113ts gala pat\u0113ri\u0146am.<\/div>\n<div><\/div>\n<div><strong>Uzglab\u0101\u0161anas nosac\u012bjumi:<\/strong> uzglab\u0101t istabas temperat\u016br\u0101, sarg\u0101t no saules gaismas un b\u0113rniem nepieejam\u0101 viet\u0101. Izvairieties no saskares ar ac\u012bm.<\/div>\n","protected":false},"excerpt":{"rendered":"<div>\u0160ie H4CBD HASH ka\u0146epju ziedi ir pild\u012bti ar H4CBD ekstraktu. Jums var\u0113tu rasties jaut\u0101jums, kas ir \u0161is materi\u0101ls? B\u016bt\u012bb\u0101 t\u0101 ir modific\u0113ta CBD forma, kuras \u0137\u012bmisk\u0101 strukt\u016bra ir main\u012bta uz H4CBD. Lai CBD k\u013c\u016btu par H4CBD, t\u0101 molekulai tika pievienoti \u010detri papildu \u016bde\u0146ra\u017ea atomi, kas main\u012bja da\u017eas \u0161\u012bs molekulas \u012bpa\u0161\u012bbas. H4CBD b\u016bt\u012bb\u0101 ir \u013coti tuvs CBD, ta\u010du ir p\u0113t\u012bjumi, kas liecina, ka \u0161im sint\u0113tiskajam CBD variantam var b\u016bt sp\u0113c\u012bg\u0101ka ietekme uz noteiktiem nervu receptoriem. Pirm\u0101 H4CBD sint\u0113ze tika veikta jau 1940. gad\u0101. TODD \u200b\u200bvad\u012bt\u0101s p\u0113tniec\u012bbas grupas.<\/div>\n<div><\/div>\n<div><\/div>\n<div><\/div>\n<div><strong>Cilv\u0113ki bie\u017ei piedz\u012bvo nogurumu, bezmiegu un stresu. Cilv\u0113kam \u013coti svar\u012bgs ir kvalitat\u012bvs miegs un miers, bez iek\u0161\u0113j\u0101 miera k\u013c\u016bstam aizkaitin\u0101mi un nelaim\u012bgi.<\/strong><\/div>\n","protected":false},"featured_media":37826,"comment_status":"open","ping_status":"closed","template":"","meta":{"inline_featured_image":false},"product_brand":[],"product_cat":[88],"product_tag":[],"class_list":{"0":"post-38042","1":"product","2":"type-product","3":"status-publish","4":"has-post-thumbnail","6":"product_cat-kanepju-ziedi","8":"first","9":"outofstock","10":"shipping-taxable","11":"purchasable","12":"product-type-simple"},"_links":{"self":[{"href":"https:\/\/loosen.lt\/lv\/wp-json\/wp\/v2\/product\/38042","targetHints":{"allow":["GET"]}}],"collection":[{"href":"https:\/\/loosen.lt\/lv\/wp-json\/wp\/v2\/product"}],"about":[{"href":"https:\/\/loosen.lt\/lv\/wp-json\/wp\/v2\/types\/product"}],"replies":[{"embeddable":true,"href":"https:\/\/loosen.lt\/lv\/wp-json\/wp\/v2\/comments?post=38042"}],"wp:featuredmedia":[{"embeddable":true,"href":"https:\/\/loosen.lt\/lv\/wp-json\/wp\/v2\/media\/37826"}],"wp:attachment":[{"href":"https:\/\/loosen.lt\/lv\/wp-json\/wp\/v2\/media?parent=38042"}],"wp:term":[{"taxonomy":"product_brand","embeddable":true,"href":"https:\/\/loosen.lt\/lv\/wp-json\/wp\/v2\/product_brand?post=38042"},{"taxonomy":"product_cat","embeddable":true,"href":"https:\/\/loosen.lt\/lv\/wp-json\/wp\/v2\/product_cat?post=38042"},{"taxonomy":"product_tag","embeddable":true,"href":"https:\/\/loosen.lt\/lv\/wp-json\/wp\/v2\/product_tag?post=38042"}],"curies":[{"name":"wp","href":"https:\/\/api.w.org\/{rel}","templated":true}]}}