{"id":38043,"date":"2024-10-04T10:51:35","date_gmt":"2024-10-04T10:51:35","guid":{"rendered":"https:\/\/loosen.lt\/produktas\/canapuff-lemon-skunk-kanepju-ziedi-cbd-14\/"},"modified":"2025-08-06T14:16:05","modified_gmt":"2025-08-06T14:16:05","slug":"canapuff-lemon-skunk-kanepju-ziedi-cbd-14","status":"publish","type":"product","link":"https:\/\/loosen.lt\/lv\/produkts\/canapuff-lemon-skunk-kanepju-ziedi-cbd-14\/","title":{"rendered":"CANAPUFF LEMON SKUNK ka\u0146epju ziedi &#8211; CBD 14%"},"content":{"rendered":"<ul>\n<li>\u0160is produkts ir izgatavots no ES apstiprin\u0101t\u0101m r\u016bpnieciskaj\u0101m ka\u0146epju \u0161\u0137irn\u0113m, kas ir iek\u013cautas ofici\u0101laj\u0101 sarakst\u0101. Tas satur 100% Cannabis Sativa L. ziedus.<\/li>\n<li>T\u0101s lieto\u0161ana un p\u0101rdo\u0161ana vis\u0101 Eiropas Savien\u012bb\u0101 ir piln\u012bgi likum\u012bga.<\/li>\n<li>Audz\u0113\u0161anas laik\u0101 netika izmantoti \u0137\u012bmiskie augu aizsardz\u012bbas l\u012bdzek\u013ci<\/li>\n<li>Ziedos nav s\u0113klu.<\/li>\n<li>Produkts satur da\u017e\u0101das sast\u0101vda\u013cas, piem\u0113ram, CBD, CBDA, CBDV, CBG, CBGA, CBC, CBN, THC, THCV, THCA, k\u0101 ar\u012b fenolus, flavono\u012bdus un terp\u0113nus.<\/li>\n<li>THC saturs nep\u0101rsniedz 0,2%, t\u0101p\u0113c produktam nav psihoakt\u012bvas iedarb\u012bbas.<\/li>\n<li>Turkl\u0101t tas ir piln\u012bgi dab\u012bgs, bez jebk\u0101diem \u0123en\u0113tiski modific\u0113tiem organismiem.<\/li>\n<\/ul>\n<div>Ra\u017eot\u0101js: CANAPUFF<\/div>\n<div>Izcelsmes valsts: \u010cehija<\/div>\n<div>Sast\u0101vda\u013cas: CBD ka\u0146epju ziedi.<\/div>\n<div>Ka\u0146epju sugas: Cannabis Sativa L.<\/div>\n<div>THC saturs: &lt;0,2%<\/div>\n<div>CBD saturs: 14%<\/div>\n<div>CBC 1%<\/div>\n<div><\/div>\n<div><\/div>\n<div><\/div>\n<div>Prece tiek p\u0101rdota k\u0101 suven\u012brs vai kolekcion\u0101ra priek\u0161mets. Tas nav paredz\u0113ts pat\u0113ri\u0146am vai dedzin\u0101\u0161anai.<\/div>\n<div><\/div>\n<div><strong>Uzglab\u0101\u0161anas nosac\u012bjumi:<\/strong> uzglab\u0101t istabas temperat\u016br\u0101, sarg\u0101t no saules gaismas un b\u0113rniem nepieejam\u0101 viet\u0101. Izvairieties no saskares ar ac\u012bm.<\/div>\n","protected":false},"excerpt":{"rendered":"<div>\u0160ie ka\u0146epju gredzeni ir ide\u0101la izv\u0113le tiem, kas nov\u0113rt\u0113 visaugst\u0101ko kvalit\u0101tes l\u012bmeni. M\u016bsu CBD ziedi ir audz\u0113ti bez \u0137\u012bmisk\u0101m piedev\u0101m, piln\u012bgi dabiski, t\u0101p\u0113c m\u0113s garant\u0113jam perfektu produktu. Canapuff LEMON SKUNK CBD ka\u0146epju ziediem ir pat\u012bkams, salds arom\u0101ts.<\/div>\n<div><\/div>\n<div><\/div>\n<div><\/div>\n<div><strong>Neto daudzums: 1 g.<\/strong><\/div>\n<div><\/div>\n<div><\/div>\n<div><\/div>\n<div><strong>Cilv\u0113ki bie\u017ei piedz\u012bvo nogurumu, bezmiegu un stresu. Cilv\u0113kam \u013coti svar\u012bgs ir kvalitat\u012bvs miegs un miers, bez iek\u0161\u0113j\u0101 miera k\u013c\u016bstam aizkaitin\u0101mi un nelaim\u012bgi.<\/strong><\/div>\n","protected":false},"featured_media":37846,"comment_status":"open","ping_status":"closed","template":"","meta":{"inline_featured_image":false},"product_brand":[],"product_cat":[88],"product_tag":[],"class_list":{"0":"post-38043","1":"product","2":"type-product","3":"status-publish","4":"has-post-thumbnail","6":"product_cat-kanepju-ziedi","8":"first","9":"outofstock","10":"shipping-taxable","11":"purchasable","12":"product-type-simple"},"_links":{"self":[{"href":"https:\/\/loosen.lt\/lv\/wp-json\/wp\/v2\/product\/38043","targetHints":{"allow":["GET"]}}],"collection":[{"href":"https:\/\/loosen.lt\/lv\/wp-json\/wp\/v2\/product"}],"about":[{"href":"https:\/\/loosen.lt\/lv\/wp-json\/wp\/v2\/types\/product"}],"replies":[{"embeddable":true,"href":"https:\/\/loosen.lt\/lv\/wp-json\/wp\/v2\/comments?post=38043"}],"wp:featuredmedia":[{"embeddable":true,"href":"https:\/\/loosen.lt\/lv\/wp-json\/wp\/v2\/media\/37846"}],"wp:attachment":[{"href":"https:\/\/loosen.lt\/lv\/wp-json\/wp\/v2\/media?parent=38043"}],"wp:term":[{"taxonomy":"product_brand","embeddable":true,"href":"https:\/\/loosen.lt\/lv\/wp-json\/wp\/v2\/product_brand?post=38043"},{"taxonomy":"product_cat","embeddable":true,"href":"https:\/\/loosen.lt\/lv\/wp-json\/wp\/v2\/product_cat?post=38043"},{"taxonomy":"product_tag","embeddable":true,"href":"https:\/\/loosen.lt\/lv\/wp-json\/wp\/v2\/product_tag?post=38043"}],"curies":[{"name":"wp","href":"https:\/\/api.w.org\/{rel}","templated":true}]}}