{"id":38492,"date":"2024-12-11T13:16:54","date_gmt":"2024-12-11T13:16:54","guid":{"rendered":"https:\/\/loosen.lt\/produktas\/piena-sokolade-noesis-dubai-100g\/"},"modified":"2025-02-20T13:29:10","modified_gmt":"2025-02-20T13:29:10","slug":"piena-sokolade-noesis-dubai-100g","status":"publish","type":"product","link":"https:\/\/loosen.lt\/lv\/produkts\/piena-sokolade-noesis-dubai-100g\/","title":{"rendered":"Piena \u0161okol\u0101de NOESIS DUBAI, 100g"},"content":{"rendered":"<div><strong>Inform\u0101cija:<\/strong><\/div>\n<div><\/div>\n<div>Iepakojum\u0101 ir: 0,1 KG<\/div>\n<div>Uzglab\u0101\u0161anas nosac\u012bjumi: Uzglab\u0101t v\u0113s\u0101 un saus\u0101 viet\u0101.<\/div>\n<div>Izcelsmes valsts: Turcija<\/div>\n<div>Pre\u010du z\u012bme: DUBAI<\/div>\n<div><\/div>\n<div><\/div>\n<div><strong>Dubaijas \u0161okol\u0101des sast\u0101vda\u013cas:<\/strong><\/div>\n<div><\/div>\n<div>Piena \u0161okol\u0101de (cukurs, kakao sviests, pilnpiena pulveris, kakao masa, emulgators (SOJAS lecit\u012bns), aromatiz\u0113t\u0101js (vani\u013ca)), PISTA\u010cIJU kr\u0113ms 35% (cukurs, PISTA\u010cIO 9%, augu e\u013c\u013cas (saulespu\u0137u, kokvilna), v\u0101jpiena pulveris, S\u016aKALU pulveris, emulgators (saulespu\u0137u lecit\u012bns), aromatiz\u0113t\u0101js (vani\u013cas)), grauzd\u0113ti kataifi m\u012bklas gabali\u0146i 20% (KVIE\u0160U milti, \u016bdens, s\u0101ls). Var satur\u0113t riekstu p\u0113das. Piena \u0161okol\u0101d\u0113: kakao cietvielas &#8211; vismaz 35%<\/div>\n<div><\/div>\n<div><\/div>\n<div><strong>Dubaijas \u0161okol\u0101des uzturv\u0113rt\u012bba:<\/strong><\/div>\n<div><\/div>\n<div>100 g\/ml:<\/div>\n<div>Ener\u0123\u0113tisk\u0101 v\u0113rt\u012bba \u2013 2 155 kJ\/ 513 kcal; tauki &#8211; 27g, no tiem pies\u0101tin\u0101t\u0101s tauksk\u0101bes &#8211; 10g; og\u013chidr\u0101ti &#8211; 58g, no tiem cukurs &#8211; 34g; olbaltumvielas &#8211; 8,4g; s\u0101ls &#8211; 0,1 g.<\/div>\n","protected":false},"excerpt":{"rendered":"<p>Piena \u0161okol\u0101de NOESIS DUBAI (100 g) p\u0101rsteigs j\u016bs ar savu izcilo gar\u0161u un lieliski sabalans\u0113taj\u0101m sast\u0101vda\u013c\u0101m, kas atspogu\u013co Dubaijas patieso eleganci. \u0160\u012b Dubaijas \u0161okol\u0101de ar pist\u0101cij\u0101m ir ide\u0101la kombin\u0101cija, kas apmierin\u0101s pat izv\u0113l\u012bg\u0101kos gard\u0113\u017eus.<\/p>\n","protected":false},"featured_media":38174,"comment_status":"open","ping_status":"closed","template":"","meta":{"inline_featured_image":false},"product_brand":[],"product_cat":[161,74,156],"product_tag":[],"class_list":{"0":"post-38492","1":"product","2":"type-product","3":"status-publish","4":"has-post-thumbnail","6":"product_cat-akcijas","7":"product_cat-uncategorized-lt","8":"product_cat-kategorizets","10":"first","11":"outofstock","12":"sale","13":"shipping-taxable","14":"purchasable","15":"product-type-simple"},"_links":{"self":[{"href":"https:\/\/loosen.lt\/lv\/wp-json\/wp\/v2\/product\/38492","targetHints":{"allow":["GET"]}}],"collection":[{"href":"https:\/\/loosen.lt\/lv\/wp-json\/wp\/v2\/product"}],"about":[{"href":"https:\/\/loosen.lt\/lv\/wp-json\/wp\/v2\/types\/product"}],"replies":[{"embeddable":true,"href":"https:\/\/loosen.lt\/lv\/wp-json\/wp\/v2\/comments?post=38492"}],"wp:featuredmedia":[{"embeddable":true,"href":"https:\/\/loosen.lt\/lv\/wp-json\/wp\/v2\/media\/38174"}],"wp:attachment":[{"href":"https:\/\/loosen.lt\/lv\/wp-json\/wp\/v2\/media?parent=38492"}],"wp:term":[{"taxonomy":"product_brand","embeddable":true,"href":"https:\/\/loosen.lt\/lv\/wp-json\/wp\/v2\/product_brand?post=38492"},{"taxonomy":"product_cat","embeddable":true,"href":"https:\/\/loosen.lt\/lv\/wp-json\/wp\/v2\/product_cat?post=38492"},{"taxonomy":"product_tag","embeddable":true,"href":"https:\/\/loosen.lt\/lv\/wp-json\/wp\/v2\/product_tag?post=38492"}],"curies":[{"name":"wp","href":"https:\/\/api.w.org\/{rel}","templated":true}]}}