{"id":38493,"date":"2024-12-04T12:31:05","date_gmt":"2024-12-04T12:31:05","guid":{"rendered":"https:\/\/loosen.lt\/produktas\/piena-sokolade-dubai-pistachio-kataifi-barns-100g\/"},"modified":"2025-02-20T13:29:49","modified_gmt":"2025-02-20T13:29:49","slug":"piena-sokolade-dubai-pistachio-kataifi-barns-100g","status":"publish","type":"product","link":"https:\/\/loosen.lt\/lv\/produkts\/piena-sokolade-dubai-pistachio-kataifi-barns-100g\/","title":{"rendered":"Piena \u0161okol\u0101de DUBAI (PISTACHIO KATAIFI B\u0100RNS), 100g"},"content":{"rendered":"<div><strong>Produkts un t\u0101 \u012bpa\u0161\u012bbas:<\/strong><\/div>\n<div><\/div>\n<div>Iepakojum\u0101 ir: 0,1 KG<\/div>\n<div>Uzglab\u0101\u0161anas nosac\u012bjumi: Uzglab\u0101t v\u0113s\u0101 un saus\u0101 viet\u0101.<\/div>\n<div>Izcelsmes valsts: N\u012bderlande<\/div>\n<div>Pre\u010du z\u012bme: DUBAI<\/div>\n<div><\/div>\n<div><\/div>\n<div><\/div>\n<div><\/div>\n<div><\/div>\n<div><strong>Dubaijas \u0161okol\u0101de un sast\u0101vda\u013cas:<\/strong><\/div>\n<div><\/div>\n<div>Cukurs, PISTACIJAS, kakao sviests, pilnpiena pulveris, augu tauki, KVIE\u0160U milti, kakao masa, v\u0101jpiena pulveris, LAKTOZE, saulespu\u0137u e\u013c\u013ca, \u016bdens, emulgatori (SOJAS lecit\u012bns, saulespu\u0137u lecit\u012bns), s\u0101ls, vani\u013cas gar\u0161a, sk\u0101buma regul\u0113t\u0101js (E330) , kr\u0101sviela (E172), koncentr\u0101ti (saflora, spin\u0101ti), maltodekstr\u012bns, saharoze. Piena \u0161okol\u0101d\u0113: kakao cietvielas &#8211; vismaz 33,1%.<\/div>\n<div><\/div>\n<div><strong>Dubaijas \u0161okol\u0101de un uzturv\u0113rt\u012bba:<\/strong><\/div>\n<div><\/div>\n<div>100 g\/ml:<\/div>\n<div>Ener\u0123\u0113tisk\u0101 v\u0113rt\u012bba \u2013 2 244 kJ\/ 536 kcal; tauki &#8211; 33g, no tiem pies\u0101tin\u0101t\u0101s tauksk\u0101bes &#8211; 14g; og\u013chidr\u0101ti &#8211; 53g, no tiem cukurs &#8211; 45g; \u0161\u0137iedrvielas &#8211; 1,6g; olbaltumvielas &#8211; 7,2g; s\u0101ls &#8211; 0,24 g.<\/div>\n","protected":false},"excerpt":{"rendered":"<p>Dubaijas \u0161okol\u0101de ar pist\u0101cij\u0101m beidzot ir ieradusies \u0161eit! \u0160is nav parasts saldums \u2013 t\u0101 ir slaven\u0101 Dubaijas \u0161okol\u0101de ar gardu pist\u0101ciju pild\u012bjumu, kas jau iekarojusi daudzu gard\u0113\u017eu sirdis.<\/p>\n","protected":false},"featured_media":38160,"comment_status":"open","ping_status":"closed","template":"","meta":{"inline_featured_image":false},"product_brand":[],"product_cat":[74,156],"product_tag":[],"class_list":{"0":"post-38493","1":"product","2":"type-product","3":"status-publish","4":"has-post-thumbnail","6":"product_cat-uncategorized-lt","7":"product_cat-kategorizets","9":"first","10":"outofstock","11":"shipping-taxable","12":"purchasable","13":"product-type-simple"},"_links":{"self":[{"href":"https:\/\/loosen.lt\/lv\/wp-json\/wp\/v2\/product\/38493","targetHints":{"allow":["GET"]}}],"collection":[{"href":"https:\/\/loosen.lt\/lv\/wp-json\/wp\/v2\/product"}],"about":[{"href":"https:\/\/loosen.lt\/lv\/wp-json\/wp\/v2\/types\/product"}],"replies":[{"embeddable":true,"href":"https:\/\/loosen.lt\/lv\/wp-json\/wp\/v2\/comments?post=38493"}],"wp:featuredmedia":[{"embeddable":true,"href":"https:\/\/loosen.lt\/lv\/wp-json\/wp\/v2\/media\/38160"}],"wp:attachment":[{"href":"https:\/\/loosen.lt\/lv\/wp-json\/wp\/v2\/media?parent=38493"}],"wp:term":[{"taxonomy":"product_brand","embeddable":true,"href":"https:\/\/loosen.lt\/lv\/wp-json\/wp\/v2\/product_brand?post=38493"},{"taxonomy":"product_cat","embeddable":true,"href":"https:\/\/loosen.lt\/lv\/wp-json\/wp\/v2\/product_cat?post=38493"},{"taxonomy":"product_tag","embeddable":true,"href":"https:\/\/loosen.lt\/lv\/wp-json\/wp\/v2\/product_tag?post=38493"}],"curies":[{"name":"wp","href":"https:\/\/api.w.org\/{rel}","templated":true}]}}