{"id":38494,"date":"2024-12-04T12:23:40","date_gmt":"2024-12-04T12:23:40","guid":{"rendered":"https:\/\/loosen.lt\/produktas\/dubai-batonins-pistacio-55g\/"},"modified":"2025-02-20T13:30:29","modified_gmt":"2025-02-20T13:30:29","slug":"dubai-batonins-pistacio-55g","status":"publish","type":"product","link":"https:\/\/loosen.lt\/lv\/produkts\/dubai-batonins-pistacio-55g\/","title":{"rendered":"DUBAI batoni\u0146\u0161 (PISTA\u010cIO), 55g"},"content":{"rendered":"<div><strong>Produkts un t\u0101 \u012bpa\u0161\u012bbas:<\/strong><\/div>\n<div><\/div>\n<div>Daudzums iepakojum\u0101: 0,055 KG<\/div>\n<div>Uzglab\u0101\u0161anas nosac\u012bjumi: Uzglab\u0101t v\u0113s\u0101 un saus\u0101 viet\u0101.<\/div>\n<div>Izcelsmes valsts: Eiropas Savien\u012bba<\/div>\n<div>Pre\u010du z\u012bme: DUBAI<\/div>\n<div><\/div>\n<div><\/div>\n<div><\/div>\n<div><strong>Dubaijas \u0161okol\u0101de un sast\u0101vda\u013cas:<\/strong><\/div>\n<div><\/div>\n<div>Pist\u0101ciju riekstu kr\u0113ms 29%, piena \u0161okol\u0101de 24,7% (cukurs, kakao sviests, pilnpiena pulveris, kakao masa, v\u0101jpiena pulveris, emulgators (saulespu\u0137u lecit\u012bns), aromatiz\u0113t\u0101js (vani\u013ca)), balt\u0101 \u0161okol\u0101de 24,2% (cukurs, kakao sviests, vesels piena pulveris, laktoze (piens), v\u0101jpiena pulveris, emulgators (lecit\u012bni), dab\u012bgs vani\u013cas aromatiz\u0113t\u0101js), cepta kataifi m\u012bkla 19,4% (kvie\u0161u milti (glut\u0113ns), \u016bdens, kvie\u0161u ciete, s\u0101ls, emulgators (sojas lecit\u012bns), rafin\u0113ta saulespu\u0137u e\u013c\u013ca, konservants (E202)), tahini pasta 1,9% (grauzd\u0113tas lob\u012btas sezama s\u0113klas 100% ), emulgators (E476), kr\u0101svielas (E102*, E133), s\u0101ls, \u016bdens. Produkts var satur\u0113t zemesriekstu un citu riekstu p\u0113das. *Var negat\u012bvi ietekm\u0113t b\u0113rnu aktivit\u0101ti un uzman\u012bbu.<\/div>\n<div><\/div>\n<div><\/div>\n<div><\/div>\n<div><strong>Dubaijas \u0161okol\u0101de un uzturv\u0113rt\u012bba:<\/strong><\/div>\n<div><\/div>\n<div>100 g\/ml:<\/div>\n<div>Ener\u0123\u0113tisk\u0101 v\u0113rt\u012bba \u2013 2 142 kJ\/ 512 kcal; tauki &#8211; 30,3g, no tiem pies\u0101tin\u0101t\u0101s tauksk\u0101bes &#8211; 11,4g; og\u013chidr\u0101ti &#8211; 46g, no tiem cukurs &#8211; 30,1g; \u0161\u0137iedraini materi\u0101li &#8211; 0,7g; olbaltumvielas &#8211; 10,9g; s\u0101ls &#8211; 0,43 g.<\/div>\n","protected":false},"excerpt":{"rendered":"<p>Ja esat Dubaijas \u0161okol\u0101des cien\u012bt\u0101js, mums ir jums ekskluz\u012bva iesp\u0113ja, kuru noteikti nev\u0113laties palaist gar\u0101m! \u0160ai Dubaijas \u0161okol\u0101dei ir v\u0113l bag\u0101t\u0101ks pist\u0101ciju pild\u012bjums, t\u0101p\u0113c t\u0101 sag\u0101d\u0101s prieku un nodro\u0161in\u0101s izcilu gar\u0161u.<\/p>\n","protected":false},"featured_media":38156,"comment_status":"open","ping_status":"closed","template":"","meta":{"inline_featured_image":false},"product_brand":[],"product_cat":[74,156],"product_tag":[],"class_list":{"0":"post-38494","1":"product","2":"type-product","3":"status-publish","4":"has-post-thumbnail","6":"product_cat-uncategorized-lt","7":"product_cat-kategorizets","9":"first","10":"outofstock","11":"shipping-taxable","12":"purchasable","13":"product-type-simple"},"_links":{"self":[{"href":"https:\/\/loosen.lt\/lv\/wp-json\/wp\/v2\/product\/38494","targetHints":{"allow":["GET"]}}],"collection":[{"href":"https:\/\/loosen.lt\/lv\/wp-json\/wp\/v2\/product"}],"about":[{"href":"https:\/\/loosen.lt\/lv\/wp-json\/wp\/v2\/types\/product"}],"replies":[{"embeddable":true,"href":"https:\/\/loosen.lt\/lv\/wp-json\/wp\/v2\/comments?post=38494"}],"wp:featuredmedia":[{"embeddable":true,"href":"https:\/\/loosen.lt\/lv\/wp-json\/wp\/v2\/media\/38156"}],"wp:attachment":[{"href":"https:\/\/loosen.lt\/lv\/wp-json\/wp\/v2\/media?parent=38494"}],"wp:term":[{"taxonomy":"product_brand","embeddable":true,"href":"https:\/\/loosen.lt\/lv\/wp-json\/wp\/v2\/product_brand?post=38494"},{"taxonomy":"product_cat","embeddable":true,"href":"https:\/\/loosen.lt\/lv\/wp-json\/wp\/v2\/product_cat?post=38494"},{"taxonomy":"product_tag","embeddable":true,"href":"https:\/\/loosen.lt\/lv\/wp-json\/wp\/v2\/product_tag?post=38494"}],"curies":[{"name":"wp","href":"https:\/\/api.w.org\/{rel}","templated":true}]}}