{"id":38715,"date":"2025-02-11T13:02:45","date_gmt":"2025-02-11T13:02:45","guid":{"rendered":"https:\/\/loosen.lt\/produktas\/sesdesmit-mirkli-60-gab-25mg-cbd-kapsulas-1500mg\/"},"modified":"2025-07-08T16:50:30","modified_gmt":"2025-07-08T16:50:30","slug":"sesdesmit-mirkli-60-gab-25mg-cbd-kapsulas-1500mg","status":"publish","type":"product","link":"https:\/\/loosen.lt\/lv\/produkts\/sesdesmit-mirkli-60-gab-25mg-cbd-kapsulas-1500mg\/","title":{"rendered":"Se\u0161desmit mirk\u013ci \u2013 60 gab. 25mg CBD kapsulas (1500mg)"},"content":{"rendered":"<div><strong>Inform\u0101cija:<\/strong><\/div>\n<div><\/div>\n<ul>\n<li>Iepakojum\u0101 ir 60 kapsulas, katra satur 25 mg CBD.<\/li>\n<li>\u0160is iepakojums nodro\u0161ina vismaz 30 dienu nep\u0101rtrauktu lieto\u0161anu ar optim\u0101l\u0101m dev\u0101m.<\/li>\n<li>Katra ra\u017eo\u0161anas partija tiek p\u0101rbaud\u012bta laboratorij\u0101, nodro\u0161inot prec\u012bzus CBD l\u012bme\u0146us.<\/li>\n<li>Visas psihotrop\u0101s THC vielas tiek piln\u012bb\u0101 iz\u0146emtas.<\/li>\n<li>Produkts ir pilna spektra CBD (bez THC) un satur da\u017e\u0101dus citus kanabino\u012bdus, piem\u0113ram, CBG, CBDV, CBN, CBC, CBE un CBT, kas atrodami \u0161\u0137iedrainaj\u0101s ka\u0146ep\u0113s.<\/li>\n<li>Ka\u0146epju ekstrakcija notiek, izmantojot dro\u0161u superkritisko CO2 tehnolo\u0123iju GMP sertific\u0113t\u0101 augstas kvalit\u0101tes laboratorij\u0101.<\/li>\n<li>\u0160is produkts ir izgatavots no biolo\u0123iski audz\u0113t\u0101m \u0161\u0137iedras ka\u0146ep\u0113m, kuras ir audz\u0113tas bez pestic\u012bdiem, lai nodro\u0161in\u0101tu augst\u0101ko kvalit\u0101ti.<\/li>\n<\/ul>\n<p>&nbsp;<\/p>\n<div>Ra\u017eot\u0101js: H Drop<\/div>\n<div>Izcelsmes valsts: Lietuva<\/div>\n<div>Sast\u0101vda\u013cas: kaprila\/kaprika triglicer\u012bds, Cannabis Sativa lapu ekstrakts, \u017eelat\u012bns, \u016bdens, glicer\u012bns.<\/div>\n<div><\/div>\n<div><strong>Lieto\u0161ana:<\/strong><\/div>\n<div><\/div>\n<div>Ieteicam\u0101 deva: 1-2 kapsulas 2 reizes dien\u0101. Uzkl\u0101jiet kapsulas saturu v\u0113lamaj\u0101 \u0137erme\u0146a zon\u0101 un atst\u0101jiet 1-2 min\u016btes. Devu var palielin\u0101t pak\u0101peniski, ta\u010du ir svar\u012bgi, lai CBD dienas daudzums nep\u0101rsniegtu 200 mg.<\/div>\n<div><\/div>\n<div><\/div>\n<div><\/div>\n<div><\/div>\n<div><\/div>\n<div><strong>Uzglab\u0101t istabas temperat\u016br\u0101, prom no saules gaismas un b\u0113rniem nepieejam\u0101 viet\u0101. Izvairieties no tie\u0161as saskares ar acu g\u013cot\u0101du.<\/strong><\/div>\n","protected":false},"excerpt":{"rendered":"<div>Sixty Moments ir 60 kapsulas, katra satur 25 mg CBD. Kapsula satur pilna spektra ka\u0146epju lapu \u0161\u0137iedru (iz\u0146emot THC).<\/div>\n<div><\/div>\n<div>\u0160\u012b ir lieliska izv\u0113le tiem, kas mekl\u0113 prec\u012bzu un viegli lietojamu produktu.<\/div>\n<div><\/div>\n<div><strong>Neto daudzums: 59g.<\/strong><\/div>\n","protected":false},"featured_media":38693,"comment_status":"open","ping_status":"closed","template":"","meta":{"inline_featured_image":false},"product_brand":[],"product_cat":[87],"product_tag":[],"class_list":{"0":"post-38715","1":"product","2":"type-product","3":"status-publish","4":"has-post-thumbnail","6":"product_cat-lv-cbd-ella","8":"first","9":"outofstock","10":"shipping-taxable","11":"purchasable","12":"product-type-simple"},"_links":{"self":[{"href":"https:\/\/loosen.lt\/lv\/wp-json\/wp\/v2\/product\/38715","targetHints":{"allow":["GET"]}}],"collection":[{"href":"https:\/\/loosen.lt\/lv\/wp-json\/wp\/v2\/product"}],"about":[{"href":"https:\/\/loosen.lt\/lv\/wp-json\/wp\/v2\/types\/product"}],"replies":[{"embeddable":true,"href":"https:\/\/loosen.lt\/lv\/wp-json\/wp\/v2\/comments?post=38715"}],"wp:featuredmedia":[{"embeddable":true,"href":"https:\/\/loosen.lt\/lv\/wp-json\/wp\/v2\/media\/38693"}],"wp:attachment":[{"href":"https:\/\/loosen.lt\/lv\/wp-json\/wp\/v2\/media?parent=38715"}],"wp:term":[{"taxonomy":"product_brand","embeddable":true,"href":"https:\/\/loosen.lt\/lv\/wp-json\/wp\/v2\/product_brand?post=38715"},{"taxonomy":"product_cat","embeddable":true,"href":"https:\/\/loosen.lt\/lv\/wp-json\/wp\/v2\/product_cat?post=38715"},{"taxonomy":"product_tag","embeddable":true,"href":"https:\/\/loosen.lt\/lv\/wp-json\/wp\/v2\/product_tag?post=38715"}],"curies":[{"name":"wp","href":"https:\/\/api.w.org\/{rel}","templated":true}]}}