{"id":38722,"date":"2025-02-11T12:59:10","date_gmt":"2025-02-11T12:59:10","guid":{"rendered":"https:\/\/loosen.lt\/produktas\/kanabiti-funkcionali-zemenu-kubi-ar-kanepju-ziediem-12gab-60mg\/"},"modified":"2025-07-08T16:52:05","modified_gmt":"2025-07-08T16:52:05","slug":"kanabiti-funkcionali-zemenu-kubi-ar-kanepju-ziediem-12gab-60mg","status":"publish","type":"product","link":"https:\/\/loosen.lt\/lv\/produkts\/kanabiti-funkcionali-zemenu-kubi-ar-kanepju-ziediem-12gab-60mg\/","title":{"rendered":"Kanab\u012bti \u2013 funkcion\u0101li zeme\u0146u kubi ar ka\u0146epju ziediem (12gab, 60mg)"},"content":{"rendered":"<div><strong>Par produktu:<\/strong><\/div>\n<div><\/div>\n<ul>\n<li>Gar\u0161\u012bga un vesel\u012bga uzkodu alternat\u012bva.<\/li>\n<li>Iepakojum\u0101 ir 12 gabali (kop\u0101 12 g).<\/li>\n<li>Katrs kubs satur 5 mg akt\u012bv\u0101s \u0161\u0137iedrain\u0101s ka\u0146epju (kop\u0101 60 mg).<\/li>\n<li>Pilna spektra ka\u0146epju produkts.<\/li>\n<li>Ra\u017eots, izmantojot biolo\u0123iski audz\u0113tas \u0161\u0137iedras ka\u0146epes no Lietuvas.<\/li>\n<li>100% dab\u012bgas sast\u0101vda\u013cas.<\/li>\n<li>Veg\u0101ns.<\/li>\n<li>Bez pievienota cukura.<\/li>\n<\/ul>\n<div><\/div>\n<div><\/div>\n<div><strong>Sast\u0101vda\u013cas:<\/strong> liofiliz\u0113tas zemenes (34,4%), kakao sviests, inul\u012bns, mande\u013cu milti, ka\u0146epju ziedi (5%), \u016bdens. Satur dab\u012bgo cukuru.<\/div>\n<div><\/div>\n<div><\/div>\n<div><\/div>\n<div><\/div>\n<div><strong>Br\u012bdin\u0101jums:<\/strong> Ieteicams nep\u0101rsniegt vair\u0101k k\u0101 15g (15 kubi) dien\u0101.<\/div>\n<div><\/div>\n<div><\/div>\n<div><\/div>\n<div><strong>Uzglab\u0101\u0161anas apst\u0101k\u013ci:<\/strong> Uzglab\u0101t istabas temperat\u016br\u0101, prom no saules gaismas un b\u0113rniem nepieejam\u0101 viet\u0101.<\/div>\n<div><\/div>\n<div><\/div>\n<div><\/div>\n<div><strong>Uzman\u012bbu!<\/strong> Nav ieteicams b\u0113rniem un gr\u016btniec\u0113m un sieviet\u0113m z\u012bd\u012b\u0161anas period\u0101.<\/div>\n<div><\/div>\n<div><strong>Uzturv\u0113rt\u012bba:<\/strong><\/div>\n<div><\/div>\n<div>\n<table>\n<tbody>\n<tr>\n<td width=\"388\">&nbsp;<\/td>\n<td width=\"388\"><strong>Porcijas lielums: 6 kubi (6g)<\/strong><\/td>\n<td width=\"388\">&nbsp;<\/td>\n<\/tr>\n<tr>\n<td width=\"388\">&nbsp;<\/td>\n<td width=\"388\"><strong>Porcijas vien\u0101 iepakojum\u0101: 2<\/strong><\/td>\n<td width=\"388\">&nbsp;<\/td>\n<\/tr>\n<tr>\n<td width=\"388\"><strong>Sast\u0101vs:<\/strong><\/td>\n<td width=\"388\"><strong>Daudzums 100g:<\/strong><\/td>\n<td width=\"388\"><strong>Daudzums uz porciju:<\/strong><\/td>\n<\/tr>\n<tr>\n<td width=\"388\">Ener\u0123\u0113tisk\u0101 v\u0113rt\u012bba (kJ)<\/td>\n<td width=\"388\">1995<\/td>\n<td width=\"388\">120<\/td>\n<\/tr>\n<tr>\n<td width=\"388\">Ener\u0123\u0113tisk\u0101 v\u0113rt\u012bba (kcal)<\/td>\n<td width=\"388\">478<\/td>\n<td width=\"388\">29<\/td>\n<\/tr>\n<tr>\n<td width=\"388\">Tauki, g<\/td>\n<td width=\"388\">37<\/td>\n<td width=\"388\">2,2<\/td>\n<\/tr>\n<tr>\n<td width=\"388\">no tiem pies\u0101tin\u0101tie, g<\/td>\n<td width=\"388\">20<\/td>\n<td width=\"388\">1,2<\/td>\n<\/tr>\n<tr>\n<td width=\"388\">Og\u013chidr\u0101ti, g<\/td>\n<td width=\"388\">23<\/td>\n<td width=\"388\">1,4<\/td>\n<\/tr>\n<tr>\n<td width=\"388\">no tiem cukuri, g<\/td>\n<td width=\"388\">23<\/td>\n<td width=\"388\">1,4<\/td>\n<\/tr>\n<tr>\n<td width=\"388\">\u0160\u0137iedras, g<\/td>\n<td width=\"388\">22<\/td>\n<td width=\"388\">1,3<\/td>\n<\/tr>\n<tr>\n<td width=\"388\">Olbaltumvielas, g<\/td>\n<td width=\"388\">3<\/td>\n<td width=\"388\">0,2<\/td>\n<\/tr>\n<tr>\n<td width=\"388\">S\u0101ls, g<\/td>\n<td width=\"388\">0,1<\/td>\n<td width=\"388\">0,006<\/td>\n<\/tr>\n<\/tbody>\n<\/table>\n<\/div>\n","protected":false},"excerpt":{"rendered":"<div>\u0160iem funkcion\u0101lajiem ka\u0146epju ziedu kubi\u0146iem ir atsvaidzino\u0161a, sk\u0101bena zeme\u0146u gar\u0161a, un tie ir izgatavoti no \u017e\u0101v\u0113t\u0101m zemen\u0113m un \u0161\u0137iedrainajiem ka\u0146epju ziediem. Iepakojum\u0101 ir 12 g zeme\u0146u un 60 mg akt\u012bvo ka\u0146epju komponentu, kas pal\u012bdz\u0113s dabiski atjaunot l\u012bdzsvaru ikdienas aktivit\u0101t\u0113s. \u0160\u012b ir lieliska alternat\u012bva citiem ka\u0146epju produktiem.<\/div>\n<div><\/div>\n<div><strong>Der\u012bguma termi\u0146\u0161: 12 m\u0113ne\u0161i.<\/strong><\/div>\n","protected":false},"featured_media":38706,"comment_status":"open","ping_status":"closed","template":"","meta":{"inline_featured_image":false},"product_brand":[],"product_cat":[112],"product_tag":[],"class_list":{"0":"post-38722","1":"product","2":"type-product","3":"status-publish","4":"has-post-thumbnail","6":"product_cat-uztura-bagatinataji","8":"first","9":"instock","10":"shipping-taxable","11":"purchasable","12":"product-type-simple"},"_links":{"self":[{"href":"https:\/\/loosen.lt\/lv\/wp-json\/wp\/v2\/product\/38722","targetHints":{"allow":["GET"]}}],"collection":[{"href":"https:\/\/loosen.lt\/lv\/wp-json\/wp\/v2\/product"}],"about":[{"href":"https:\/\/loosen.lt\/lv\/wp-json\/wp\/v2\/types\/product"}],"replies":[{"embeddable":true,"href":"https:\/\/loosen.lt\/lv\/wp-json\/wp\/v2\/comments?post=38722"}],"wp:featuredmedia":[{"embeddable":true,"href":"https:\/\/loosen.lt\/lv\/wp-json\/wp\/v2\/media\/38706"}],"wp:attachment":[{"href":"https:\/\/loosen.lt\/lv\/wp-json\/wp\/v2\/media?parent=38722"}],"wp:term":[{"taxonomy":"product_brand","embeddable":true,"href":"https:\/\/loosen.lt\/lv\/wp-json\/wp\/v2\/product_brand?post=38722"},{"taxonomy":"product_cat","embeddable":true,"href":"https:\/\/loosen.lt\/lv\/wp-json\/wp\/v2\/product_cat?post=38722"},{"taxonomy":"product_tag","embeddable":true,"href":"https:\/\/loosen.lt\/lv\/wp-json\/wp\/v2\/product_tag?post=38722"}],"curies":[{"name":"wp","href":"https:\/\/api.w.org\/{rel}","templated":true}]}}