{"id":39164,"date":"2025-03-26T18:47:20","date_gmt":"2025-03-26T18:47:20","guid":{"rendered":"https:\/\/loosen.lt\/?post_type=product&#038;p=39164"},"modified":"2026-04-18T11:27:58","modified_gmt":"2026-04-18T11:27:58","slug":"fisetin-kapsulas-250-mg-60-gab","status":"publish","type":"product","link":"https:\/\/loosen.lt\/lv\/produkts\/fisetin-kapsulas-250-mg-60-gab\/","title":{"rendered":"L Cell Fisetin kapsulas 250 mg, (60 gab.)"},"content":{"rendered":"<div><strong>Par produktu:<\/strong><\/div>\n<div><\/div>\n<ul>\n<li>Iepakojum\u0101 ir 60 kapsulas, katr\u0101 pa 250 mg Fisetin.<\/li>\n<li>Sp\u0113c\u012bga deva, kas nodro\u0161ina lieto\u0161anu 30 dienas vai ilg\u0101k.<\/li>\n<li>Garant\u0113ta t\u012br\u012bba virs 98%.<\/li>\n<li>Dabisks produkts, kas ieg\u016bts no pilna spektra Eiropas pela\u0161\u0137u ekstrakta.<\/li>\n<li>Tiek nodro\u0161in\u0101ts akt\u012bvo vielu daudzums un kvalit\u0101te: regul\u0101ri tiek veikti laboratoriskie izmekl\u0113jumi smago met\u0101lu un mikotoks\u012bnu noteik\u0161anai.<\/li>\n<li>Piem\u0113rots veg\u0101niem: kapsulas apvalks ir izgatavots no HPMC (hipromelozes), nevis no dz\u012bvnieku izcelsmes \u017eelat\u012bna. HPMC ir dro\u0161a, viegli sagremojama, \u016bden\u012b \u0161\u0137\u012bsto\u0161a viela.<\/li>\n<li>Ra\u017eots saska\u0146\u0101 ar stingriem standartiem farmaceitisk\u0101s kvalit\u0101tes Eiropas r\u016bpn\u012bc\u0101s.<\/li>\n<li>Nesatur \u0122MO, m\u0101ksl\u012bg\u0101s piedevas, konservantus, aromatiz\u0113t\u0101jus vai alerg\u0113nus.<\/li>\n<\/ul>\n<p>&nbsp;<\/p>\n<div><\/div>\n<div><strong>Sast\u0101vs<\/strong>: Eiropas auzenes ekstrakts (no kura vismaz 98% fiset\u012bns), cinks, D vitam\u012bns, veg\u0101nisks HPMC kapsulas p\u0101rkl\u0101jums.<\/div>\n<div><\/div>\n<div>\n<table>\n<tbody>\n<tr>\n<td width=\"388\">&nbsp;<\/td>\n<td width=\"388\">Daudzums uz porciju<\/td>\n<\/tr>\n<tr>\n<td width=\"388\">Eiropas auzenes ekstrakts (98% fiset\u012bns)<\/td>\n<td width=\"388\">500mg<\/td>\n<\/tr>\n<tr>\n<td width=\"388\">Cinks<\/td>\n<td width=\"388\">1.5mg<\/td>\n<\/tr>\n<tr>\n<td width=\"388\">D vitam\u012bns<\/td>\n<td width=\"388\">0.75ug<\/td>\n<\/tr>\n<\/tbody>\n<\/table>\n<p>* Dienas v\u0113rt\u012bba nav noteikta<\/p>\n<\/div>\n<div><strong>Lieto\u0161ana:<\/strong> Ieteicams lietot 1-2 kapsulas, v\u0113lams no r\u012bta, brokastu laik\u0101. Norijiet ar \u016bdeni.<\/div>\n<div><\/div>\n<div><\/div>\n<div><\/div>\n<div><strong>Uzglab\u0101\u0161anas nosac\u012bjumi:<\/strong> Uzglab\u0101t v\u0113s\u0101, saus\u0101 viet\u0101. Uzglab\u0101t b\u0113rniem nepieejam\u0101 viet\u0101.<\/div>\n<div><\/div>\n<div>Izcelsmes valsts: ES Der\u012bguma termi\u0146\u0161.<\/div>\n<div><\/div>\n<div><strong>Br\u012bdin\u0101jums:<\/strong> uztura bag\u0101tin\u0101t\u0101js nav malt\u012btes aizst\u0101j\u0113js. Svar\u012bgs ir daudzveid\u012bgs un sabalans\u0113ts uzturs un vesel\u012bgs dz\u012bvesveids. Ja esat gr\u016btniece, barojat b\u0113rnu ar kr\u016bti vai lietojat citas z\u0101les, pirms lieto\u0161anas konsult\u0113jieties ar \u0101rstu vai farmaceitu. Nep\u0101rsniedziet ieteicamo devu.<\/div>\n","protected":false},"excerpt":{"rendered":"<div>Fiset\u012bns ir flavono\u012bds, kas atrodams daudzos aug\u013cos un d\u0101rze\u0146os.<\/div>\n<div><\/div>\n<div><\/div>\n<div><\/div>\n<div><strong>Galven\u0101s \u012bpa\u0161\u012bbas:<\/strong><\/div>\n<div><\/div>\n<ul>\n<li><strong> Iekaisums un s\u0101pes:<\/strong> Fiset\u012bns ir dabisks komponents, kas var pal\u012bdz\u0113t uztur\u0113t l\u012bdzsvaru un labsaj\u016btu organism\u0101.<\/li>\n<li><strong>Metabolisms:<\/strong> veicina pareizu og\u013chidr\u0101tu, tauku un makroelementu metabolismu organism\u0101.<\/li>\n<li>\u0100da un skaistums: uztur norm\u0101lu \u0101du, matus, nagus un kaulus.<\/li>\n<li><strong>Ilgm\u016b\u017e\u012bba:<\/strong> Fiset\u012bns darbojas k\u0101 senol\u012btisks l\u012bdzeklis, izn\u012bcinot &#8220;zombiju&#8221; \u0161\u016bnas, kas izraisa iekaisumu, un darbojas k\u0101 sp\u0113c\u012bgs antioksidants, aizsarg\u0101jot \u0161\u016bnas no boj\u0101jumiem.<\/li>\n<\/ul>\n","protected":false},"featured_media":39151,"comment_status":"open","ping_status":"closed","template":"","meta":{"inline_featured_image":false},"product_brand":[],"product_cat":[161,155,145,147],"product_tag":[],"class_list":{"0":"post-39164","1":"product","2":"type-product","3":"status-publish","4":"has-post-thumbnail","6":"product_cat-akcijas","7":"product_cat-svara-kontrole","8":"product_cat-gan","9":"product_cat-ilgmuziba","11":"first","12":"instock","13":"sale","14":"shipping-taxable","15":"purchasable","16":"product-type-simple"},"_links":{"self":[{"href":"https:\/\/loosen.lt\/lv\/wp-json\/wp\/v2\/product\/39164","targetHints":{"allow":["GET"]}}],"collection":[{"href":"https:\/\/loosen.lt\/lv\/wp-json\/wp\/v2\/product"}],"about":[{"href":"https:\/\/loosen.lt\/lv\/wp-json\/wp\/v2\/types\/product"}],"replies":[{"embeddable":true,"href":"https:\/\/loosen.lt\/lv\/wp-json\/wp\/v2\/comments?post=39164"}],"wp:featuredmedia":[{"embeddable":true,"href":"https:\/\/loosen.lt\/lv\/wp-json\/wp\/v2\/media\/39151"}],"wp:attachment":[{"href":"https:\/\/loosen.lt\/lv\/wp-json\/wp\/v2\/media?parent=39164"}],"wp:term":[{"taxonomy":"product_brand","embeddable":true,"href":"https:\/\/loosen.lt\/lv\/wp-json\/wp\/v2\/product_brand?post=39164"},{"taxonomy":"product_cat","embeddable":true,"href":"https:\/\/loosen.lt\/lv\/wp-json\/wp\/v2\/product_cat?post=39164"},{"taxonomy":"product_tag","embeddable":true,"href":"https:\/\/loosen.lt\/lv\/wp-json\/wp\/v2\/product_tag?post=39164"}],"curies":[{"name":"wp","href":"https:\/\/api.w.org\/{rel}","templated":true}]}}