{"id":39168,"date":"2025-03-26T18:40:38","date_gmt":"2025-03-26T18:40:38","guid":{"rendered":"https:\/\/loosen.lt\/?post_type=product&#038;p=39168"},"modified":"2025-07-08T16:32:37","modified_gmt":"2025-07-08T16:32:37","slug":"apigenin-kapsulas-250mg-60-gab","status":"publish","type":"product","link":"https:\/\/loosen.lt\/lv\/produkts\/apigenin-kapsulas-250mg-60-gab\/","title":{"rendered":"L Cell Apigenin kapsulas 250mg (60 gab.)"},"content":{"rendered":"<div><strong>Par produktu:<\/strong><\/div>\n<div><\/div>\n<ul>\n<li>60 kapsulas, katra kapsula satur 250 mg apigen\u012bna.<\/li>\n<li>Piem\u0113rots lieto\u0161anai 30 dienas vai ilg\u0101k, veidojot sp\u0113c\u012bgu dienas devu.<\/li>\n<li>Sast\u0101vs ar vair\u0101k nek\u0101 98% t\u012br\u012bbu.<\/li>\n<li>Dabisks produkts: izgatavots ar pilna spektra kumel\u012b\u0161u ekstraktu.<\/li>\n<li>Tiek nodro\u0161in\u0101ta akt\u012bvo vielu koncentr\u0101cija un dro\u0161ums: sast\u0101vs, smagie met\u0101li un mikotoks\u012bni tiek regul\u0101ri p\u0101rbaud\u012bti laboratorij\u0101s.<\/li>\n<li>Veg\u0101niem piem\u0113rotas kapsulas: kapsulas apvalks ir izgatavots no HPMC (hipromelozes), nevis no dz\u012bvnieku izcelsmes \u017eelat\u012bna. HPMC ir dro\u0161s \u016bden\u012b \u0161\u0137\u012bsto\u0161s materi\u0101ls, kas ir viegli sagremojams.<\/li>\n<li>Ra\u017eots atbilsto\u0161i augst\u0101kajiem farm\u0101cijas standartiem Eiropas r\u016bpn\u012bc\u0101s.<\/li>\n<li>Nesatur \u0122MO, m\u0101ksl\u012bg\u0101s piedevas, konservantus, smar\u017evielas vai alerg\u0113nus.<\/li>\n<\/ul>\n<p>&nbsp;<\/p>\n<p>&nbsp;<\/p>\n<div><strong>Sast\u0101vs:<\/strong> kumel\u012b\u0161u ekstrakts (no kuriem vismaz 98% apigen\u012bns), cinks, tiam\u012bns (B1 vitam\u012bns), D vitam\u012bns, veg\u0101nisks HPMC kapsulas p\u0101rkl\u0101jums.<\/div>\n<div><\/div>\n<div>\n<table>\n<tbody>\n<tr>\n<td width=\"388\">&nbsp;<\/td>\n<td width=\"388\">Daudzums uz porciju<\/td>\n<\/tr>\n<tr>\n<td width=\"388\">Kumel\u012b\u0161u ekstrakts (98% apigen\u012bna)<\/td>\n<td width=\"388\">500mg<\/td>\n<\/tr>\n<tr>\n<td width=\"388\">Cinks<\/td>\n<td width=\"388\">1.5mg<\/td>\n<\/tr>\n<tr>\n<td width=\"388\">Tiam\u012bns (B1 vitam\u012bns)<\/td>\n<td width=\"388\">0.165mg<\/td>\n<\/tr>\n<tr>\n<td width=\"388\">D vitam\u012bns<\/td>\n<td width=\"388\">0.75ug<\/td>\n<\/tr>\n<\/tbody>\n<\/table>\n<p>* Dienas v\u0113rt\u012bba nav noteikta<\/p>\n<div><strong>Lieto\u0161ana:<\/strong> Lietojiet 1 kapsulu no r\u012bta brokast\u012bs un 1 kapsulu vakar\u0101 pirms gul\u0113tie\u0161anas. Norijiet ar \u016bdeni.<\/div>\n<div><\/div>\n<div><\/div>\n<div><\/div>\n<div><strong>Uzglab\u0101\u0161anas nosac\u012bjumi:<\/strong> Uzglab\u0101t v\u0113s\u0101, saus\u0101 viet\u0101. Uzglab\u0101t b\u0113rniem nepieejam\u0101 viet\u0101.<\/div>\n<div><\/div>\n<div>Izcelsmes valsts: ES Der\u012bguma termi\u0146\u0161.<\/div>\n<div><\/div>\n<div><strong>Br\u012bdin\u0101jums:<\/strong> uztura bag\u0101tin\u0101t\u0101js nav malt\u012btes aizst\u0101j\u0113js. Svar\u012bgs ir daudzveid\u012bgs un sabalans\u0113ts uzturs un vesel\u012bgs dz\u012bvesveids. Ja esat gr\u016btniece, barojat b\u0113rnu ar kr\u016bti vai lietojat citas z\u0101les, pirms lieto\u0161anas konsult\u0113jieties ar \u0101rstu vai farmaceitu. Nep\u0101rsniedziet ieteicamo devu.<\/div>\n<\/div>\n","protected":false},"excerpt":{"rendered":"<div>Apigen\u012bns ir dabisks flavono\u012bds, kas atrodams da\u017e\u0101dos augos.<\/div>\n<div><\/div>\n<div><\/div>\n<div><\/div>\n<div><strong>Galven\u0101s iez\u012bmes:<\/strong><\/div>\n<div><\/div>\n<ul>\n<li><strong> Emocion\u0101lais st\u0101voklis:<\/strong> Atbalsta psiholo\u0123isk\u0101s un nervu sist\u0113mas st\u0101vokli, veicina norm\u0101lu darb\u012bbu.<\/li>\n<li><strong>\u0100da un skaistums:<\/strong> pal\u012bdz uztur\u0113t vesel\u012bgus kaulus, matus, nagus un \u0101du.<\/li>\n<li><strong>Ilgm\u016b\u017e\u012bba:<\/strong> darbojas k\u0101 senomorfs, kav\u0113jot iekaisuma \u0161\u016bnu (SASP) prolifer\u0101ciju un c\u012bnoties pret br\u012bvajiem radik\u0101\u013ciem k\u0101 antioksidants.<\/li>\n<li><strong>Zin\u0101tnieki iesaka:<\/strong> lietot apigen\u012bnu kop\u0101 ar kvercet\u012bnu, jo tas var pastiprin\u0101t abu vielu iedarb\u012bbu. Turkl\u0101t apigen\u012bns var uzlabot NAD+ aktivatoru (NAD) darb\u012bbu, inhib\u0113jot NAD+ att\u012bro\u0161o enz\u012bmu CD38.<\/li>\n<\/ul>\n","protected":false},"featured_media":39143,"comment_status":"open","ping_status":"closed","template":"","meta":{"inline_featured_image":false},"product_brand":[],"product_cat":[161,151,145],"product_tag":[],"class_list":{"0":"post-39168","1":"product","2":"type-product","3":"status-publish","4":"has-post-thumbnail","6":"product_cat-akcijas","7":"product_cat-nervu-sistema","8":"product_cat-gan","10":"first","11":"instock","12":"sale","13":"shipping-taxable","14":"purchasable","15":"product-type-simple"},"_links":{"self":[{"href":"https:\/\/loosen.lt\/lv\/wp-json\/wp\/v2\/product\/39168","targetHints":{"allow":["GET"]}}],"collection":[{"href":"https:\/\/loosen.lt\/lv\/wp-json\/wp\/v2\/product"}],"about":[{"href":"https:\/\/loosen.lt\/lv\/wp-json\/wp\/v2\/types\/product"}],"replies":[{"embeddable":true,"href":"https:\/\/loosen.lt\/lv\/wp-json\/wp\/v2\/comments?post=39168"}],"wp:featuredmedia":[{"embeddable":true,"href":"https:\/\/loosen.lt\/lv\/wp-json\/wp\/v2\/media\/39143"}],"wp:attachment":[{"href":"https:\/\/loosen.lt\/lv\/wp-json\/wp\/v2\/media?parent=39168"}],"wp:term":[{"taxonomy":"product_brand","embeddable":true,"href":"https:\/\/loosen.lt\/lv\/wp-json\/wp\/v2\/product_brand?post=39168"},{"taxonomy":"product_cat","embeddable":true,"href":"https:\/\/loosen.lt\/lv\/wp-json\/wp\/v2\/product_cat?post=39168"},{"taxonomy":"product_tag","embeddable":true,"href":"https:\/\/loosen.lt\/lv\/wp-json\/wp\/v2\/product_tag?post=39168"}],"curies":[{"name":"wp","href":"https:\/\/api.w.org\/{rel}","templated":true}]}}