{"id":39170,"date":"2025-03-26T18:38:22","date_gmt":"2025-03-26T18:38:22","guid":{"rendered":"https:\/\/loosen.lt\/?post_type=product&#038;p=39170"},"modified":"2026-05-02T05:23:35","modified_gmt":"2026-05-02T05:23:35","slug":"trans-resveratrol-kapsulas-300mg-60-gab","status":"publish","type":"product","link":"https:\/\/loosen.lt\/lv\/produkts\/trans-resveratrol-kapsulas-300mg-60-gab\/","title":{"rendered":"L Cell Trans Resveratrol kapsulas 300mg (60 gab.)"},"content":{"rendered":"<div><strong>Par produktu:<\/strong><\/div>\n<div><\/div>\n<ul>\n<li>Iepakojum\u0101 ir 60 kapsulas, katra satur 300 mg resveratrola.<\/li>\n<li>Tas nodro\u0161ina pietiekamu daudzumu sp\u0113c\u012bgu devu lieto\u0161anai ilg\u0101k par 30 dien\u0101m.<\/li>\n<li>Resveratrola t\u012br\u012bbas l\u012bmenis p\u0101rsniedz 98%, un to ieg\u016bst no dab\u012bg\u0101 jap\u0101\u0146u knotweed ekstrakta.<\/li>\n<li>Tiek nodro\u0161in\u0101ta nep\u0101rtraukta akt\u012bvo vielu satura un dro\u0161uma p\u0101rbaude, k\u0101 ar\u012b smago met\u0101lu un mikotoks\u012bnu kontrole.<\/li>\n<li>Kapsulas p\u0101rkl\u0101jums ir izgatavots no HPMC (hipromelozes), t\u0101p\u0113c tie ir piem\u0113roti veg\u0101niem un nerada probl\u0113mas gremo\u0161anas sist\u0113mai.<\/li>\n<li>HPMC ir dro\u0161a viela, kas \u0161\u0137\u012bst un viegli uzs\u016bcas gremo\u0161anas trakt\u0101.<\/li>\n<li>Produkts tiek ra\u017eots saska\u0146\u0101 ar farm\u0101cijas standartiem Eiropas r\u016bpn\u012bc\u0101s.<\/li>\n<li>Nav pievienoti \u0122MO, m\u0101ksl\u012bg\u0101s kr\u0101svielas, konservanti, smar\u017evielas vai alerg\u0113ni.<\/li>\n<\/ul>\n<p>&nbsp;<\/p>\n<div><\/div>\n<div><strong>Sast\u0101vda\u013cas:<\/strong> jap\u0101\u0146u knotweed ekstrakts (no kura vismaz 98% Resveratrol), cinks, tiam\u012bns (vitam\u012bns B1), D vitam\u012bns, veg\u0101nisks HPMC kapsulas p\u0101rkl\u0101jums.<\/div>\n<div><\/div>\n<div>\n<table>\n<tbody>\n<tr>\n<td width=\"388\">&nbsp;<\/td>\n<td width=\"388\">Daudzums uz porciju<\/td>\n<\/tr>\n<tr>\n<td width=\"388\">Jap\u0101\u0146u knotweed ekstrakts (98% resveratrols)<\/td>\n<td width=\"388\">600mg<\/td>\n<\/tr>\n<tr>\n<td width=\"388\">Cinks<\/td>\n<td width=\"388\">1.5mg<\/td>\n<\/tr>\n<tr>\n<td width=\"388\">Tiam\u012bns (B1 vitam\u012bns)<\/td>\n<td width=\"388\">0.165mg<\/td>\n<\/tr>\n<tr>\n<td width=\"388\">D vitam\u012bns<\/td>\n<td width=\"388\">0.75ug<\/td>\n<\/tr>\n<\/tbody>\n<\/table>\n<p>* Dienas v\u0113rt\u012bba nav noteikta<\/p>\n<\/div>\n<div><strong>Lieto\u0161ana:<\/strong> Ieteicams lietot 1-2 kapsulas, v\u0113lams brokastu laik\u0101, uzdzerot \u016bdeni.<\/div>\n<div><\/div>\n<div><strong>Uzglab\u0101\u0161anas nosac\u012bjumi:<\/strong> Uzglab\u0101t v\u0113s\u0101, saus\u0101 viet\u0101. Uzglab\u0101t b\u0113rniem nepieejam\u0101 viet\u0101.<\/div>\n<div>Izcelsmes valsts: ES Der\u012bguma termi\u0146\u0161.<\/div>\n<div><\/div>\n<div><strong>Br\u012bdin\u0101jums:<\/strong><\/div>\n<div>uztura bag\u0101tin\u0101t\u0101js nav malt\u012btes aizst\u0101j\u0113js. Svar\u012bgs ir daudzveid\u012bgs un sabalans\u0113ts uzturs un vesel\u012bgs dz\u012bvesveids. Ja esat gr\u016btniece, barojat b\u0113rnu ar kr\u016bti vai lietojat citas z\u0101les, pirms lieto\u0161anas konsult\u0113jieties ar \u0101rstu vai farmaceitu. Nep\u0101rsniedziet ieteicamo devu.<\/div>\n","protected":false},"excerpt":{"rendered":"<div>Resveratrols ir dabisks savienojums ar sp\u0113c\u012bg\u0101m antioksidanta \u012bpa\u0161\u012bb\u0101m.<\/div>\n<div><\/div>\n<div><\/div>\n<div><\/div>\n<div><strong>Galven\u0101s \u012bpa\u0161\u012bbas:<\/strong><\/div>\n<div><\/div>\n<ul>\n<li><strong>Sirds un asinsrite:<\/strong> Pal\u012bdz uztur\u0113t vesel\u012bgu sirds darb\u012bbu.<\/li>\n<li><strong>Kauli un loc\u012btavas:<\/strong> pal\u012bdz uztur\u0113t norm\u0101lu kaulu stiprumu.<\/li>\n<li><strong>Ilgm\u016b\u017e\u012bba:<\/strong> Tas ir senoforisks l\u012bdzeklis, kas kav\u0113 SASP (\u0161\u016bnu iekaisuma avota) izplat\u012b\u0161anos un antioksidants, kas c\u012bn\u0101s ar br\u012bvajiem radik\u0101\u013ciem.<\/li>\n<\/ul>\n","protected":false},"featured_media":39139,"comment_status":"open","ping_status":"closed","template":"","meta":{"inline_featured_image":false},"product_brand":[],"product_cat":[161,158,149,147],"product_tag":[],"class_list":{"0":"post-39170","1":"product","2":"type-product","3":"status-publish","4":"has-post-thumbnail","6":"product_cat-akcijas","7":"product_cat-sirds-un-asins-plusma","8":"product_cat-kauli-un-locitavas","9":"product_cat-ilgmuziba","11":"first","12":"outofstock","13":"sale","14":"shipping-taxable","15":"purchasable","16":"product-type-simple"},"_links":{"self":[{"href":"https:\/\/loosen.lt\/lv\/wp-json\/wp\/v2\/product\/39170","targetHints":{"allow":["GET"]}}],"collection":[{"href":"https:\/\/loosen.lt\/lv\/wp-json\/wp\/v2\/product"}],"about":[{"href":"https:\/\/loosen.lt\/lv\/wp-json\/wp\/v2\/types\/product"}],"replies":[{"embeddable":true,"href":"https:\/\/loosen.lt\/lv\/wp-json\/wp\/v2\/comments?post=39170"}],"wp:featuredmedia":[{"embeddable":true,"href":"https:\/\/loosen.lt\/lv\/wp-json\/wp\/v2\/media\/39139"}],"wp:attachment":[{"href":"https:\/\/loosen.lt\/lv\/wp-json\/wp\/v2\/media?parent=39170"}],"wp:term":[{"taxonomy":"product_brand","embeddable":true,"href":"https:\/\/loosen.lt\/lv\/wp-json\/wp\/v2\/product_brand?post=39170"},{"taxonomy":"product_cat","embeddable":true,"href":"https:\/\/loosen.lt\/lv\/wp-json\/wp\/v2\/product_cat?post=39170"},{"taxonomy":"product_tag","embeddable":true,"href":"https:\/\/loosen.lt\/lv\/wp-json\/wp\/v2\/product_tag?post=39170"}],"curies":[{"name":"wp","href":"https:\/\/api.w.org\/{rel}","templated":true}]}}