{"id":39172,"date":"2025-03-25T17:07:09","date_gmt":"2025-03-25T17:07:09","guid":{"rendered":"https:\/\/loosen.lt\/produktas\/egcg-pulveris-30g-90-tiriba\/"},"modified":"2026-04-13T09:37:28","modified_gmt":"2026-04-13T09:37:28","slug":"egcg-pulveris-30g-90-tiriba","status":"publish","type":"product","link":"https:\/\/loosen.lt\/lv\/produkts\/egcg-pulveris-30g-90-tiriba\/","title":{"rendered":"L Cell EGCg pulveris 30g >90% t\u012br\u012bba"},"content":{"rendered":"<p><strong>Par produktu:<\/strong><\/p>\n<ul>\n<li>Iepakojum\u0101 ir 30 g \u013coti r\u016bgta pulvera.<br \/>\nM\u0113rgl\u0101ze (0,5 ml) atbilst aptuveni 225 mg EGCg.<br \/>\nIepakojuma pietiek vair\u0101k nek\u0101 60 dien\u0101m intens\u012bvai lieto\u0161anai.<br \/>\nT\u012br\u012bba virs 90% Dabisks produkts: izstr\u0101d\u0101ts ar pilna spektra za\u013c\u0101s t\u0113jas ekstraktu.<br \/>\nTiek nodro\u0161in\u0101ts akt\u012bvo vielu saturs un dro\u0161ums: regul\u0101ri tiek veikti laboratoriskie izmekl\u0113jumi, lai p\u0101rbaud\u012btu sast\u0101vu, smago met\u0101lu un mikotoks\u012bnu saturu.<br \/>\nPiem\u0113rots veg\u0101niem.<br \/>\nRa\u017eots augst\u0101k\u0101s kvalit\u0101tes farm\u0101cijas r\u016bpn\u012bc\u0101s Eirop\u0101.<br \/>\nNesatur \u0122MO, sint\u0113tisk\u0101s kr\u0101svielas, konservantus, smar\u017evielas un alerg\u0113nus.<\/li>\n<\/ul>\n<p><strong>Sast\u0101vs:<\/strong> za\u013c\u0101s t\u0113jas ekstrakts (no kura vismaz 90% EGCg), cinks, tiam\u012bns (B1 vitam\u012bns), D vitam\u012bns.<\/p>\n<p>&nbsp;<\/p>\n<table>\n<tbody>\n<tr>\n<td width=\"388\">&nbsp;<\/td>\n<td width=\"388\">Daudzums uz porciju<\/td>\n<\/tr>\n<tr>\n<td width=\"388\">Za\u013c\u0101s t\u0113jas ekstrakts (no kura vismaz 90% EGCg)<\/td>\n<td width=\"388\">500mg<\/p>\n<p>450mg<\/td>\n<\/tr>\n<tr>\n<td width=\"388\">Cinks<\/td>\n<td width=\"388\">1.5mg<\/td>\n<\/tr>\n<tr>\n<td width=\"388\">Tiam\u012bns (B1 vitam\u012bns)<\/td>\n<td width=\"388\">0.165mg<\/td>\n<\/tr>\n<tr>\n<td width=\"388\">D vitam\u012bns<\/td>\n<td width=\"388\">0.75mg<\/td>\n<\/tr>\n<\/tbody>\n<\/table>\n<p>* Dienas v\u0113rt\u012bba nav noteikta<\/p>\n<p>&nbsp;<\/p>\n<div><strong>Lieto\u0161ana:<\/strong> Lietojiet 1 karoti pulvera no r\u012bta tuk\u0161\u0101 d\u016b\u0161\u0101. Iz\u0161\u0137\u012bdiniet to \u016bden\u012b vai cit\u0101 \u0161\u0137idrum\u0101 un pat\u0113r\u0113jiet.<\/div>\n<div><\/div>\n<div><\/div>\n<div><\/div>\n<div><strong>Uzglab\u0101\u0161anas nosac\u012bjumi:<\/strong> Uzglab\u0101t v\u0113s\u0101, saus\u0101 viet\u0101. Uzglab\u0101t b\u0113rniem nepieejam\u0101 viet\u0101.<\/div>\n<div><\/div>\n<div>Izcelsmes valsts: ES Der\u012bguma termi\u0146\u0161.<\/div>\n<div><\/div>\n<div><strong>Br\u012bdin\u0101jums:<\/strong> uztura bag\u0101tin\u0101t\u0101js nav malt\u012btes aizst\u0101j\u0113js. Svar\u012bgs ir daudzveid\u012bgs un sabalans\u0113ts uzturs un vesel\u012bgs dz\u012bvesveids. Ja esat gr\u016btniece, barojat b\u0113rnu ar kr\u016bti vai lietojat citas z\u0101les, pirms lieto\u0161anas konsult\u0113jieties ar \u0101rstu vai farmaceitu. Nep\u0101rsniedziet ieteicamo devu.<\/div>\n","protected":false},"excerpt":{"rendered":"<div>EGCg pulveris ir dabisks antioksidants, kas ieg\u016bts no za\u013c\u0101s t\u0113jas lapu ekstrakta.<\/div>\n<div><\/div>\n<div><\/div>\n<div><\/div>\n<div><strong>Galven\u0101s iez\u012bmes:<\/strong><\/div>\n<div><\/div>\n<ul>\n<li><strong> Iekaisums un s\u0101pes:<\/strong> pal\u012bdz uztur\u0113t vesel\u012bgu iekaisuma l\u012bmeni un im\u016bnsist\u0113mas reakciju.<\/li>\n<li><strong>Gar\u012bg\u0101 darb\u012bba:<\/strong> var veicin\u0101t norm\u0101lu smadze\u0146u un nervu sist\u0113mas darb\u012bbu.<\/li>\n<li><strong>Sirds vesel\u012bba:<\/strong> atbalsta sirds darb\u012bbu un asinsriti.<\/li>\n<li><strong>Ilgm\u016b\u017e\u012bba:<\/strong> pal\u012bdz kav\u0113t noveco\u0161an\u0101s procesus, blo\u0137\u0113jot iekaisuma \u0161\u016bnas un aizsarg\u0101jot pret br\u012bvajiem radik\u0101\u013ciem.<\/li>\n<\/ul>\n","protected":false},"featured_media":39134,"comment_status":"open","ping_status":"closed","template":"","meta":{"inline_featured_image":false},"product_brand":[],"product_cat":[161,158,154,152,147],"product_tag":[],"class_list":{"0":"post-39172","1":"product","2":"type-product","3":"status-publish","4":"has-post-thumbnail","6":"product_cat-akcijas","7":"product_cat-sirds-un-asins-plusma","8":"product_cat-sapes-un-iekaisums","9":"product_cat-gariga-aktivitate","10":"product_cat-ilgmuziba","12":"first","13":"instock","14":"sale","15":"shipping-taxable","16":"purchasable","17":"product-type-simple"},"_links":{"self":[{"href":"https:\/\/loosen.lt\/lv\/wp-json\/wp\/v2\/product\/39172","targetHints":{"allow":["GET"]}}],"collection":[{"href":"https:\/\/loosen.lt\/lv\/wp-json\/wp\/v2\/product"}],"about":[{"href":"https:\/\/loosen.lt\/lv\/wp-json\/wp\/v2\/types\/product"}],"replies":[{"embeddable":true,"href":"https:\/\/loosen.lt\/lv\/wp-json\/wp\/v2\/comments?post=39172"}],"wp:featuredmedia":[{"embeddable":true,"href":"https:\/\/loosen.lt\/lv\/wp-json\/wp\/v2\/media\/39134"}],"wp:attachment":[{"href":"https:\/\/loosen.lt\/lv\/wp-json\/wp\/v2\/media?parent=39172"}],"wp:term":[{"taxonomy":"product_brand","embeddable":true,"href":"https:\/\/loosen.lt\/lv\/wp-json\/wp\/v2\/product_brand?post=39172"},{"taxonomy":"product_cat","embeddable":true,"href":"https:\/\/loosen.lt\/lv\/wp-json\/wp\/v2\/product_cat?post=39172"},{"taxonomy":"product_tag","embeddable":true,"href":"https:\/\/loosen.lt\/lv\/wp-json\/wp\/v2\/product_tag?post=39172"}],"curies":[{"name":"wp","href":"https:\/\/api.w.org\/{rel}","templated":true}]}}