{"id":39176,"date":"2025-03-25T14:16:14","date_gmt":"2025-03-25T14:16:14","guid":{"rendered":"https:\/\/loosen.lt\/produktas\/kvercetina-kapsulas-250-mg-60-gab\/"},"modified":"2026-02-25T13:18:46","modified_gmt":"2026-02-25T13:18:46","slug":"kvercetina-kapsulas-250-mg-60-gab","status":"publish","type":"product","link":"https:\/\/loosen.lt\/lv\/produkts\/kvercetina-kapsulas-250-mg-60-gab\/","title":{"rendered":"L Cell Kvercet\u012bna kapsulas 250 mg (60 gab.)"},"content":{"rendered":"<div><strong>Par produktu:<\/strong><\/div>\n<div><\/div>\n<ul>\n<li>Iepakojum\u0101 ir 60 kapsulas, katra ar 250 mg kvercet\u012bna.<\/li>\n<li>Pietiek vair\u0101k nek\u0101 30 dienu lieto\u0161anai liel\u0101s dev\u0101s.<\/li>\n<li>Vair\u0101k nek\u0101 98% t\u012br\u012bbas.<\/li>\n<li>Dabisks produkts, kas ieg\u016bts no pilna spektra jap\u0101\u0146u pagodas koka ekstrakta.<\/li>\n<li>Tiek nodro\u0161in\u0101ts akt\u012bvo vielu saturs un dro\u0161\u012bba: produkts tiek past\u0101v\u012bgi p\u0101rbaud\u012bts uz sast\u0101vu, smago met\u0101lu un mikotoks\u012bnu kl\u0101tb\u016btni.<\/li>\n<li>Veg\u0101niem draudz\u012bgs: kapsulas apvalks ir izgatavots no HPMC (hipromelozes), nevis dz\u012bvnieku \u017eelat\u012bna. HPMC ir dro\u0161a, \u016bden\u012b \u0161\u0137\u012bsto\u0161a viela, ko organisms viegli sagremo.<\/li>\n<li>Ra\u017eots farmaceitisk\u0101s kvalit\u0101tes r\u016bpn\u012bc\u0101s, kas atrodas Eirop\u0101.<\/li>\n<li>Nesatur \u0122MO, sint\u0113tikas, konservantus, smar\u017evielas un alerg\u0113nus.<\/li>\n<\/ul>\n<p>&nbsp;<\/p>\n<p>&nbsp;<\/p>\n<div><strong>Sast\u0101vs:<\/strong> Jap\u0101nas pagodas koka ekstrakts (no kura vismaz 98% kvercet\u012bns), cinks, tiam\u012bns (B1 vitam\u012bns), D vitam\u012bns, veg\u0101nisks HPMC kapsulas p\u0101rkl\u0101jums.<\/div>\n<div><\/div>\n<div>\n<table>\n<tbody>\n<tr>\n<td width=\"388\">&nbsp;<\/td>\n<td width=\"388\">Daudzums uz porciju<\/td>\n<\/tr>\n<tr>\n<td width=\"388\">Jap\u0101nas pagodas koka ekstrakts (no kura ne maz\u0101k k\u0101 98% kvercet\u012bna)<\/td>\n<td width=\"388\">525mg<\/p>\n<p>500mg<\/td>\n<\/tr>\n<tr>\n<td width=\"388\">Cinks<\/td>\n<td width=\"388\">1.5mg<\/td>\n<\/tr>\n<tr>\n<td width=\"388\">Tiam\u012bns (B1 vitam\u012bns)<\/td>\n<td width=\"388\">0.165mg<\/td>\n<\/tr>\n<tr>\n<td width=\"388\">D vitam\u012bns<\/td>\n<td width=\"388\">0.75mg<\/td>\n<\/tr>\n<\/tbody>\n<\/table>\n<p>* Dienas v\u0113rt\u012bba nav noteikta<\/p>\n<div><strong>Lieto\u0161ana:<\/strong> Ieteicams lietot 2 kapsulas, v\u0113lams brokastu laik\u0101, uzdzerot \u016bdeni.<\/div>\n<div><\/div>\n<div><\/div>\n<div><\/div>\n<div><strong>Uzglab\u0101\u0161anas nosac\u012bjumi:<\/strong> Uzglab\u0101t v\u0113s\u0101, saus\u0101 viet\u0101. Uzglab\u0101t b\u0113rniem nepieejam\u0101 viet\u0101.<\/div>\n<div><\/div>\n<div>Izcelsmes valsts: ES Der\u012bguma termi\u0146\u0161.<\/div>\n<div><\/div>\n<div><strong>Br\u012bdin\u0101jums:<\/strong> uztura bag\u0101tin\u0101t\u0101js nav malt\u012btes aizst\u0101j\u0113js. Svar\u012bgs ir daudzveid\u012bgs un sabalans\u0113ts uzturs un vesel\u012bgs dz\u012bvesveids. Ja esat gr\u016btniece, barojat b\u0113rnu ar kr\u016bti vai lietojat citas z\u0101les, pirms lieto\u0161anas konsult\u0113jieties ar \u0101rstu vai farmaceitu. Nep\u0101rsniedziet ieteicamo devu.<\/div>\n<\/div>\n","protected":false},"excerpt":{"rendered":"<div>Kvercet\u012bna pulveris ir dabisks flavono\u012bds, kas bie\u017ei sastopams da\u017e\u0101dos augos, piem\u0113ram, \u0101bolos, s\u012bpolos un za\u013cajos d\u0101rze\u0146os.<\/div>\n<div><\/div>\n<div><\/div>\n<div><\/div>\n<div><strong>Galven\u0101s iez\u012bmes:<\/strong><\/div>\n<div><\/div>\n<ul>\n<li>Var veicin\u0101t imunit\u0101tes stiprin\u0101\u0161anu<\/li>\n<li>Var atbalst\u012bt sirds vesel\u012bbu Atbalsta asinsriti<\/li>\n<li>Var pal\u012bdz\u0113t mazin\u0101t s\u0101pes un iekaisumu<\/li>\n<li>Atbalsta smadze\u0146u un kognit\u012bv\u0101s funkcijas<\/li>\n<\/ul>\n","protected":false},"featured_media":39127,"comment_status":"open","ping_status":"closed","template":"","meta":{"inline_featured_image":false},"product_brand":[],"product_cat":[161,158,154,152,147],"product_tag":[],"class_list":{"0":"post-39176","1":"product","2":"type-product","3":"status-publish","4":"has-post-thumbnail","6":"product_cat-akcijas","7":"product_cat-sirds-un-asins-plusma","8":"product_cat-sapes-un-iekaisums","9":"product_cat-gariga-aktivitate","10":"product_cat-ilgmuziba","12":"first","13":"instock","14":"sale","15":"shipping-taxable","16":"purchasable","17":"product-type-simple"},"_links":{"self":[{"href":"https:\/\/loosen.lt\/lv\/wp-json\/wp\/v2\/product\/39176","targetHints":{"allow":["GET"]}}],"collection":[{"href":"https:\/\/loosen.lt\/lv\/wp-json\/wp\/v2\/product"}],"about":[{"href":"https:\/\/loosen.lt\/lv\/wp-json\/wp\/v2\/types\/product"}],"replies":[{"embeddable":true,"href":"https:\/\/loosen.lt\/lv\/wp-json\/wp\/v2\/comments?post=39176"}],"wp:featuredmedia":[{"embeddable":true,"href":"https:\/\/loosen.lt\/lv\/wp-json\/wp\/v2\/media\/39127"}],"wp:attachment":[{"href":"https:\/\/loosen.lt\/lv\/wp-json\/wp\/v2\/media?parent=39176"}],"wp:term":[{"taxonomy":"product_brand","embeddable":true,"href":"https:\/\/loosen.lt\/lv\/wp-json\/wp\/v2\/product_brand?post=39176"},{"taxonomy":"product_cat","embeddable":true,"href":"https:\/\/loosen.lt\/lv\/wp-json\/wp\/v2\/product_cat?post=39176"},{"taxonomy":"product_tag","embeddable":true,"href":"https:\/\/loosen.lt\/lv\/wp-json\/wp\/v2\/product_tag?post=39176"}],"curies":[{"name":"wp","href":"https:\/\/api.w.org\/{rel}","templated":true}]}}