{"id":39178,"date":"2025-03-25T14:08:28","date_gmt":"2025-03-25T14:08:28","guid":{"rendered":"https:\/\/loosen.lt\/produktas\/trans-resveratrol-pulveris-24g-98-tiribas\/"},"modified":"2025-10-08T10:11:20","modified_gmt":"2025-10-08T10:11:20","slug":"trans-resveratrol-pulveris-24g-98-tiribas","status":"publish","type":"product","link":"https:\/\/loosen.lt\/lv\/produkts\/trans-resveratrol-pulveris-24g-98-tiribas\/","title":{"rendered":"L Cell Trans Resveratrol pulveris 24g >98% t\u012br\u012bbas"},"content":{"rendered":"<div><strong>Par produktu:<\/strong><\/div>\n<div><\/div>\n<ul>\n<li>24 g neitr\u0101las gar\u0161as pulvera.<\/li>\n<li>Iepakojum\u0101 ir 0,5 ml m\u0113rtrauks, kura daudzums atbilst aptuveni 400 mg resveratrola.<\/li>\n<li>Piem\u0113rots intens\u012bvai lieto\u0161anai 30+ dienas.<\/li>\n<li>Vair\u0101k nek\u0101 98% t\u012bra resveratrola.<\/li>\n<li>Dabisks produkts, kas ieg\u016bts no pilna spektra jap\u0101\u0146u knotweed ekstrakta.<\/li>\n<li>Tiek nodro\u0161in\u0101ts akt\u012bvo vielu saturs un dro\u0161ums: tiek veiktas regul\u0101ras laboratorisk\u0101s p\u0101rbaudes attiec\u012bb\u0101 uz sast\u0101vu, smago met\u0101lu un mikotoks\u012bnu saturu.<\/li>\n<li>Piem\u0113rots veg\u0101niem.<\/li>\n<li>Ra\u017eots saska\u0146\u0101 ar farm\u0101cijas standartiem Eiropas r\u016bpn\u012bc\u0101.<\/li>\n<li>Nesatur \u0122MO, m\u0101ksl\u012bg\u0101s kr\u0101svielas, konservantus, smar\u017evielas un alerg\u0113nus.<\/li>\n<\/ul>\n<p>&nbsp;<\/p>\n<div><\/div>\n<div><strong>Sast\u0101vda\u013cas:<\/strong> jap\u0101\u0146u kn\u0101bja ekstrakts (no kura vismaz 98% resveratrols), cinks, tiam\u012bns (B1 vitam\u012bns), D vitam\u012bns.<\/div>\n<div><\/div>\n<div>\n<table>\n<tbody>\n<tr>\n<td width=\"388\"><\/td>\n<td width=\"388\">Daudzums uz porciju<\/td>\n<\/tr>\n<tr>\n<td width=\"388\">Jap\u0101\u0146u knotweed ekstrakts (satur ne maz\u0101k k\u0101 98% resveratrola)<\/td>\n<td width=\"388\">800mg<\/td>\n<\/tr>\n<tr>\n<td width=\"388\">Cinks<\/td>\n<td width=\"388\">1.5mg<\/td>\n<\/tr>\n<tr>\n<td width=\"388\">Tiam\u012bns (B1 vitam\u012bns)<\/td>\n<td width=\"388\">0.615mg<\/td>\n<\/tr>\n<tr>\n<td width=\"388\">D vitam\u012bns<\/td>\n<td width=\"388\">0.75ug<\/td>\n<\/tr>\n<\/tbody>\n<\/table>\n<p>* Dienas v\u0113rt\u012bba nav noteikta<\/p>\n<div><strong>Lieto\u0161ana:<\/strong> \u0145em 1-2 kausi\u0146as pulvera no r\u012bta. Lai ieg\u016btu lab\u0101kos rezult\u0101tus, sajauciet ar taukos \u0161\u0137\u012bsto\u0161u p\u0101rtiku, piem\u0113ram, jogurtu vai ol\u012bve\u013c\u013cu, vai ar savu iecien\u012bt\u0101ko \u0113dienu.<\/div>\n<div><\/div>\n<div><\/div>\n<div><\/div>\n<div><strong>Uzglab\u0101\u0161anas nosac\u012bjumi:<\/strong> Uzglab\u0101t v\u0113s\u0101, saus\u0101 viet\u0101. Uzglab\u0101t b\u0113rniem nepieejam\u0101 viet\u0101.<\/div>\n<div><\/div>\n<div>Izcelsmes valsts: ES Der\u012bguma termi\u0146\u0161.<\/div>\n<div><\/div>\n<div><strong>Br\u012bdin\u0101jums:<\/strong> uztura bag\u0101tin\u0101t\u0101js nav malt\u012btes aizst\u0101j\u0113js. Svar\u012bgs ir daudzveid\u012bgs un sabalans\u0113ts uzturs un vesel\u012bgs dz\u012bvesveids. Ja esat gr\u016btniece, barojat b\u0113rnu ar kr\u016bti vai lietojat citas z\u0101les, pirms lieto\u0161anas konsult\u0113jieties ar \u0101rstu vai farmaceitu. Nep\u0101rsniedziet ieteicamo devu.<\/div>\n<\/div>\n","protected":false},"excerpt":{"rendered":"<div>Resveratrols ir dabisks savienojums ar sp\u0113c\u012bg\u0101m antioksidanta \u012bpa\u0161\u012bb\u0101m.<\/div>\n<div><\/div>\n<div><\/div>\n<div><\/div>\n<div><strong>Galven\u0101s \u012bpa\u0161\u012bbas:<\/strong><\/div>\n<div><\/div>\n<ul>\n<li><strong>Sirds un asinsrite:<\/strong> Pal\u012bdz uztur\u0113t vesel\u012bgu sirds darb\u012bbu.<\/li>\n<li><strong>Kauli un loc\u012btavas:<\/strong> pal\u012bdz uztur\u0113t norm\u0101lu kaulu stiprumu.<\/li>\n<li><strong>Ilgm\u016b\u017e\u012bba:<\/strong> Tas ir senoforisks l\u012bdzeklis, kas kav\u0113 SASP (\u0161\u016bnu iekaisuma avota) izplat\u012b\u0161anos un antioksidants, kas c\u012bn\u0101s ar br\u012bvajiem radik\u0101\u013ciem.<\/li>\n<\/ul>\n","protected":false},"featured_media":39124,"comment_status":"open","ping_status":"closed","template":"","meta":{"inline_featured_image":false},"product_brand":[],"product_cat":[161,158,149,147],"product_tag":[],"class_list":{"0":"post-39178","1":"product","2":"type-product","3":"status-publish","4":"has-post-thumbnail","6":"product_cat-akcijas","7":"product_cat-sirds-un-asins-plusma","8":"product_cat-kauli-un-locitavas","9":"product_cat-ilgmuziba","11":"first","12":"instock","13":"sale","14":"shipping-taxable","15":"purchasable","16":"product-type-simple"},"_links":{"self":[{"href":"https:\/\/loosen.lt\/lv\/wp-json\/wp\/v2\/product\/39178","targetHints":{"allow":["GET"]}}],"collection":[{"href":"https:\/\/loosen.lt\/lv\/wp-json\/wp\/v2\/product"}],"about":[{"href":"https:\/\/loosen.lt\/lv\/wp-json\/wp\/v2\/types\/product"}],"replies":[{"embeddable":true,"href":"https:\/\/loosen.lt\/lv\/wp-json\/wp\/v2\/comments?post=39178"}],"wp:featuredmedia":[{"embeddable":true,"href":"https:\/\/loosen.lt\/lv\/wp-json\/wp\/v2\/media\/39124"}],"wp:attachment":[{"href":"https:\/\/loosen.lt\/lv\/wp-json\/wp\/v2\/media?parent=39178"}],"wp:term":[{"taxonomy":"product_brand","embeddable":true,"href":"https:\/\/loosen.lt\/lv\/wp-json\/wp\/v2\/product_brand?post=39178"},{"taxonomy":"product_cat","embeddable":true,"href":"https:\/\/loosen.lt\/lv\/wp-json\/wp\/v2\/product_cat?post=39178"},{"taxonomy":"product_tag","embeddable":true,"href":"https:\/\/loosen.lt\/lv\/wp-json\/wp\/v2\/product_tag?post=39178"}],"curies":[{"name":"wp","href":"https:\/\/api.w.org\/{rel}","templated":true}]}}