{"id":39180,"date":"2025-03-25T13:15:09","date_gmt":"2025-03-25T13:15:09","guid":{"rendered":"https:\/\/loosen.lt\/produktas\/kvercetina-pulveris-30-g-95-tiribas\/"},"modified":"2026-04-27T14:58:15","modified_gmt":"2026-04-27T14:58:15","slug":"kvercetina-pulveris-30-g-95-tiribas","status":"publish","type":"product","link":"https:\/\/loosen.lt\/lv\/produkts\/kvercetina-pulveris-30-g-95-tiribas\/","title":{"rendered":"L Cell Kvercet\u012bna pulveris 30 g >95% t\u012br\u012bbas"},"content":{"rendered":"<div><strong>Par produktu:<\/strong><\/div>\n<div><\/div>\n<ul>\n<li>30 g pulvera ir augu gar\u0161a.<\/li>\n<li>Iepakojum\u0101 ir m\u0113rtrauks (0,5 ml), kura daudzums atbilst aptuveni 250 mg kvercet\u012bna.<\/li>\n<li>\u0160\u012b deva ir pietiekama intens\u012bvai lieto\u0161anai vair\u0101k nek\u0101 60 dienas.<\/li>\n<li>Vair\u0101k nek\u0101 95% t\u012br\u012bbas.<\/li>\n<li>Dabisks produkts, kas izgatavots no pilna spektra jap\u0101\u0146u pagodas koka ekstrakta.<\/li>\n<li>Akt\u012bv\u0101s sast\u0101vda\u013cas un dro\u0161\u012bba tiek nodro\u0161in\u0101ta ar past\u0101v\u012bgu laboratorijas kontroli, ieskaitot smago met\u0101lu un mikotoks\u012bnu testus.<\/li>\n<li>Piem\u0113rots veg\u0101niem.<\/li>\n<li>Ra\u017eots saska\u0146\u0101 ar augst\u0101kajiem farm\u0101cijas standartiem Eiropas r\u016bpn\u012bc\u0101.<\/li>\n<li>Nesatur \u0122MO, konservantus, smar\u017evielas, alerg\u0113nus un m\u0101ksl\u012bg\u0101s kr\u0101svielas.<\/li>\n<\/ul>\n<p>&nbsp;<\/p>\n<div><strong>Sast\u0101vs:<\/strong> Jap\u0101nas pagodas koka ekstrakts (no kura vismaz 95% kvercet\u012bna), cinks, tiam\u012bns (B1 vitam\u012bns), D vitam\u012bns.<\/div>\n<div><\/div>\n<div>\n<table>\n<tbody>\n<tr>\n<td width=\"388\"><\/td>\n<td width=\"388\">Daudzums uz porciju<\/td>\n<\/tr>\n<tr>\n<td width=\"388\">Jap\u0101nas pagodas koka ekstrakts (no kura vismaz 95% kvercet\u012bna)<\/td>\n<td width=\"388\">525mg<\/p>\n<p>500mg<\/td>\n<\/tr>\n<tr>\n<td width=\"388\">Cinks<\/td>\n<td width=\"388\">1.5mg<\/td>\n<\/tr>\n<tr>\n<td width=\"388\">Tiam\u012bns (B1 vitam\u012bns)<\/td>\n<td width=\"388\">0.165mg<\/td>\n<\/tr>\n<tr>\n<td width=\"388\">D vitam\u012bns<\/td>\n<td width=\"388\">0.75mg<\/td>\n<\/tr>\n<\/tbody>\n<\/table>\n<p>* Dienas v\u0113rt\u012bba nav noteikta<\/p>\n<div><strong>Lieto\u0161ana:<\/strong> \u0145em 2 karotes pulvera no r\u012bta. Lai ieg\u016btu lab\u0101kos rezult\u0101tus, sajauciet ar taukiem (piem\u0113ram, jogurtu vai ol\u012bve\u013c\u013cu) vai izv\u0113l\u0113tu \u0113dienu.<\/div>\n<div><\/div>\n<div><strong>Uzglab\u0101\u0161anas nosac\u012bjumi:<\/strong> Uzglab\u0101t v\u0113s\u0101, saus\u0101 viet\u0101. Uzglab\u0101t b\u0113rniem nepieejam\u0101 viet\u0101.<\/div>\n<div>Izcelsmes valsts: ES Der\u012bguma termi\u0146\u0161.<\/div>\n<div><\/div>\n<div><strong>Br\u012bdin\u0101jums:<\/strong> uztura bag\u0101tin\u0101t\u0101js nav malt\u012btes aizst\u0101j\u0113js. Svar\u012bgs ir daudzveid\u012bgs un sabalans\u0113ts uzturs un vesel\u012bgs dz\u012bvesveids. Ja esat gr\u016btniece, barojat b\u0113rnu ar kr\u016bti vai lietojat citas z\u0101les, pirms lieto\u0161anas konsult\u0113jieties ar \u0101rstu vai farmaceitu. Nep\u0101rsniedziet ieteicamo devu.<\/div>\n<\/div>\n","protected":false},"excerpt":{"rendered":"<div>Kvercet\u012bna pulveris ir dabisks flavono\u012bds, kas atrodams daudzos augos.<\/div>\n<div><\/div>\n<div><\/div>\n<div><\/div>\n<div><strong>Galven\u0101s iez\u012bmes:<\/strong><\/div>\n<div><\/div>\n<ul>\n<li>Var veicin\u0101t imunit\u0101tes stiprin\u0101\u0161anu<\/li>\n<li>Var atbalst\u012bt sirds vesel\u012bbu Atbalsta asinsriti<\/li>\n<li>Var pal\u012bdz\u0113t mazin\u0101t s\u0101pes un iekaisumu<\/li>\n<li>Atbalsta smadze\u0146u un kognit\u012bv\u0101s funkcijas<\/li>\n<\/ul>\n","protected":false},"featured_media":39121,"comment_status":"open","ping_status":"closed","template":"","meta":{"inline_featured_image":false},"product_brand":[],"product_cat":[161,158,154,152,147],"product_tag":[],"class_list":{"0":"post-39180","1":"product","2":"type-product","3":"status-publish","4":"has-post-thumbnail","6":"product_cat-akcijas","7":"product_cat-sirds-un-asins-plusma","8":"product_cat-sapes-un-iekaisums","9":"product_cat-gariga-aktivitate","10":"product_cat-ilgmuziba","12":"first","13":"instock","14":"sale","15":"shipping-taxable","16":"purchasable","17":"product-type-simple"},"_links":{"self":[{"href":"https:\/\/loosen.lt\/lv\/wp-json\/wp\/v2\/product\/39180","targetHints":{"allow":["GET"]}}],"collection":[{"href":"https:\/\/loosen.lt\/lv\/wp-json\/wp\/v2\/product"}],"about":[{"href":"https:\/\/loosen.lt\/lv\/wp-json\/wp\/v2\/types\/product"}],"replies":[{"embeddable":true,"href":"https:\/\/loosen.lt\/lv\/wp-json\/wp\/v2\/comments?post=39180"}],"wp:featuredmedia":[{"embeddable":true,"href":"https:\/\/loosen.lt\/lv\/wp-json\/wp\/v2\/media\/39121"}],"wp:attachment":[{"href":"https:\/\/loosen.lt\/lv\/wp-json\/wp\/v2\/media?parent=39180"}],"wp:term":[{"taxonomy":"product_brand","embeddable":true,"href":"https:\/\/loosen.lt\/lv\/wp-json\/wp\/v2\/product_brand?post=39180"},{"taxonomy":"product_cat","embeddable":true,"href":"https:\/\/loosen.lt\/lv\/wp-json\/wp\/v2\/product_cat?post=39180"},{"taxonomy":"product_tag","embeddable":true,"href":"https:\/\/loosen.lt\/lv\/wp-json\/wp\/v2\/product_tag?post=39180"}],"curies":[{"name":"wp","href":"https:\/\/api.w.org\/{rel}","templated":true}]}}