{"id":39182,"date":"2025-03-25T13:10:32","date_gmt":"2025-03-25T13:10:32","guid":{"rendered":"https:\/\/loosen.lt\/produktas\/berberina-pulveris-42g-98-tiribas\/"},"modified":"2025-07-08T16:37:30","modified_gmt":"2025-07-08T16:37:30","slug":"berberina-pulveris-42g-98-tiribas","status":"publish","type":"product","link":"https:\/\/loosen.lt\/lv\/produkts\/berberina-pulveris-42g-98-tiribas\/","title":{"rendered":"L Cell Berber\u012bna pulveris 42g >98% t\u012br\u012bbas"},"content":{"rendered":"<div><strong>Par produktu:<\/strong><\/div>\n<div><\/div>\n<ul>\n<li>42 g \u012bpa\u0161i r\u016bgta pulvera (v\u0113lams sajaukt ar s\u0101\u013cu p\u0101rtiku, lai mazin\u0101tu r\u016bgtuma saj\u016btu).<\/li>\n<li>Iepakojum\u0101 ir 0,5 ml m\u0113rtrauks, kas atbilst aptuveni 350 mg berber\u012bna.<\/li>\n<li>Pietiek 60+ dienas intens\u012bvai lieto\u0161anai.<\/li>\n<li>Berber\u012bns ar vair\u0101k nek\u0101 98% t\u012br\u012bbu.<\/li>\n<li>Dabisks produkts, kas ieg\u016bts no pilna spektra Am\u016bras kor\u0137a ekstrakta.<\/li>\n<li>Tiek nodro\u0161in\u0101ts akt\u012bvo vielu saturs un dro\u0161ums: past\u0101v\u012bgi tiek veikti laboratoriskie testi sast\u0101vam, smagajiem met\u0101liem un mikotoks\u012bniem.<\/li>\n<li>Piem\u0113rots veg\u0101niem.<\/li>\n<li>Ra\u017eots saska\u0146\u0101 ar farmaceitisk\u0101s kvalit\u0101tes standartiem Eiropas r\u016bpn\u012bc\u0101.<\/li>\n<li>Nesatur \u0122MO, m\u0101ksl\u012bg\u0101s kr\u0101svielas, konservantus, smar\u017evielas un alerg\u0113nus.<\/li>\n<\/ul>\n<div><\/div>\n<div><strong>Sast\u0101vs:<\/strong> Am\u016bras mizas koka ekstrakts (no kuriem vismaz 98% berber\u012bns), cinks, tiam\u012bns (B1 vitam\u012bns).<\/div>\n<div><\/div>\n<div>\n<table>\n<tbody>\n<tr>\n<td width=\"388\">&nbsp;<\/td>\n<td width=\"388\">Daudzums uz porciju<\/td>\n<\/tr>\n<tr>\n<td width=\"388\">Am\u016bras mizas koka ekstrakts (satur vismaz 98% berber\u012bna)<\/td>\n<td width=\"388\">700mg<\/td>\n<\/tr>\n<tr>\n<td width=\"388\">Cinks<\/td>\n<td width=\"388\">1.5mg<\/td>\n<\/tr>\n<tr>\n<td width=\"388\">Tiam\u012bns (B1 vitam\u012bns)<\/td>\n<td width=\"388\">0.165mg<\/td>\n<\/tr>\n<\/tbody>\n<\/table>\n<p>* Dienas v\u0113rt\u012bba nav noteikta<\/p>\n<div><strong>Lieto\u0161ana:<\/strong> Lietojiet 2-3 karotes pulvera jebkur\u0101 diennakts laik\u0101, 15-30 min\u016btes pirms \u0113\u0161anas. Lai mazin\u0101tu r\u016bgtumu, v\u0113lams tos sajaukt ar s\u0101\u013ciem \u0113dieniem.<\/div>\n<div><\/div>\n<div><\/div>\n<div><\/div>\n<div><strong>Uzglab\u0101\u0161anas nosac\u012bjumi:<\/strong> Uzglab\u0101t v\u0113s\u0101, saus\u0101 viet\u0101. Uzglab\u0101t b\u0113rniem nepieejam\u0101 viet\u0101.<\/div>\n<div><\/div>\n<div>Izcelsmes valsts: ES Der\u012bguma termi\u0146\u0161.<\/div>\n<div><\/div>\n<div><strong>Br\u012bdin\u0101jums:<\/strong> uztura bag\u0101tin\u0101t\u0101js nav malt\u012btes aizst\u0101j\u0113js. Svar\u012bgs ir daudzveid\u012bgs un sabalans\u0113ts uzturs un vesel\u012bgs dz\u012bvesveids. Ja esat gr\u016btniece, barojat b\u0113rnu ar kr\u016bti vai lietojat citas z\u0101les, pirms lieto\u0161anas konsult\u0113jieties ar \u0101rstu vai farmaceitu. Nep\u0101rsniedziet ieteicamo devu.<\/div>\n<\/div>\n","protected":false},"excerpt":{"rendered":"<div>Berber\u012bns ir dabisks savienojums, kas atrodams da\u017e\u0101dos tradicion\u0101lajos augos, bet t\u0101 liel\u0101k\u0101 koncentr\u0101cija ir atrodama b\u0101rbe\u013cu sakn\u0113s.<\/div>\n<div><\/div>\n<div><\/div>\n<div><\/div>\n<div><strong>Galven\u0101s \u012bpa\u0161\u012bbas:<\/strong><\/div>\n<div><\/div>\n<ul>\n<li>Uztur norm\u0101lu holester\u012bna l\u012bmeni<\/li>\n<li>Var uztur\u0113t glikozes l\u012bmeni asin\u012bs Atbalsta svara kontroli<\/li>\n<li>Var atbalst\u012bt norm\u0101lu sirds un asinsrites sist\u0113mas darb\u012bbu<\/li>\n<\/ul>\n","protected":false},"featured_media":39117,"comment_status":"open","ping_status":"closed","template":"","meta":{"inline_featured_image":false},"product_brand":[],"product_cat":[161,158,155],"product_tag":[],"class_list":{"0":"post-39182","1":"product","2":"type-product","3":"status-publish","4":"has-post-thumbnail","6":"product_cat-akcijas","7":"product_cat-sirds-un-asins-plusma","8":"product_cat-svara-kontrole","10":"first","11":"instock","12":"sale","13":"shipping-taxable","14":"purchasable","15":"product-type-simple"},"_links":{"self":[{"href":"https:\/\/loosen.lt\/lv\/wp-json\/wp\/v2\/product\/39182","targetHints":{"allow":["GET"]}}],"collection":[{"href":"https:\/\/loosen.lt\/lv\/wp-json\/wp\/v2\/product"}],"about":[{"href":"https:\/\/loosen.lt\/lv\/wp-json\/wp\/v2\/types\/product"}],"replies":[{"embeddable":true,"href":"https:\/\/loosen.lt\/lv\/wp-json\/wp\/v2\/comments?post=39182"}],"wp:featuredmedia":[{"embeddable":true,"href":"https:\/\/loosen.lt\/lv\/wp-json\/wp\/v2\/media\/39117"}],"wp:attachment":[{"href":"https:\/\/loosen.lt\/lv\/wp-json\/wp\/v2\/media?parent=39182"}],"wp:term":[{"taxonomy":"product_brand","embeddable":true,"href":"https:\/\/loosen.lt\/lv\/wp-json\/wp\/v2\/product_brand?post=39182"},{"taxonomy":"product_cat","embeddable":true,"href":"https:\/\/loosen.lt\/lv\/wp-json\/wp\/v2\/product_cat?post=39182"},{"taxonomy":"product_tag","embeddable":true,"href":"https:\/\/loosen.lt\/lv\/wp-json\/wp\/v2\/product_tag?post=39182"}],"curies":[{"name":"wp","href":"https:\/\/api.w.org\/{rel}","templated":true}]}}