{"id":39183,"date":"2025-03-25T13:07:53","date_gmt":"2025-03-25T13:07:53","guid":{"rendered":"https:\/\/loosen.lt\/produktas\/berberina-kapsulas-300-mg-60-gab\/"},"modified":"2025-07-08T16:38:00","modified_gmt":"2025-07-08T16:38:00","slug":"berberina-kapsulas-300-mg-60-gab","status":"publish","type":"product","link":"https:\/\/loosen.lt\/lv\/produkts\/berberina-kapsulas-300-mg-60-gab\/","title":{"rendered":"L Cell Berber\u012bna kapsulas 300 mg (60 gab.)"},"content":{"rendered":"<div><strong>Par produktu:<\/strong><\/div>\n<div><\/div>\n<ul>\n<li>Iepakojum\u0101 ir 60 kapsulas, katra satur 300 mg berber\u012bna.<\/li>\n<li>Pietiek vair\u0101k nek\u0101 30 dienas intens\u012bvai lieto\u0161anai.<\/li>\n<li>Vair\u0101k nek\u0101 98% t\u012br\u012bbas.<\/li>\n<li>Dab\u012bgs: izgatavots no Am\u016bras kor\u0137a ekstrakta, nodro\u0161inot pilnu akt\u012bvo sast\u0101vda\u013cu spektru.<\/li>\n<li>Tiek nodro\u0161in\u0101ts akt\u012bvo vielu saturs un dro\u0161ums: tiek veiktas periodiskas laboratorisk\u0101s p\u0101rbaudes, tostarp smago met\u0101lu un mikotoks\u012bnu.<\/li>\n<li>Piem\u0113rots veg\u0101niem: kapsulas apvalks ir izgatavots no HPMC (hipromelozes), nevis no dz\u012bvnieku izcelsmes \u017eelat\u012bna. HPMC ir dro\u0161a \u016bden\u012b \u0161\u0137\u012bsto\u0161a viela, kas ir viegli sagremojama.<\/li>\n<li>Ra\u017eots Eiropas farmaceitisk\u0101s kvalit\u0101tes r\u016bpn\u012bc\u0101s.<\/li>\n<li>Nesatur \u0122MO, m\u0101ksl\u012bg\u0101s kr\u0101svielas, konservantus, smar\u017evielas vai alerg\u0113nus.<\/li>\n<\/ul>\n<p>&nbsp;<\/p>\n<div><strong>Sast\u0101vs:<\/strong> Am\u016bras kor\u0137a koka ekstrakts (no kuriem vismaz 98% berber\u012bns), cinks, tiam\u012bns (B1 vitam\u012bns), veg\u0101nisks HPMC kapsulas p\u0101rkl\u0101jums.<\/div>\n<div><\/div>\n<div>\n<table>\n<tbody>\n<tr>\n<td width=\"388\">&nbsp;<\/td>\n<td width=\"388\">Daudzums uz porciju<\/td>\n<\/tr>\n<tr>\n<td width=\"388\">Am\u016bras mizas koka ekstrakts (satur vismaz 98% berber\u012bna)<\/td>\n<td width=\"388\">600mg<\/td>\n<\/tr>\n<tr>\n<td width=\"388\">Cinks<\/td>\n<td width=\"388\">1.5mg<\/td>\n<\/tr>\n<tr>\n<td width=\"388\">Tiam\u012bns (B1 vitam\u012bns)<\/td>\n<td width=\"388\">0.165mg<\/td>\n<\/tr>\n<\/tbody>\n<\/table>\n<p>* Dienas v\u0113rt\u012bba nav noteikta<\/p>\n<\/div>\n<div><strong>Lieto\u0161ana:<\/strong> 2 kapsulas jebkur\u0101 diennakts laik\u0101 15-30 min\u016btes pirms \u0113\u0161anas. Norijiet ar \u016bdeni.<\/div>\n<div><\/div>\n<div><strong>Uzglab\u0101\u0161anas nosac\u012bjumi:<\/strong> Uzglab\u0101t v\u0113s\u0101, saus\u0101 viet\u0101. Uzglab\u0101t b\u0113rniem nepieejam\u0101 viet\u0101.<\/div>\n<div><\/div>\n<div><\/div>\n<div>Izcelsmes valsts: ES Der\u012bguma termi\u0146\u0161.<\/div>\n<div><\/div>\n<div><strong>Br\u012bdin\u0101jums:<\/strong> uztura bag\u0101tin\u0101t\u0101js nav malt\u012btes aizst\u0101j\u0113js. Svar\u012bgs ir daudzveid\u012bgs un sabalans\u0113ts uzturs un vesel\u012bgs dz\u012bvesveids. Ja esat gr\u016btniece, barojat b\u0113rnu ar kr\u016bti vai lietojat citas z\u0101les, pirms lieto\u0161anas konsult\u0113jieties ar \u0101rstu vai farmaceitu. Nep\u0101rsniedziet ieteicamo devu.<\/div>\n<div><\/div>\n","protected":false},"excerpt":{"rendered":"<div>Berber\u012bns ir atrodams da\u017e\u0101dos tradicion\u0101lajos augos, bet visvair\u0101k tas ir b\u0101rbeles sakn\u0113s.<\/div>\n<div><\/div>\n<div><\/div>\n<div><\/div>\n<div><strong>Galven\u0101s \u012bpa\u0161\u012bbas:<\/strong><\/div>\n<p>&nbsp;<\/p>\n<ul>\n<li>Uztur norm\u0101lu holester\u012bna l\u012bmeni<\/li>\n<li>Var uztur\u0113t glikozes l\u012bmeni asin\u012bs<\/li>\n<li>Atbalsta svara kontroli<\/li>\n<li>Var atbalst\u012bt norm\u0101lu sirds un asinsrites sist\u0113mas darb\u012bbu<\/li>\n<\/ul>\n","protected":false},"featured_media":39114,"comment_status":"open","ping_status":"closed","template":"","meta":{"inline_featured_image":false},"product_brand":[],"product_cat":[161,158,155],"product_tag":[],"class_list":{"0":"post-39183","1":"product","2":"type-product","3":"status-publish","4":"has-post-thumbnail","6":"product_cat-akcijas","7":"product_cat-sirds-un-asins-plusma","8":"product_cat-svara-kontrole","10":"first","11":"outofstock","12":"sale","13":"shipping-taxable","14":"purchasable","15":"product-type-simple"},"_links":{"self":[{"href":"https:\/\/loosen.lt\/lv\/wp-json\/wp\/v2\/product\/39183","targetHints":{"allow":["GET"]}}],"collection":[{"href":"https:\/\/loosen.lt\/lv\/wp-json\/wp\/v2\/product"}],"about":[{"href":"https:\/\/loosen.lt\/lv\/wp-json\/wp\/v2\/types\/product"}],"replies":[{"embeddable":true,"href":"https:\/\/loosen.lt\/lv\/wp-json\/wp\/v2\/comments?post=39183"}],"wp:featuredmedia":[{"embeddable":true,"href":"https:\/\/loosen.lt\/lv\/wp-json\/wp\/v2\/media\/39114"}],"wp:attachment":[{"href":"https:\/\/loosen.lt\/lv\/wp-json\/wp\/v2\/media?parent=39183"}],"wp:term":[{"taxonomy":"product_brand","embeddable":true,"href":"https:\/\/loosen.lt\/lv\/wp-json\/wp\/v2\/product_brand?post=39183"},{"taxonomy":"product_cat","embeddable":true,"href":"https:\/\/loosen.lt\/lv\/wp-json\/wp\/v2\/product_cat?post=39183"},{"taxonomy":"product_tag","embeddable":true,"href":"https:\/\/loosen.lt\/lv\/wp-json\/wp\/v2\/product_tag?post=39183"}],"curies":[{"name":"wp","href":"https:\/\/api.w.org\/{rel}","templated":true}]}}