{"id":39701,"date":"2025-04-13T14:03:09","date_gmt":"2025-04-13T14:03:09","guid":{"rendered":"https:\/\/loosen.lt\/produktas\/matcha-tejas-sietins\/"},"modified":"2025-06-05T10:04:39","modified_gmt":"2025-06-05T10:04:39","slug":"matcha-tejas-sietins","status":"publish","type":"product","link":"https:\/\/loosen.lt\/lv\/produkts\/matcha-tejas-sietins\/","title":{"rendered":"Matcha t\u0113jas sieti\u0146\u0161"},"content":{"rendered":"<p>Augstas kvalit\u0101tes matcha t\u0113jas pulveris, kas samalts ar akmens dzirnavi\u0146\u0101m, saglab\u0101 vair\u0101k der\u012bgo \u012bpa\u0161\u012bbu \u2013 maz\u0101k oksid\u0113jas, saglab\u0101 savu ko\u0161o kr\u0101su, intens\u012bvu arom\u0101tu un liel\u0101ku uzturv\u0113rt\u012bbu. Tom\u0113r tie bie\u017ei ir \u013coti smalki, t\u0101p\u0113c tie var k\u013c\u016bt elektrostatiski un veidot gabali\u0146us, kurus ir gr\u016bti sadal\u012bt ar \u016bdeni. Izmantojot \u0161o sieti\u0146u, j\u016bs viegli izsij\u0101sit pulveri un no\u0146emsiet liel\u0101kus gabali\u0146us, nodro\u0161inot, ka j\u016bsu matcha t\u0113ja ir gluda un bez nev\u0113lamiem kunku\u013ciem.<\/p>\n","protected":false},"excerpt":{"rendered":"<p>Matcha pulvera izsij\u0101\u0161ana caur sietu ir vienk\u0101r\u0161s, tom\u0113r iz\u0161\u0137iro\u0161s solis, kas \u013cauj ieg\u016bt vienm\u0113r\u012bg\u0101ku un vienm\u0113r\u012bg\u0101ku t\u0113jas konsistenci, t\u0101d\u0113j\u0101di atvieglojot t\u0101s pagatavo\u0161anu.<\/p>\n","protected":false},"featured_media":39678,"comment_status":"open","ping_status":"closed","template":"","meta":{"inline_featured_image":false},"product_brand":[],"product_cat":[150],"product_tag":[],"class_list":{"0":"post-39701","1":"product","2":"type-product","3":"status-publish","4":"has-post-thumbnail","6":"product_cat-matcha-un-teja","8":"first","9":"instock","10":"shipping-taxable","11":"purchasable","12":"product-type-simple"},"_links":{"self":[{"href":"https:\/\/loosen.lt\/lv\/wp-json\/wp\/v2\/product\/39701","targetHints":{"allow":["GET"]}}],"collection":[{"href":"https:\/\/loosen.lt\/lv\/wp-json\/wp\/v2\/product"}],"about":[{"href":"https:\/\/loosen.lt\/lv\/wp-json\/wp\/v2\/types\/product"}],"replies":[{"embeddable":true,"href":"https:\/\/loosen.lt\/lv\/wp-json\/wp\/v2\/comments?post=39701"}],"wp:featuredmedia":[{"embeddable":true,"href":"https:\/\/loosen.lt\/lv\/wp-json\/wp\/v2\/media\/39678"}],"wp:attachment":[{"href":"https:\/\/loosen.lt\/lv\/wp-json\/wp\/v2\/media?parent=39701"}],"wp:term":[{"taxonomy":"product_brand","embeddable":true,"href":"https:\/\/loosen.lt\/lv\/wp-json\/wp\/v2\/product_brand?post=39701"},{"taxonomy":"product_cat","embeddable":true,"href":"https:\/\/loosen.lt\/lv\/wp-json\/wp\/v2\/product_cat?post=39701"},{"taxonomy":"product_tag","embeddable":true,"href":"https:\/\/loosen.lt\/lv\/wp-json\/wp\/v2\/product_tag?post=39701"}],"curies":[{"name":"wp","href":"https:\/\/api.w.org\/{rel}","templated":true}]}}