{"id":39702,"date":"2025-04-13T13:59:46","date_gmt":"2025-04-13T13:59:46","guid":{"rendered":"https:\/\/loosen.lt\/produktas\/matcha-putotaja-stativs\/"},"modified":"2025-06-05T10:05:00","modified_gmt":"2025-06-05T10:05:00","slug":"matcha-putotaja-stativs","status":"publish","type":"product","link":"https:\/\/loosen.lt\/lv\/produkts\/matcha-putotaja-stativs\/","title":{"rendered":"Matcha putot\u0101ja stat\u012bvs"},"content":{"rendered":"<p>P\u0113c lieto\u0161anas vienk\u0101r\u0161i izskalojiet matcha putot\u0101ju ar siltu \u016bdeni un novietojiet to uz \u0161\u012b tur\u0113t\u0101ja. Tas pal\u012bdz\u0113s putot\u0101jai dabiski no\u017e\u016bt, nezaud\u0113jot formu un pasarg\u0101jot to no plais\u0101\u0161anas.<\/p>\n","protected":false},"excerpt":{"rendered":"<p>\u0160is keramikas matcha t\u0113jas sloti\u0146as tur\u0113t\u0101js ir elegants un funkcion\u0101ls aksesu\u0101rs, kas pal\u012bdz uztur\u0113t j\u016bsu bambusa putot\u0101ju lielisk\u0101 st\u0101vokl\u012b.<\/p>\n","protected":false},"featured_media":39671,"comment_status":"open","ping_status":"closed","template":"","meta":{"inline_featured_image":false},"product_brand":[],"product_cat":[150],"product_tag":[],"class_list":{"0":"post-39702","1":"product","2":"type-product","3":"status-publish","4":"has-post-thumbnail","6":"product_cat-matcha-un-teja","8":"first","9":"instock","10":"shipping-taxable","11":"purchasable","12":"product-type-simple"},"_links":{"self":[{"href":"https:\/\/loosen.lt\/lv\/wp-json\/wp\/v2\/product\/39702","targetHints":{"allow":["GET"]}}],"collection":[{"href":"https:\/\/loosen.lt\/lv\/wp-json\/wp\/v2\/product"}],"about":[{"href":"https:\/\/loosen.lt\/lv\/wp-json\/wp\/v2\/types\/product"}],"replies":[{"embeddable":true,"href":"https:\/\/loosen.lt\/lv\/wp-json\/wp\/v2\/comments?post=39702"}],"wp:featuredmedia":[{"embeddable":true,"href":"https:\/\/loosen.lt\/lv\/wp-json\/wp\/v2\/media\/39671"}],"wp:attachment":[{"href":"https:\/\/loosen.lt\/lv\/wp-json\/wp\/v2\/media?parent=39702"}],"wp:term":[{"taxonomy":"product_brand","embeddable":true,"href":"https:\/\/loosen.lt\/lv\/wp-json\/wp\/v2\/product_brand?post=39702"},{"taxonomy":"product_cat","embeddable":true,"href":"https:\/\/loosen.lt\/lv\/wp-json\/wp\/v2\/product_cat?post=39702"},{"taxonomy":"product_tag","embeddable":true,"href":"https:\/\/loosen.lt\/lv\/wp-json\/wp\/v2\/product_tag?post=39702"}],"curies":[{"name":"wp","href":"https:\/\/api.w.org\/{rel}","templated":true}]}}