{"id":39703,"date":"2025-04-13T13:56:08","date_gmt":"2025-04-13T13:56:08","guid":{"rendered":"https:\/\/loosen.lt\/produktas\/bambusa-putotajs-matcha-tejas-saputosanai\/"},"modified":"2025-06-05T10:05:57","modified_gmt":"2025-06-05T10:05:57","slug":"bambusa-putotajs-matcha-tejas-saputosanai","status":"publish","type":"product","link":"https:\/\/loosen.lt\/lv\/produkts\/bambusa-putotajs-matcha-tejas-saputosanai\/","title":{"rendered":"Bambusa putot\u0101js matcha t\u0113jas saputo\u0161anai"},"content":{"rendered":"<div><strong>Ar rok\u0101m gatavot\u0101 jap\u0101\u0146u matcha putot\u0101ja \u012bpa\u0161\u012bbas:<\/strong><\/div>\n<div><\/div>\n<ul>\n<li>Izgatavots Jap\u0101n\u0101 no viena bambusa gabala \u2013 meistar\u012bbas un trad\u012bciju kombin\u0101cija<\/li>\n<li>Lieliski saputo gludai, gludai un putojo\u0161ai matcha t\u0113jai<\/li>\n<li>Autentisks dizains, kas balst\u012bts uz sen\u0101m t\u0113jas ceremoniju trad\u012bcij\u0101m<\/li>\n<li>Ekolo\u0123iska un ilgtsp\u0113j\u012bga izv\u0113le \u2013 bez plastmasas, dab\u012bgs bambuss<\/li>\n<li>Ilgm\u016b\u017e\u012bgs \u2013 ar pareizu kop\u0161anu kalpos vair\u0101k nek\u0101 gadu, bet intens\u012bvi lietojot, var b\u016bt nepiecie\u0161ams nomain\u012bt ik p\u0113c 3-6 m\u0113ne\u0161iem.<\/li>\n<\/ul>\n","protected":false},"excerpt":{"rendered":"<p>Jap\u0101\u0146u matcha t\u0113jas putot\u0101js ir autentisks instruments, ko izmanto, lai saputotu matcha pulveri glud\u0101, glud\u0101 un putojo\u0161\u0101 t\u0113j\u0101. Izgatavots no dab\u012bg\u0101 bambusa, \u0161is putot\u0101js ir tradicion\u0101l\u0101s jap\u0101\u0146u t\u0113jas pagatavo\u0161anas sast\u0101vda\u013ca.<\/p>\n","protected":false},"featured_media":39666,"comment_status":"open","ping_status":"closed","template":"","meta":{"inline_featured_image":false},"product_brand":[],"product_cat":[150],"product_tag":[],"class_list":{"0":"post-39703","1":"product","2":"type-product","3":"status-publish","4":"has-post-thumbnail","6":"product_cat-matcha-un-teja","8":"first","9":"instock","10":"shipping-taxable","11":"purchasable","12":"product-type-simple"},"_links":{"self":[{"href":"https:\/\/loosen.lt\/lv\/wp-json\/wp\/v2\/product\/39703","targetHints":{"allow":["GET"]}}],"collection":[{"href":"https:\/\/loosen.lt\/lv\/wp-json\/wp\/v2\/product"}],"about":[{"href":"https:\/\/loosen.lt\/lv\/wp-json\/wp\/v2\/types\/product"}],"replies":[{"embeddable":true,"href":"https:\/\/loosen.lt\/lv\/wp-json\/wp\/v2\/comments?post=39703"}],"wp:featuredmedia":[{"embeddable":true,"href":"https:\/\/loosen.lt\/lv\/wp-json\/wp\/v2\/media\/39666"}],"wp:attachment":[{"href":"https:\/\/loosen.lt\/lv\/wp-json\/wp\/v2\/media?parent=39703"}],"wp:term":[{"taxonomy":"product_brand","embeddable":true,"href":"https:\/\/loosen.lt\/lv\/wp-json\/wp\/v2\/product_brand?post=39703"},{"taxonomy":"product_cat","embeddable":true,"href":"https:\/\/loosen.lt\/lv\/wp-json\/wp\/v2\/product_cat?post=39703"},{"taxonomy":"product_tag","embeddable":true,"href":"https:\/\/loosen.lt\/lv\/wp-json\/wp\/v2\/product_tag?post=39703"}],"curies":[{"name":"wp","href":"https:\/\/api.w.org\/{rel}","templated":true}]}}