{"id":39710,"date":"2025-04-14T13:39:30","date_gmt":"2025-04-14T13:39:30","guid":{"rendered":"https:\/\/loosen.lt\/produktas\/kanepju-teja-20g\/"},"modified":"2025-06-05T10:03:27","modified_gmt":"2025-06-05T10:03:27","slug":"kanepju-teja-20g","status":"publish","type":"product","link":"https:\/\/loosen.lt\/lv\/produkts\/kanepju-teja-20g\/","title":{"rendered":"Ka\u0146epju t\u0113ja 20g"},"content":{"rendered":"<ul>\n<li>\u0160\u012b ka\u0146epju t\u0113ja ir izgatavota no s\u0113kl\u0101m, kas sertific\u0113ts Eiropas Savien\u012bb\u0101.<\/li>\n<li>Produkts piln\u012bb\u0101 atbilst ES ties\u012bbu aktiem, padarot to par likum\u012bgu un piem\u0113rotu p\u0101rdo\u0161anai vis\u0101 Eiropas Savien\u012bb\u0101.<\/li>\n<li>Audz\u0113\u0161anas laik\u0101 tika izmantots tikai organiskais m\u0113slojums.<\/li>\n<li>THC saturs nep\u0101rsniedz 0,2%.<\/li>\n<li>Br\u012bvs no \u0123en\u0113tiski modific\u0113tiem organismiem (\u0122MO).<\/li>\n<li>Tas ir dabisks, neapstr\u0101d\u0101ts produkts.<\/li>\n<\/ul>\n<div><\/div>\n<div>Produkts: Ka\u0146epju ziedu t\u0113ja<\/div>\n<div>Ra\u017eot\u0101js: Baltic Shamans Farm<\/div>\n<div>Izcelsmes valsts: Lietuva<\/div>\n<div>Sast\u0101vs: Ka\u0146epju (Cannabis Sativa L.) ziedi<\/div>\n<div>Neto svars: 20 g<\/div>\n<div>THC saturs: maz\u0101ks par 0,2%<\/div>\n<div>Der\u012bguma termi\u0146\u0161: skat\u012bt uz iepakojuma<\/div>\n<div><\/div>\n<div><strong>Sagatavo\u0161anas metode:<\/strong><\/div>\n<div><\/div>\n<div>Uz 450 ml tases porciju izmantojiet apm\u0113ram 0,5 g ziedu. Ielej 95 \u00b0C \u016bdeni un atst\u0101j uz 5\u20138 min\u016bt\u0113m, lai atkl\u0101tu visas gar\u0161as un \u012bpa\u0161\u012bbas.<\/div>\n<div><\/div>\n<div><strong>Uzglab\u0101\u0161anas ieteikumi:<\/strong><\/div>\n<div><\/div>\n<div>Uzglab\u0101t saus\u0101 viet\u0101 istabas temperat\u016br\u0101, prom no tie\u0161iem saules stariem. Uzglab\u0101t b\u0113rniem nepieejam\u0101 viet\u0101.<\/div>\n","protected":false},"excerpt":{"rendered":"<p>\u0160ai ka\u0146epju t\u0113jai ir smalks zemesriekstu, kakao un citrusaug\u013cu arom\u0101ts.<br \/>\nSvars: 20 g<\/p>\n","protected":false},"featured_media":39708,"comment_status":"open","ping_status":"closed","template":"","meta":{"inline_featured_image":false},"product_brand":[],"product_cat":[150],"product_tag":[],"class_list":{"0":"post-39710","1":"product","2":"type-product","3":"status-publish","4":"has-post-thumbnail","6":"product_cat-matcha-un-teja","8":"first","9":"outofstock","10":"shipping-taxable","11":"purchasable","12":"product-type-simple"},"_links":{"self":[{"href":"https:\/\/loosen.lt\/lv\/wp-json\/wp\/v2\/product\/39710","targetHints":{"allow":["GET"]}}],"collection":[{"href":"https:\/\/loosen.lt\/lv\/wp-json\/wp\/v2\/product"}],"about":[{"href":"https:\/\/loosen.lt\/lv\/wp-json\/wp\/v2\/types\/product"}],"replies":[{"embeddable":true,"href":"https:\/\/loosen.lt\/lv\/wp-json\/wp\/v2\/comments?post=39710"}],"wp:featuredmedia":[{"embeddable":true,"href":"https:\/\/loosen.lt\/lv\/wp-json\/wp\/v2\/media\/39708"}],"wp:attachment":[{"href":"https:\/\/loosen.lt\/lv\/wp-json\/wp\/v2\/media?parent=39710"}],"wp:term":[{"taxonomy":"product_brand","embeddable":true,"href":"https:\/\/loosen.lt\/lv\/wp-json\/wp\/v2\/product_brand?post=39710"},{"taxonomy":"product_cat","embeddable":true,"href":"https:\/\/loosen.lt\/lv\/wp-json\/wp\/v2\/product_cat?post=39710"},{"taxonomy":"product_tag","embeddable":true,"href":"https:\/\/loosen.lt\/lv\/wp-json\/wp\/v2\/product_tag?post=39710"}],"curies":[{"name":"wp","href":"https:\/\/api.w.org\/{rel}","templated":true}]}}