{"id":39872,"date":"2025-04-18T16:46:07","date_gmt":"2025-04-18T16:46:07","guid":{"rendered":"https:\/\/loosen.lt\/produktas\/ceremoniala-matcha-35g\/"},"modified":"2026-02-06T13:35:49","modified_gmt":"2026-02-06T13:35:49","slug":"ceremoniala-matcha-35g","status":"publish","type":"product","link":"https:\/\/loosen.lt\/lv\/produkts\/ceremoniala-matcha-35g\/","title":{"rendered":"Ceremoni\u0101l\u0101 matcha 35g"},"content":{"rendered":"<p>&nbsp;<\/p>\n<div><strong>Par Matcha t\u0113ju:<\/strong><\/div>\n<div><\/div>\n<div><\/div>\n<div><\/div>\n<ul>\n<li>Augst\u0101k\u0101s kvalit\u0101tes ceremoni\u0101l\u0101 matcha tiek pagatavota no pirm\u0101s ra\u017eas t\u0113jas lap\u0101m.<\/li>\n<li>100% organisks \u2013 bez jebk\u0101d\u0101m piedev\u0101m vai pestic\u012bdiem.<\/li>\n<li>Maiga, salda gar\u0161a &#8211; bez r\u016bgtuma, piem\u0113rota dzer\u0161anai bez jebk\u0101d\u0101m piedev\u0101m.<\/li>\n<li>Spilgti za\u013ca kr\u0101sa ir z\u012bme, ka tiek izmantotas jaunas un \u0113n\u0101 audz\u0113tas t\u0113jas lapas (audz\u0113tas \u0113n\u0101, lai uzkr\u0101tu vair\u0101k hlorofila un L-tean\u012bna)<\/li>\n<li>Tradicion\u0101lais ra\u017eo\u0161anas process \u2013 sl\u012bp\u0113ts ar akmens dzirnav\u0101m Jap\u0101n\u0101.<\/li>\n<li>Lieliski piem\u0113rots t\u0113jas ceremonij\u0101m vai ikdienas ritu\u0101liem.<\/li>\n<\/ul>\n<p>&nbsp;<\/p>\n<p>&nbsp;<\/p>\n<div><strong>Sast\u0101vda\u013cas:<\/strong> 100% organiskas Hisui matcha lapas.<\/div>\n<div><\/div>\n<div>\n<table>\n<tbody>\n<tr>\n<td width=\"581\"><strong>Uztura inform\u0101cija<\/strong><\/td>\n<td width=\"581\"><strong>(100ml gatav\u0101s t\u0113jas, 3g)<\/strong><\/td>\n<\/tr>\n<tr>\n<td width=\"581\">Ener\u0123ija<\/td>\n<td width=\"581\">10kj\/2kca;<\/td>\n<\/tr>\n<tr>\n<td width=\"581\">Tauki<\/td>\n<td width=\"581\">&lt;0,1g<\/td>\n<\/tr>\n<tr>\n<td width=\"581\">no kuriem pies\u0101tin\u0101tie tauki<\/td>\n<td width=\"581\">&lt;0,1g<\/td>\n<\/tr>\n<tr>\n<td width=\"581\">Og\u013chidr\u0101ti<\/td>\n<td width=\"581\">&lt;0,1g<\/td>\n<\/tr>\n<tr>\n<td width=\"581\">no kuriem cukurs<\/td>\n<td width=\"581\">&lt;0,1g<\/td>\n<\/tr>\n<tr>\n<td width=\"581\">Olbaltumvielas<\/td>\n<td width=\"581\">0,4g<\/td>\n<\/tr>\n<tr>\n<td width=\"581\">S\u0101ls<\/td>\n<td width=\"581\">&lt;0,001g<\/td>\n<\/tr>\n<\/tbody>\n<\/table>\n<\/div>\n","protected":false},"excerpt":{"rendered":"<p>Hisui ceremoni\u0101l\u0101 matcha nav jebkura t\u0113ja, bet gan jap\u0101\u0146u t\u012br\u012bbas un miera ritu\u0101ls. Ko\u0161i za\u013c\u0161, m\u012bksts un 100% organisks \u2013 saj\u016bti at\u0161\u0137ir\u012bbu jau no pirm\u0101 malka.<\/p>\n<p>Galven\u0101s iez\u012bmes:<\/p>\n<p>Ener\u0123ijas avots<br \/>\nAntioksidantu avots<br \/>\nAtbalsta gar\u012bgo darb\u012bbu<br \/>\nUzlabo sirds darb\u012bbu<br \/>\nPal\u012bdz uztur\u0113t \u0137erme\u0146a svaru<br \/>\nAtbalsta imunit\u0101ti<br \/>\nTikpat daudz (vai pat vair\u0101k) kofe\u012bna k\u0101 kafija<br \/>\nMatcha sniedz ener\u0123iju ilg\u0101k nek\u0101 kafija \u2013 bez p\u0113k\u0161\u0146\u0101m l\u0113cieniem un noguruma saj\u016btas<\/p>\n","protected":false},"featured_media":39825,"comment_status":"open","ping_status":"closed","template":"","meta":{"inline_featured_image":false},"product_brand":[],"product_cat":[150],"product_tag":[],"class_list":{"0":"post-39872","1":"product","2":"type-product","3":"status-publish","4":"has-post-thumbnail","6":"product_cat-matcha-un-teja","8":"first","9":"outofstock","10":"shipping-taxable","11":"purchasable","12":"product-type-simple"},"_links":{"self":[{"href":"https:\/\/loosen.lt\/lv\/wp-json\/wp\/v2\/product\/39872","targetHints":{"allow":["GET"]}}],"collection":[{"href":"https:\/\/loosen.lt\/lv\/wp-json\/wp\/v2\/product"}],"about":[{"href":"https:\/\/loosen.lt\/lv\/wp-json\/wp\/v2\/types\/product"}],"replies":[{"embeddable":true,"href":"https:\/\/loosen.lt\/lv\/wp-json\/wp\/v2\/comments?post=39872"}],"wp:featuredmedia":[{"embeddable":true,"href":"https:\/\/loosen.lt\/lv\/wp-json\/wp\/v2\/media\/39825"}],"wp:attachment":[{"href":"https:\/\/loosen.lt\/lv\/wp-json\/wp\/v2\/media?parent=39872"}],"wp:term":[{"taxonomy":"product_brand","embeddable":true,"href":"https:\/\/loosen.lt\/lv\/wp-json\/wp\/v2\/product_brand?post=39872"},{"taxonomy":"product_cat","embeddable":true,"href":"https:\/\/loosen.lt\/lv\/wp-json\/wp\/v2\/product_cat?post=39872"},{"taxonomy":"product_tag","embeddable":true,"href":"https:\/\/loosen.lt\/lv\/wp-json\/wp\/v2\/product_tag?post=39872"}],"curies":[{"name":"wp","href":"https:\/\/api.w.org\/{rel}","templated":true}]}}