{"id":39874,"date":"2025-04-15T23:21:22","date_gmt":"2025-04-15T23:21:22","guid":{"rendered":"https:\/\/loosen.lt\/produktas\/japanu-bambusa-karote\/"},"modified":"2025-06-05T10:03:05","modified_gmt":"2025-06-05T10:03:05","slug":"japanu-bambusa-karote","status":"publish","type":"product","link":"https:\/\/loosen.lt\/lv\/produkts\/japanu-bambusa-karote\/","title":{"rendered":"Jap\u0101\u0146u bambusa karote"},"content":{"rendered":"","protected":false},"excerpt":{"rendered":"<p>Autentiska bambusa karote prec\u012bzai matcha pulvera doz\u0113\u0161anai. Est\u0113tisks un praktisks aksesu\u0101rs, kas pie\u0161\u0137ir j\u016bsu t\u0113jas ritu\u0101lam eleganci.<\/p>\n","protected":false},"featured_media":39697,"comment_status":"open","ping_status":"closed","template":"","meta":{"inline_featured_image":false},"product_brand":[],"product_cat":[150],"product_tag":[],"class_list":{"0":"post-39874","1":"product","2":"type-product","3":"status-publish","4":"has-post-thumbnail","6":"product_cat-matcha-un-teja","8":"first","9":"instock","10":"shipping-taxable","11":"purchasable","12":"product-type-simple"},"_links":{"self":[{"href":"https:\/\/loosen.lt\/lv\/wp-json\/wp\/v2\/product\/39874","targetHints":{"allow":["GET"]}}],"collection":[{"href":"https:\/\/loosen.lt\/lv\/wp-json\/wp\/v2\/product"}],"about":[{"href":"https:\/\/loosen.lt\/lv\/wp-json\/wp\/v2\/types\/product"}],"replies":[{"embeddable":true,"href":"https:\/\/loosen.lt\/lv\/wp-json\/wp\/v2\/comments?post=39874"}],"wp:featuredmedia":[{"embeddable":true,"href":"https:\/\/loosen.lt\/lv\/wp-json\/wp\/v2\/media\/39697"}],"wp:attachment":[{"href":"https:\/\/loosen.lt\/lv\/wp-json\/wp\/v2\/media?parent=39874"}],"wp:term":[{"taxonomy":"product_brand","embeddable":true,"href":"https:\/\/loosen.lt\/lv\/wp-json\/wp\/v2\/product_brand?post=39874"},{"taxonomy":"product_cat","embeddable":true,"href":"https:\/\/loosen.lt\/lv\/wp-json\/wp\/v2\/product_cat?post=39874"},{"taxonomy":"product_tag","embeddable":true,"href":"https:\/\/loosen.lt\/lv\/wp-json\/wp\/v2\/product_tag?post=39874"}],"curies":[{"name":"wp","href":"https:\/\/api.w.org\/{rel}","templated":true}]}}