{"id":40820,"date":"2025-07-03T09:23:20","date_gmt":"2025-07-03T09:23:20","guid":{"rendered":"https:\/\/loosen.lt\/produktas\/ceremonialais-macas-komplekts-davanas\/"},"modified":"2025-07-03T09:23:20","modified_gmt":"2025-07-03T09:23:20","slug":"ceremonialais-macas-komplekts-davanas","status":"publish","type":"product","link":"https:\/\/loosen.lt\/lv\/produkts\/ceremonialais-macas-komplekts-davanas\/","title":{"rendered":"Ceremoni\u0101lais ma\u010das komplekts + d\u0101vanas"},"content":{"rendered":"<p><strong>Produktus varat atrast, izmantojot t\u0101l\u0101k nor\u0101d\u012bt\u0101s saites:<\/strong><\/p>\n<p>&nbsp;<\/p>\n<p><a href=\"https:\/\/loosen.lt\/lv\/produkts\/ceremoniala-matcha-35g\/\">https:\/\/loosen.lt\/lv\/produkts\/ceremoniala-matcha-35g\/<\/a><\/p>\n<p><a href=\"https:\/\/loosen.lt\/lv\/produkts\/bambusa-putotajs-matcha-tejas-saputosanai\/\">https:\/\/loosen.lt\/lv\/produkts\/bambusa-putotajs-matcha-tejas-saputosanai\/<\/a><\/p>\n<p><a href=\"https:\/\/loosen.lt\/lv\/produkts\/japanu-bambusa-karote\/\">https:\/\/loosen.lt\/lv\/produkts\/japanu-bambusa-karote\/<\/a><\/p>\n","protected":false},"excerpt":{"rendered":"<p>Matcha komplekts ar p\u0101rsteigumu!<\/p>\n<p>P\u0113rciet ceremoni\u0101lo ma\u010du un bambusa sloti\u0146u, un m\u0113s jums d\u0101vin\u0101sim karoti \u2013 piln\u012bgi bez maksas!<\/p>\n<p>P\u0113rkot 2, sa\u0146em 3! Viss nepiecie\u0161amais gardam ma\u010das ritu\u0101la s\u0101kumam.<\/p>\n","protected":false},"featured_media":40152,"comment_status":"open","ping_status":"closed","template":"","meta":{"inline_featured_image":false},"product_brand":[],"product_cat":[150],"product_tag":[],"class_list":{"0":"post-40820","1":"product","2":"type-product","3":"status-publish","4":"has-post-thumbnail","6":"product_cat-matcha-un-teja","8":"first","9":"outofstock","10":"shipping-taxable","11":"purchasable","12":"product-type-simple"},"_links":{"self":[{"href":"https:\/\/loosen.lt\/lv\/wp-json\/wp\/v2\/product\/40820","targetHints":{"allow":["GET"]}}],"collection":[{"href":"https:\/\/loosen.lt\/lv\/wp-json\/wp\/v2\/product"}],"about":[{"href":"https:\/\/loosen.lt\/lv\/wp-json\/wp\/v2\/types\/product"}],"replies":[{"embeddable":true,"href":"https:\/\/loosen.lt\/lv\/wp-json\/wp\/v2\/comments?post=40820"}],"wp:featuredmedia":[{"embeddable":true,"href":"https:\/\/loosen.lt\/lv\/wp-json\/wp\/v2\/media\/40152"}],"wp:attachment":[{"href":"https:\/\/loosen.lt\/lv\/wp-json\/wp\/v2\/media?parent=40820"}],"wp:term":[{"taxonomy":"product_brand","embeddable":true,"href":"https:\/\/loosen.lt\/lv\/wp-json\/wp\/v2\/product_brand?post=40820"},{"taxonomy":"product_cat","embeddable":true,"href":"https:\/\/loosen.lt\/lv\/wp-json\/wp\/v2\/product_cat?post=40820"},{"taxonomy":"product_tag","embeddable":true,"href":"https:\/\/loosen.lt\/lv\/wp-json\/wp\/v2\/product_tag?post=40820"}],"curies":[{"name":"wp","href":"https:\/\/api.w.org\/{rel}","templated":true}]}}