{"id":40822,"date":"2025-07-03T09:22:08","date_gmt":"2025-07-03T09:22:08","guid":{"rendered":"https:\/\/loosen.lt\/produktas\/ceremonialais-macas-komplekts-davanas-2\/"},"modified":"2025-07-03T09:22:08","modified_gmt":"2025-07-03T09:22:08","slug":"ceremonialais-macas-komplekts-davanas-2","status":"publish","type":"product","link":"https:\/\/loosen.lt\/lv\/produkts\/ceremonialais-macas-komplekts-davanas-2\/","title":{"rendered":"Ceremoni\u0101lais ma\u010das komplekts + d\u0101vanas"},"content":{"rendered":"<p><strong>\u0160os produktus varat atrast \u0161eit:<\/strong><\/p>\n<p>&nbsp;<\/p>\n<p>&nbsp;<\/p>\n<p><a href=\"https:\/\/loosen.lt\/lv\/produkts\/ceremoniala-matcha-35g\/\">https:\/\/loosen.lt\/lv\/produkts\/ceremoniala-matcha-35g\/<\/a><\/p>\n<p><a href=\"https:\/\/loosen.lt\/lv\/produkts\/matcha-putotaja-stativs\/\">https:\/\/loosen.lt\/lv\/produkts\/matcha-putotaja-stativs\/<\/a><\/p>\n<p><a href=\"https:\/\/loosen.lt\/lv\/produkts\/bambusa-putotajs-matcha-tejas-saputosanai\/\">https:\/\/loosen.lt\/lv\/produkts\/bambusa-putotajs-matcha-tejas-saputosanai\/<\/a><\/p>\n<p><a href=\"https:\/\/loosen.lt\/lv\/produkts\/matcha-tejas-sietins\/\">https:\/\/loosen.lt\/lv\/produkts\/matcha-tejas-sietins\/<\/a><\/p>\n<p><a href=\"https:\/\/loosen.lt\/lv\/produkts\/japanu-bambusa-karote\/\">https:\/\/loosen.lt\/lv\/produkts\/japanu-bambusa-karote\/<\/a><\/p>\n<p>&nbsp;<\/p>\n","protected":false},"excerpt":{"rendered":"<p>Matcha komplekts ar d\u0101van\u0101m!<\/p>\n<p>P\u0113rkot 3, sa\u0146em 5! P\u0113rciet ceremoni\u0101lo ma\u010das kafiju + putojamo sloti\u0146u + tur\u0113t\u0101ju, un m\u0113s BEZ MAKSAS pievienosim karoti un sieti\u0146u.<\/p>\n<p>Viss nepiecie\u0161amais j\u016bsu ritu\u0101lam!<\/p>\n","protected":false},"featured_media":40148,"comment_status":"open","ping_status":"closed","template":"","meta":{"inline_featured_image":false},"product_brand":[],"product_cat":[150],"product_tag":[],"class_list":{"0":"post-40822","1":"product","2":"type-product","3":"status-publish","4":"has-post-thumbnail","6":"product_cat-matcha-un-teja","8":"first","9":"outofstock","10":"shipping-taxable","11":"purchasable","12":"product-type-simple"},"_links":{"self":[{"href":"https:\/\/loosen.lt\/lv\/wp-json\/wp\/v2\/product\/40822","targetHints":{"allow":["GET"]}}],"collection":[{"href":"https:\/\/loosen.lt\/lv\/wp-json\/wp\/v2\/product"}],"about":[{"href":"https:\/\/loosen.lt\/lv\/wp-json\/wp\/v2\/types\/product"}],"replies":[{"embeddable":true,"href":"https:\/\/loosen.lt\/lv\/wp-json\/wp\/v2\/comments?post=40822"}],"wp:featuredmedia":[{"embeddable":true,"href":"https:\/\/loosen.lt\/lv\/wp-json\/wp\/v2\/media\/40148"}],"wp:attachment":[{"href":"https:\/\/loosen.lt\/lv\/wp-json\/wp\/v2\/media?parent=40822"}],"wp:term":[{"taxonomy":"product_brand","embeddable":true,"href":"https:\/\/loosen.lt\/lv\/wp-json\/wp\/v2\/product_brand?post=40822"},{"taxonomy":"product_cat","embeddable":true,"href":"https:\/\/loosen.lt\/lv\/wp-json\/wp\/v2\/product_cat?post=40822"},{"taxonomy":"product_tag","embeddable":true,"href":"https:\/\/loosen.lt\/lv\/wp-json\/wp\/v2\/product_tag?post=40822"}],"curies":[{"name":"wp","href":"https:\/\/api.w.org\/{rel}","templated":true}]}}