{"id":40826,"date":"2025-05-21T16:08:43","date_gmt":"2025-05-21T16:08:43","guid":{"rendered":"https:\/\/loosen.lt\/produktas\/kanepju-medus-150g\/"},"modified":"2025-05-21T16:08:43","modified_gmt":"2025-05-21T16:08:43","slug":"kanepju-medus-150g","status":"publish","type":"product","link":"https:\/\/loosen.lt\/lv\/produkts\/kanepju-medus-150g\/","title":{"rendered":"Ka\u0146epju medus 150g"},"content":{"rendered":"<p><strong>Bi\u0161u propoliss<\/strong> ir dab\u012bgs bi\u0161kop\u012bbas produkts, kas jau sen tiek v\u0113rt\u0113ts t\u0101 biolo\u0123iski akt\u012bvo vielu d\u0113\u013c. To tradicion\u0101li lieto tautas medic\u012bn\u0101, \u012bpa\u0161i aukstaj\u0101 sezon\u0101.<\/p>\n<p><strong>Bi\u0161u ziedputek\u0161\u0146i<\/strong> ir dab\u012bgs produkts, ko sav\u0101c bites un kas ir bag\u0101ts ar da\u017e\u0101d\u0101m uzturviel\u0101m, tostarp vitam\u012bniem un miner\u0101lviel\u0101m. Sabalans\u0113ts uzturs, kas ietver ziedputek\u0161\u0146us, var b\u016bt labv\u0113l\u012bgs visp\u0101r\u0113j\u0101s vesel\u012bbas uztur\u0113\u0161anai. Ziedputek\u0161\u0146us bie\u017ei izmanto k\u0101 dabisku uztura bag\u0101tin\u0101t\u0101ju sast\u0101vda\u013cu.<\/p>\n<p><strong>Ka\u0146epju terp\u0113ni<\/strong> ir dabiski savienojumi, kas atrodami ka\u0146epju augos. Tie pie\u0161\u0137ir augiem rakstur\u012bgo smar\u017eu un gar\u0161u un dabiskaj\u0101 vid\u0113 veic aizsargfunkciju. Terpenes arvien vair\u0101k tiek p\u0113t\u012btas, lai noskaidrotu to potenci\u0101lo ietekmi uz cilv\u0113ka ma\u0146\u0101m un aromterapij\u0101.<\/p>\n<p><strong>Sast\u0101vda\u013cas:<\/strong> medus, bi\u0161u ziedputek\u0161\u0146i, ka\u0146epju s\u0113klu e\u013c\u013ca.<\/p>\n<p>&nbsp;<\/p>\n<table>\n<tbody>\n<tr>\n<td width=\"376\">Ener\u0123\u0113tisk\u0101 v\u0113rt\u012bba uz 100 g:<\/td>\n<td width=\"376\">1397 kj\/324kcal<\/td>\n<\/tr>\n<tr>\n<td width=\"376\">Tauki<\/td>\n<td width=\"376\">0,0g<\/td>\n<\/tr>\n<tr>\n<td width=\"376\">Pies\u0101tin\u0101t\u0101s tauksk\u0101bes<\/td>\n<td width=\"376\">0,0g<\/td>\n<\/tr>\n<tr>\n<td width=\"376\">Og\u013chidr\u0101ti<\/td>\n<td width=\"376\">80,3g<\/td>\n<\/tr>\n<tr>\n<td width=\"376\">No tiem cukuri<\/td>\n<td width=\"376\">74,6g<\/td>\n<\/tr>\n<tr>\n<td width=\"376\">Olbaltumvielas<\/td>\n<td width=\"376\">0,8g<\/td>\n<\/tr>\n<\/tbody>\n<\/table>\n<p>&nbsp;<\/p>\n<p>Ra\u017eot\u0101js: Baltic Shamans Farm<\/p>\n<p>Izcelsmes valsts: Lietuva<\/p>\n<p>Ieteicams l\u012bdz: skat\u012bt iepakojumu<\/p>\n<p>Neto svars: 150 g<\/p>\n<p><strong>Uzglab\u0101\u0161anas ieteikumi<\/strong>: Uzglab\u0101t v\u0113s\u0101, tum\u0161\u0101 viet\u0101, sarg\u0101t no tie\u0161iem saules stariem.<\/p>\n","protected":false},"excerpt":{"rendered":"<p>\u0160is unik\u0101lais mais\u012bjums ir rad\u012bts no dab\u012bga bi\u0161u medus un atbild\u012bgi audz\u0113tas ka\u0146epju \u0161\u0137iedras. Bag\u0101t\u012bgais, izteiksm\u012bgais arom\u0101ts atg\u0101dina savva\u013cas gar\u0161augu, citrusaug\u013cu, prie\u017eu skuju un ka\u0146epju no\u0161u sajaukumu. Sast\u0101vs ir papildin\u0101ts ar v\u0113rt\u012bgiem bi\u0161kop\u012bbas produktiem \u2013 propolisu un ziedputek\u0161\u0146iem \u2013 un augos dabiski sastopamiem terp\u0113niem.<\/p>\n","protected":false},"featured_media":40014,"comment_status":"open","ping_status":"closed","template":"","meta":{"inline_featured_image":false},"product_brand":[],"product_cat":[150],"product_tag":[],"class_list":{"0":"post-40826","1":"product","2":"type-product","3":"status-publish","4":"has-post-thumbnail","6":"product_cat-matcha-un-teja","8":"first","9":"instock","10":"shipping-taxable","11":"purchasable","12":"product-type-simple"},"_links":{"self":[{"href":"https:\/\/loosen.lt\/lv\/wp-json\/wp\/v2\/product\/40826","targetHints":{"allow":["GET"]}}],"collection":[{"href":"https:\/\/loosen.lt\/lv\/wp-json\/wp\/v2\/product"}],"about":[{"href":"https:\/\/loosen.lt\/lv\/wp-json\/wp\/v2\/types\/product"}],"replies":[{"embeddable":true,"href":"https:\/\/loosen.lt\/lv\/wp-json\/wp\/v2\/comments?post=40826"}],"wp:featuredmedia":[{"embeddable":true,"href":"https:\/\/loosen.lt\/lv\/wp-json\/wp\/v2\/media\/40014"}],"wp:attachment":[{"href":"https:\/\/loosen.lt\/lv\/wp-json\/wp\/v2\/media?parent=40826"}],"wp:term":[{"taxonomy":"product_brand","embeddable":true,"href":"https:\/\/loosen.lt\/lv\/wp-json\/wp\/v2\/product_brand?post=40826"},{"taxonomy":"product_cat","embeddable":true,"href":"https:\/\/loosen.lt\/lv\/wp-json\/wp\/v2\/product_cat?post=40826"},{"taxonomy":"product_tag","embeddable":true,"href":"https:\/\/loosen.lt\/lv\/wp-json\/wp\/v2\/product_tag?post=40826"}],"curies":[{"name":"wp","href":"https:\/\/api.w.org\/{rel}","templated":true}]}}