{"id":41253,"date":"2025-07-29T14:06:02","date_gmt":"2025-07-29T14:06:02","guid":{"rendered":"https:\/\/loosen.lt\/produktas\/dabas-nama-kalija-un-magnija-komplekss-cardiokalis-n120\/"},"modified":"2025-07-29T14:06:02","modified_gmt":"2025-07-29T14:06:02","slug":"dabas-nama-kalija-un-magnija-komplekss-cardiokalis-n120","status":"publish","type":"product","link":"https:\/\/loosen.lt\/lv\/produkts\/dabas-nama-kalija-un-magnija-komplekss-cardiokalis-n120\/","title":{"rendered":"Dabas nama k\u0101lija un magnija komplekss CARDIOKALIS N120"},"content":{"rendered":"<p><strong>Kas padara Cardiocal unik\u0101lu?<\/strong><\/p>\n<ul>\n<li>Pak\u0101peniskas iedarb\u012bbas formula: miner\u0101lvielas uzs\u016bcas l\u0113ni un vienm\u0113r\u012bgi, nodro\u0161inot ilgsto\u0161u iedarb\u012bbu uz organismu.<\/li>\n<li>Daudzfunkcion\u0101ls sast\u0101vs: veicina norm\u0101lu sirds, musku\u013cu un nervu sist\u0113mas darb\u012bbu.<\/li>\n<li>Ilgsto\u0161a lieto\u0161ana: Liels iepakojums ar 120 tablet\u0113m \u2014 \u0113rti ikdienas lieto\u0161anai ilg\u0101k\u0101 laika period\u0101.<\/li>\n<\/ul>\n<p><strong>Sast\u0101vda\u013cas<\/strong>: kalcija fosf\u0101ts (pildviela), k\u0101lija hlor\u012bds, magnija karbon\u0101ts, mikrokrist\u0101lisk\u0101 celuloze (pildviela), hidroksipropilmetilceluloze (emulgators), kalcija karbon\u0101ts (pildviela), maltodekstr\u012bns, polivinilspirts (emulgators), tauksk\u0101bju magnija s\u0101\u013ci (pretsalipes viela), n\u0101trija karboksimetilceluloze (emulgators), talks (pretsalipes viela), tauksk\u0101bes (emulgators), dzeltenais dzelzs oks\u012bds (kr\u0101sviela).<\/p>\n<p>&nbsp;<\/p>\n<table>\n<tbody>\n<tr>\n<td width=\"188\">TR\u012aS TABLETES SATUR:<\/td>\n<td width=\"188\">&nbsp;<\/td>\n<td width=\"188\">Nomin\u0101l\u0101 v\u0113rt\u012bba*, %<\/td>\n<\/tr>\n<tr>\n<td width=\"188\">K\u0101lijs<\/td>\n<td width=\"188\">300mg<\/td>\n<td width=\"188\">15<\/td>\n<\/tr>\n<tr>\n<td width=\"188\">Magnijs<\/td>\n<td width=\"188\">120mg<\/td>\n<td width=\"188\">32<\/td>\n<\/tr>\n<\/tbody>\n<\/table>\n<p>&nbsp;<\/p>\n<p>* \u2013 atsauces uzturv\u0113rt\u012bba (RNV).<\/p>\n<p>&nbsp;<\/p>\n<p><strong>Lieto\u0161ana<\/strong>: Ieteicams lietot 1 tableti tr\u012bs reizes dien\u0101. Piem\u0113rots b\u0113rniem no 6 gadu vecuma, k\u0101 ar\u012b ve\u0123et\u0101rie\u0161iem un veg\u0101niem.<\/p>\n<p>&nbsp;<\/p>\n<p><strong>Uzglab\u0101\u0161anas apst\u0101k\u013ci:<\/strong><\/p>\n<p>Uzglab\u0101t v\u0113s\u0101, saus\u0101 viet\u0101. Sarg\u0101t no b\u0113rniem.<\/p>\n<p>Ra\u017eot\u0101js: UAB &#8220;Domus Naturae&#8221;<\/p>\n<p>Neto daudzums: 126 g.<\/p>\n<p>Ieteicams l\u012bdz (der\u012bguma termi\u0146\u0161): Ieteicams l\u012bdz datums, kas nor\u0101d\u012bts iepakojuma s\u0101nos, aug\u0161pus\u0113 vai apak\u0161\u0101.<\/p>\n<p><strong>Br\u012bdin\u0101jums:<\/strong><\/p>\n<p>Uztura bag\u0101tin\u0101t\u0101js nav \u0113dienreizes aizvietot\u0101js. Svar\u012bgs ir daudzveid\u012bgs un sabalans\u0113ts uzturs un vesel\u012bgs dz\u012bvesveids. Ja esat gr\u016btniece, barojat b\u0113rnu ar kr\u016bti vai lietojat citas z\u0101les, pirms lieto\u0161anas konsult\u0113jieties ar \u0101rstu vai farmaceitu. Nep\u0101rsniedziet ieteicamo devu.<\/p>\n","protected":false},"excerpt":{"rendered":"<p>K\u0101lijs un magnijs \u2013 l\u0113ni uzs\u016bco\u0161a formula, kas nodro\u0161ina ikdienas miner\u0101lvielu l\u012bdzsvaru.<\/p>\n<p>&nbsp;<\/p>\n<p><strong>Galven\u0101s iez\u012bmes:<\/strong><\/p>\n<p>&nbsp;<\/p>\n<p><strong>K\u0101lijs pal\u012bdz uztur\u0113t:<\/strong><\/p>\n<ul>\n<li>norm\u0101ls asinsspiediens<\/li>\n<li>norm\u0101la musku\u013cu funkcija<\/li>\n<\/ul>\n<p><strong>Magnijs pal\u012bdz:<\/strong><\/p>\n<ul>\n<li>mazin\u0101t noguruma un nesp\u0113ka saj\u016btu<\/li>\n<li>uztur\u0113t norm\u0101lu nervu sist\u0113mas darb\u012bbu<\/li>\n<li>uztur\u0113t norm\u0101las psiholo\u0123isk\u0101s funkcijas<\/li>\n<\/ul>\n","protected":false},"featured_media":41094,"comment_status":"open","ping_status":"closed","template":"","meta":{"inline_featured_image":false},"product_brand":[],"product_cat":[161,158],"product_tag":[],"class_list":{"0":"post-41253","1":"product","2":"type-product","3":"status-publish","4":"has-post-thumbnail","6":"product_cat-akcijas","7":"product_cat-sirds-un-asins-plusma","9":"first","10":"instock","11":"sale","12":"shipping-taxable","13":"purchasable","14":"product-type-simple"},"_links":{"self":[{"href":"https:\/\/loosen.lt\/lv\/wp-json\/wp\/v2\/product\/41253","targetHints":{"allow":["GET"]}}],"collection":[{"href":"https:\/\/loosen.lt\/lv\/wp-json\/wp\/v2\/product"}],"about":[{"href":"https:\/\/loosen.lt\/lv\/wp-json\/wp\/v2\/types\/product"}],"replies":[{"embeddable":true,"href":"https:\/\/loosen.lt\/lv\/wp-json\/wp\/v2\/comments?post=41253"}],"wp:featuredmedia":[{"embeddable":true,"href":"https:\/\/loosen.lt\/lv\/wp-json\/wp\/v2\/media\/41094"}],"wp:attachment":[{"href":"https:\/\/loosen.lt\/lv\/wp-json\/wp\/v2\/media?parent=41253"}],"wp:term":[{"taxonomy":"product_brand","embeddable":true,"href":"https:\/\/loosen.lt\/lv\/wp-json\/wp\/v2\/product_brand?post=41253"},{"taxonomy":"product_cat","embeddable":true,"href":"https:\/\/loosen.lt\/lv\/wp-json\/wp\/v2\/product_cat?post=41253"},{"taxonomy":"product_tag","embeddable":true,"href":"https:\/\/loosen.lt\/lv\/wp-json\/wp\/v2\/product_tag?post=41253"}],"curies":[{"name":"wp","href":"https:\/\/api.w.org\/{rel}","templated":true}]}}