{"id":41255,"date":"2025-07-29T14:03:00","date_gmt":"2025-07-29T14:03:00","guid":{"rendered":"https:\/\/loosen.lt\/produktas\/dabas-nams-koenzims-q10-100-mg-n60\/"},"modified":"2026-03-19T10:48:39","modified_gmt":"2026-03-19T10:48:39","slug":"dabas-nams-koenzims-q10-100-mg-n60","status":"publish","type":"product","link":"https:\/\/loosen.lt\/lv\/produkts\/dabas-nams-koenzims-q10-100-mg-n60\/","title":{"rendered":"Dabas nams Koenz\u012bms Q10 100 mg N60"},"content":{"rendered":"<p><strong>K\u0101p\u0113c jums vajadz\u0113tu izv\u0113l\u0113ties koenz\u012bmu Q10?<\/strong><\/p>\n<p>Koenz\u012bms Q10 ir \u012bpa\u0161i svar\u012bgs gados vec\u0101kiem cilv\u0113kiem, kuru organism\u0101 \u0161\u012bs svar\u012bg\u0101s vielas ra\u017eo\u0161ana dabiski samazin\u0101s. Tas ir paredz\u0113ts ikvienam, kur\u0161 v\u0113las paaugstin\u0101t ener\u0123ijas l\u012bmeni, stiprin\u0101t sirds darb\u012bbu un saglab\u0101t vitalit\u0101ti un jaunekl\u012bgu labsaj\u016btu.<\/p>\n<p>&nbsp;<\/p>\n<p><strong>Sast\u0101vda\u013cas<\/strong>: mikrokrist\u0101lisk\u0101 celuloze (pildviela), ubikinons (koenz\u012bms Q10), \u017eelat\u012bns, talks, tauksk\u0101bju magnija s\u0101\u013ci (lip\u012bguma regul\u0113t\u0101js) un sil\u012bcija dioks\u012bds.<\/p>\n<p>&nbsp;<\/p>\n<table style=\"height: 140px;\" width=\"399\">\n<tbody>\n<tr>\n<td width=\"188\">VIENA KAPSULA SATUR:<\/td>\n<td width=\"188\">&nbsp;<\/td>\n<\/tr>\n<tr>\n<td width=\"188\">Koenz\u012bms Q10<\/td>\n<td width=\"188\">100mg<\/td>\n<\/tr>\n<\/tbody>\n<\/table>\n<p><strong>Lieto\u0161ana<\/strong>: Ieteicams lietot 1-2 kapsulas dien\u0101 \u0113dienrei\u017eu laik\u0101. Piem\u0113rots b\u0113rniem no 3 gadu vecuma.<\/p>\n<p>&nbsp;<\/p>\n<p><strong>Uzglab\u0101\u0161anas apst\u0101k\u013ci:<\/strong><\/p>\n<p>Uzglab\u0101t v\u0113s\u0101, saus\u0101 viet\u0101. Sarg\u0101t no b\u0113rniem.<\/p>\n<p>Ra\u017eot\u0101js: UAB &#8220;Domus Naturae&#8221;<\/p>\n<p>Neto daudzums: 27 g.<\/p>\n<p>Ieteicams l\u012bdz (der\u012bguma termi\u0146\u0161): Ieteicams l\u012bdz datums, kas nor\u0101d\u012bts iepakojuma s\u0101nos, aug\u0161pus\u0113 vai apak\u0161\u0101.<\/p>\n<p><strong>Br\u012bdin\u0101jums:<\/strong><\/p>\n<p>Uztura bag\u0101tin\u0101t\u0101js nav \u0113dienreizes aizvietot\u0101js. Svar\u012bgs ir daudzveid\u012bgs un sabalans\u0113ts uzturs un vesel\u012bgs dz\u012bvesveids. Ja esat gr\u016btniece, barojat b\u0113rnu ar kr\u016bti vai lietojat citas z\u0101les, pirms lieto\u0161anas konsult\u0113jieties ar \u0101rstu vai farmaceitu. Nep\u0101rsniedziet ieteicamo devu.<\/p>\n","protected":false},"excerpt":{"rendered":"<p>Koenz\u012bms Q10 ir dabiska viela, ko ra\u017eo organisms un kas ir b\u016btiska \u0161\u016bnu ener\u0123ijas ra\u017eo\u0161anai.<\/p>\n<p>&nbsp;<\/p>\n<p><strong>Galven\u0101s iez\u012bmes:<\/strong><\/p>\n<ul>\n<li>ener\u0123ijas ra\u017eo\u0161ana<\/li>\n<li>atbalsta sirds darb\u012bbu<\/li>\n<li>atbalsta nieru un nervu sist\u0113mas darb\u012bbu<\/li>\n<\/ul>\n","protected":false},"featured_media":41099,"comment_status":"open","ping_status":"closed","template":"","meta":{"inline_featured_image":false},"product_brand":[],"product_cat":[161,158,144],"product_tag":[],"class_list":{"0":"post-41255","1":"product","2":"type-product","3":"status-publish","4":"has-post-thumbnail","6":"product_cat-akcijas","7":"product_cat-sirds-un-asins-plusma","8":"product_cat-energija","10":"first","11":"instock","12":"sale","13":"shipping-taxable","14":"purchasable","15":"product-type-simple"},"_links":{"self":[{"href":"https:\/\/loosen.lt\/lv\/wp-json\/wp\/v2\/product\/41255","targetHints":{"allow":["GET"]}}],"collection":[{"href":"https:\/\/loosen.lt\/lv\/wp-json\/wp\/v2\/product"}],"about":[{"href":"https:\/\/loosen.lt\/lv\/wp-json\/wp\/v2\/types\/product"}],"replies":[{"embeddable":true,"href":"https:\/\/loosen.lt\/lv\/wp-json\/wp\/v2\/comments?post=41255"}],"wp:featuredmedia":[{"embeddable":true,"href":"https:\/\/loosen.lt\/lv\/wp-json\/wp\/v2\/media\/41099"}],"wp:attachment":[{"href":"https:\/\/loosen.lt\/lv\/wp-json\/wp\/v2\/media?parent=41255"}],"wp:term":[{"taxonomy":"product_brand","embeddable":true,"href":"https:\/\/loosen.lt\/lv\/wp-json\/wp\/v2\/product_brand?post=41255"},{"taxonomy":"product_cat","embeddable":true,"href":"https:\/\/loosen.lt\/lv\/wp-json\/wp\/v2\/product_cat?post=41255"},{"taxonomy":"product_tag","embeddable":true,"href":"https:\/\/loosen.lt\/lv\/wp-json\/wp\/v2\/product_tag?post=41255"}],"curies":[{"name":"wp","href":"https:\/\/api.w.org\/{rel}","templated":true}]}}