{"id":41257,"date":"2025-07-29T13:58:40","date_gmt":"2025-07-29T13:58:40","guid":{"rendered":"https:\/\/loosen.lt\/produktas\/dabas-nama-labas-bakterijas-lacto-bacto-9-n30\/"},"modified":"2025-07-29T13:58:40","modified_gmt":"2025-07-29T13:58:40","slug":"dabas-nama-labas-bakterijas-lacto-bacto-9-n30","status":"publish","type":"product","link":"https:\/\/loosen.lt\/lv\/produkts\/dabas-nama-labas-bakterijas-lacto-bacto-9-n30\/","title":{"rendered":"Dabas nama lab\u0101s bakt\u0113rijas LACTO BACTO 9 N30"},"content":{"rendered":"<p><strong>Kam paredz\u0113ts Lacto Bacto 9?<\/strong><\/p>\n<p>Lacto Bacto 9 ir ide\u0101ls risin\u0101jums ikvienam, kur\u0161 v\u0113las saglab\u0101t vai atjaunot vesel\u012bgu zarnu mikrofloru, \u012bpa\u0161i p\u0113c antibiotiku lieto\u0161anas, slim\u012bbas, nesabalans\u0113ta uztura vai stresa.<\/p>\n<p>&nbsp;<\/p>\n<p><strong>Sast\u0101vda\u013cas<\/strong>: mikrokrist\u0101lisk\u0101 celuloze (pildviela), \u017eelat\u012bns, fruktooligosahar\u012bdi, pretsalipes viela \u2013 tauksk\u0101bju magnija s\u0101\u013ci, dz\u012bvas bakt\u0113riju kult\u016bras: Lactobacillus plantarum, Lactobacillus acidophilus, Lactobacillus rhamnosus, kr\u0101sviela \u2013 kalcija karbon\u0101ts, dz\u012bvas bakt\u0113riju kult\u016bras: Bifidobacterium longum, Bifidobacterium breve, Streptococcus thermophilus, Bifidobacterium bifidum, Lactococcus lactis, Lactobacillus casei, konservants \u2013 eti\u0137sk\u0101be.<\/p>\n<p>&nbsp;<\/p>\n<table style=\"height: 645px;\" width=\"510\">\n<tbody>\n<tr>\n<td width=\"188\"><strong>VIENA KAPSULA SATUR:<\/strong><\/td>\n<td width=\"188\">&nbsp;<\/td>\n<\/tr>\n<tr>\n<td width=\"188\">Dz\u012bvas bakt\u0113rijas,<\/td>\n<td width=\"188\">4,5 x 109 KVV*<\/td>\n<\/tr>\n<tr>\n<td width=\"188\">starp kuriem ir:<\/td>\n<td width=\"188\">&nbsp;<\/td>\n<\/tr>\n<tr>\n<td width=\"188\">Lactobacillus plantarum,<\/td>\n<td width=\"188\">&nbsp;<\/td>\n<\/tr>\n<tr>\n<td width=\"188\">Lactobacillus acidophilus,<\/td>\n<td width=\"188\">&nbsp;<\/td>\n<\/tr>\n<tr>\n<td width=\"188\">Lactobacillus Rhamnosus,<\/td>\n<td width=\"188\">&nbsp;<\/td>\n<\/tr>\n<tr>\n<td width=\"188\">Bifidobacterium Longum,<\/td>\n<td width=\"188\">&nbsp;<\/td>\n<\/tr>\n<tr>\n<td width=\"188\">Bifidobacterium Breve,<\/td>\n<td width=\"188\">&nbsp;<\/td>\n<\/tr>\n<tr>\n<td width=\"188\">Streptococcus thermophilus,<\/td>\n<td width=\"188\">&nbsp;<\/td>\n<\/tr>\n<tr>\n<td width=\"188\">Bifidobacterium Bifidum,<\/td>\n<td width=\"188\">&nbsp;<\/td>\n<\/tr>\n<tr>\n<td width=\"188\">Lactococcus Lactis,<\/td>\n<td width=\"188\">&nbsp;<\/td>\n<\/tr>\n<tr>\n<td width=\"188\">Lactobacillus Casei<\/td>\n<td width=\"188\">&nbsp;<\/td>\n<\/tr>\n<tr>\n<td width=\"188\">* \u2013 vien\u012bbas, kas veido kolonijas.<\/td>\n<td width=\"188\">&nbsp;<\/td>\n<\/tr>\n<\/tbody>\n<\/table>\n<p>&nbsp;<\/p>\n<p><strong>Lieto\u0161ana<\/strong>: Ieteicams lietot 1-2 kapsulas dien\u0101, 30 min\u016btes pirms \u0113\u0161anas. Piem\u0113rots b\u0113rniem no 4 gadu vecuma.<\/p>\n<p>&nbsp;<\/p>\n<p><strong>Uzglab\u0101\u0161anas apst\u0101k\u013ci:<\/strong><\/p>\n<p>Uzglab\u0101t v\u0113s\u0101, saus\u0101 viet\u0101. Sarg\u0101t no b\u0113rniem.<\/p>\n<p>Ra\u017eot\u0101js: UAB &#8220;Domus Naturae&#8221;<\/p>\n<p>Neto svars: 9,69 g.<\/p>\n<p>Ieteicams l\u012bdz (der\u012bguma termi\u0146\u0161): Ieteicams l\u012bdz datums, kas nor\u0101d\u012bts iepakojuma s\u0101nos, aug\u0161pus\u0113 vai apak\u0161\u0101.<\/p>\n<p><strong>Br\u012bdin\u0101jums:<\/strong><\/p>\n<p>Uztura bag\u0101tin\u0101t\u0101js nav \u0113dienreizes aizvietot\u0101js. Svar\u012bgs ir daudzveid\u012bgs un sabalans\u0113ts uzturs un vesel\u012bgs dz\u012bvesveids. Ja esat gr\u016btniece, barojat b\u0113rnu ar kr\u016bti vai lietojat citas z\u0101les, pirms lieto\u0161anas konsult\u0113jieties ar \u0101rstu vai farmaceitu. Nep\u0101rsniedziet ieteicamo devu.<\/p>\n","protected":false},"excerpt":{"rendered":"<p>Lacto Bacto 9 ir m\u016bsdien\u012bgs produkts, kas apvieno 9 da\u017e\u0101du veidu dz\u012bvas piensk\u0101bes bakt\u0113rijas.<\/p>\n<p>&nbsp;<\/p>\n<p><strong>Galven\u0101s iez\u012bmes:<\/strong><\/p>\n<ul>\n<li>zarnu mikrofloras uztur\u0113\u0161anai<\/li>\n<\/ul>\n","protected":false},"featured_media":41103,"comment_status":"open","ping_status":"closed","template":"","meta":{"inline_featured_image":false},"product_brand":[],"product_cat":[161,157],"product_tag":[],"class_list":{"0":"post-41257","1":"product","2":"type-product","3":"status-publish","4":"has-post-thumbnail","6":"product_cat-akcijas","7":"product_cat-gremosana-un-zarnas","9":"first","10":"instock","11":"sale","12":"shipping-taxable","13":"purchasable","14":"product-type-simple"},"_links":{"self":[{"href":"https:\/\/loosen.lt\/lv\/wp-json\/wp\/v2\/product\/41257","targetHints":{"allow":["GET"]}}],"collection":[{"href":"https:\/\/loosen.lt\/lv\/wp-json\/wp\/v2\/product"}],"about":[{"href":"https:\/\/loosen.lt\/lv\/wp-json\/wp\/v2\/types\/product"}],"replies":[{"embeddable":true,"href":"https:\/\/loosen.lt\/lv\/wp-json\/wp\/v2\/comments?post=41257"}],"wp:featuredmedia":[{"embeddable":true,"href":"https:\/\/loosen.lt\/lv\/wp-json\/wp\/v2\/media\/41103"}],"wp:attachment":[{"href":"https:\/\/loosen.lt\/lv\/wp-json\/wp\/v2\/media?parent=41257"}],"wp:term":[{"taxonomy":"product_brand","embeddable":true,"href":"https:\/\/loosen.lt\/lv\/wp-json\/wp\/v2\/product_brand?post=41257"},{"taxonomy":"product_cat","embeddable":true,"href":"https:\/\/loosen.lt\/lv\/wp-json\/wp\/v2\/product_cat?post=41257"},{"taxonomy":"product_tag","embeddable":true,"href":"https:\/\/loosen.lt\/lv\/wp-json\/wp\/v2\/product_tag?post=41257"}],"curies":[{"name":"wp","href":"https:\/\/api.w.org\/{rel}","templated":true}]}}