{"id":41259,"date":"2025-07-29T13:53:46","date_gmt":"2025-07-29T13:53:46","guid":{"rendered":"https:\/\/loosen.lt\/produktas\/natures-home-piecu-magnija-salu-magnija-komplekss-n120\/"},"modified":"2025-07-29T13:53:46","modified_gmt":"2025-07-29T13:53:46","slug":"natures-home-piecu-magnija-salu-magnija-komplekss-n120","status":"publish","type":"product","link":"https:\/\/loosen.lt\/lv\/produkts\/natures-home-piecu-magnija-salu-magnija-komplekss-n120\/","title":{"rendered":"Nature&#8217;s Home piecu magnija s\u0101\u013cu magnija komplekss N120"},"content":{"rendered":"<p>Magnija komplekss ir ekskluz\u012bva formula, kas apvieno piecas da\u017e\u0101das magnija formas, kas garant\u0113 lielisku uzs\u016bk\u0161anos un pla\u0161a spektra darb\u012bbu. \u0160is produkts ir paredz\u0113ts tiem, kas v\u0113las efekt\u012bvi uztur\u0113t gan savu fizisko, gan psiholo\u0123isko st\u0101vokli, \u012bpa\u0161i stresa, noguruma vai intens\u012bvi akt\u012bva dz\u012bvesveida laik\u0101.<\/p>\n<p>&nbsp;<\/p>\n<p><strong>Sast\u0101vda\u013cas<\/strong>: magnija oks\u012bds, magnija citr\u0101ts (citronsk\u0101bes s\u0101ls), kapsulas apvalks (hidroksipropilmetilceluloze), magnija bisglicin\u0101ts, magnija mal\u0101ts, magnija L-askorb\u0101ts, mikrokrist\u0101lisk\u0101 celuloze k\u0101 pildviela un pretsalipes vielas &#8211; tauksk\u0101bju magnija s\u0101ls un sil\u012bcija dioks\u012bds.<\/p>\n<p>&nbsp;<\/p>\n<table style=\"height: 505px;\" width=\"425\">\n<tbody>\n<tr>\n<td width=\"188\">&nbsp;<\/td>\n<td width=\"188\"><strong>VIENA KAPSULA SATUR:<\/strong><\/td>\n<td width=\"188\"><strong>DIVAS KAPSULAS SATUR:<\/strong><\/td>\n<td width=\"188\"><strong>Nomin\u0101l\u0101 v\u0113rt\u012bba*, %<\/strong><\/td>\n<\/tr>\n<tr>\n<td width=\"188\">Magnijs<\/td>\n<td width=\"188\">230mg<\/td>\n<td width=\"188\">460mg<\/td>\n<td width=\"188\">61\/123<\/td>\n<\/tr>\n<tr>\n<td width=\"188\">ieg\u016bts no:<\/td>\n<td width=\"188\">150mg<\/td>\n<td width=\"188\">300mg<\/td>\n<td width=\"188\">&nbsp;<\/td>\n<\/tr>\n<tr>\n<td width=\"188\">Magnija oks\u012bds<\/td>\n<td width=\"188\">26mg<\/td>\n<td width=\"188\">52mg<\/td>\n<td width=\"188\">&nbsp;<\/td>\n<\/tr>\n<tr>\n<td width=\"188\">Magnija mal\u0101ts<\/td>\n<td width=\"188\">23mg<\/td>\n<td width=\"188\">46mg<\/td>\n<td width=\"188\">&nbsp;<\/td>\n<\/tr>\n<tr>\n<td width=\"188\">Magnija citr\u0101ts<\/td>\n<td width=\"188\">20mg<\/td>\n<td width=\"188\">40mg<\/td>\n<td width=\"188\">&nbsp;<\/td>\n<\/tr>\n<tr>\n<td width=\"188\">Magnija bisglicin\u0101ts<\/td>\n<td width=\"188\">11mg<\/td>\n<td width=\"188\">22mg<\/td>\n<td width=\"188\">&nbsp;<\/td>\n<\/tr>\n<tr>\n<td width=\"188\">Magnija askorb\u0101ts<\/td>\n<td width=\"188\">&nbsp;<\/td>\n<td width=\"188\">&nbsp;<\/td>\n<td width=\"188\">&nbsp;<\/td>\n<\/tr>\n<tr>\n<td width=\"188\">* \u2013 atsauces uzturv\u0113rt\u012bba (RNV).<\/td>\n<td width=\"188\">&nbsp;<\/td>\n<td width=\"188\">&nbsp;<\/td>\n<td width=\"188\">&nbsp;<\/td>\n<\/tr>\n<\/tbody>\n<\/table>\n<p>&nbsp;<\/p>\n<p><strong>Lieto\u0161ana<\/strong>: B\u0113rniem vecum\u0101 no 4 l\u012bdz 18 gadiem ieteicams lietot vienu kapsulu dien\u0101, bet pieaugu\u0161ajiem &#8211; divas kapsulas, v\u0113lams p\u0113c \u0113dienreizes, uzdzerot gl\u0101zi \u016bdens.<\/p>\n<p>&nbsp;<\/p>\n<p><strong>Uzglab\u0101\u0161anas apst\u0101k\u013ci:<\/strong><\/p>\n<p>Uzglab\u0101t v\u0113s\u0101, saus\u0101 viet\u0101. Sarg\u0101t no b\u0113rniem.<\/p>\n<p>Ra\u017eot\u0101js: UAB &#8220;Domus Naturae&#8221;<\/p>\n<p>Neto daudzums: 102 g.<\/p>\n<p>Ieteicams l\u012bdz (der\u012bguma termi\u0146\u0161): Ieteicams l\u012bdz datums, kas nor\u0101d\u012bts iepakojuma s\u0101nos, aug\u0161pus\u0113 vai apak\u0161\u0101.<\/p>\n<p><strong>Br\u012bdin\u0101jums:<\/strong><\/p>\n<p>Uztura bag\u0101tin\u0101t\u0101js nav \u0113dienreizes aizvietot\u0101js. Svar\u012bgs ir daudzveid\u012bgs un sabalans\u0113ts uzturs un vesel\u012bgs dz\u012bvesveids. Ja esat gr\u016btniece, barojat b\u0113rnu ar kr\u016bti vai lietojat citas z\u0101les, pirms lieto\u0161anas konsult\u0113jieties ar \u0101rstu vai farmaceitu. Nep\u0101rsniedziet ieteicamo devu.<\/p>\n","protected":false},"excerpt":{"rendered":"<p>MAGNIJA KOMPLEKSS \u2013 efekt\u012bvs risin\u0101jums stabilu magnija rezervju uztur\u0113\u0161anai organism\u0101 un ikdienas labsaj\u016btas nodro\u0161in\u0101\u0161anai.<\/p>\n<p>&nbsp;<\/p>\n<p><strong>Galven\u0101s iez\u012bmes:<\/strong><\/p>\n<ul>\n<li>Pal\u012bdz uztur\u0113t norm\u0101lu nervu sist\u0113mas aktivit\u0101ti un musku\u013cu funkcijas<\/li>\n<li>Atbalsta noguruma un nesp\u0113ka saj\u016btas mazin\u0101\u0161anu<\/li>\n<li>Veicina norm\u0101lu ener\u0123ijas vielmai\u0146u un olbaltumvielu sint\u0113zi<\/li>\n<li>Atbalsta psiholo\u0123isk\u0101s funkcijas un nervu sist\u0113mas aktivit\u0101ti<\/li>\n<li>Pal\u012bdz uztur\u0113t musku\u013cu darb\u012bbu un kaulu un zobu st\u0101vokli<\/li>\n<li>Atbalsta \u0161\u016bnu dal\u012b\u0161an\u0101s procesu<\/li>\n<li>Pal\u012bdz uztur\u0113t elektrol\u012btu l\u012bdzsvaru organism\u0101<\/li>\n<\/ul>\n","protected":false},"featured_media":41107,"comment_status":"open","ping_status":"closed","template":"","meta":{"inline_featured_image":false},"product_brand":[],"product_cat":[161,151],"product_tag":[],"class_list":{"0":"post-41259","1":"product","2":"type-product","3":"status-publish","4":"has-post-thumbnail","6":"product_cat-akcijas","7":"product_cat-nervu-sistema","9":"first","10":"instock","11":"sale","12":"shipping-taxable","13":"purchasable","14":"product-type-simple"},"_links":{"self":[{"href":"https:\/\/loosen.lt\/lv\/wp-json\/wp\/v2\/product\/41259","targetHints":{"allow":["GET"]}}],"collection":[{"href":"https:\/\/loosen.lt\/lv\/wp-json\/wp\/v2\/product"}],"about":[{"href":"https:\/\/loosen.lt\/lv\/wp-json\/wp\/v2\/types\/product"}],"replies":[{"embeddable":true,"href":"https:\/\/loosen.lt\/lv\/wp-json\/wp\/v2\/comments?post=41259"}],"wp:featuredmedia":[{"embeddable":true,"href":"https:\/\/loosen.lt\/lv\/wp-json\/wp\/v2\/media\/41107"}],"wp:attachment":[{"href":"https:\/\/loosen.lt\/lv\/wp-json\/wp\/v2\/media?parent=41259"}],"wp:term":[{"taxonomy":"product_brand","embeddable":true,"href":"https:\/\/loosen.lt\/lv\/wp-json\/wp\/v2\/product_brand?post=41259"},{"taxonomy":"product_cat","embeddable":true,"href":"https:\/\/loosen.lt\/lv\/wp-json\/wp\/v2\/product_cat?post=41259"},{"taxonomy":"product_tag","embeddable":true,"href":"https:\/\/loosen.lt\/lv\/wp-json\/wp\/v2\/product_tag?post=41259"}],"curies":[{"name":"wp","href":"https:\/\/api.w.org\/{rel}","templated":true}]}}