{"id":41261,"date":"2025-07-29T13:49:26","date_gmt":"2025-07-29T13:49:26","guid":{"rendered":"https:\/\/loosen.lt\/produktas\/dabas-nams-magnijsb6-forte-n60\/"},"modified":"2025-11-04T10:54:51","modified_gmt":"2025-11-04T10:54:51","slug":"dabas-nams-magnijsb6-forte-n60","status":"publish","type":"product","link":"https:\/\/loosen.lt\/lv\/produkts\/dabas-nams-magnijsb6-forte-n60\/","title":{"rendered":"Dabas nams Magnijs+B6 Forte N60"},"content":{"rendered":"<p>Magnija bisglicin\u0101ts ir m\u016bsdien\u012bga magnija forma, kam rakstur\u012bga \u012bpa\u0161i laba uzs\u016bk\u0161an\u0101s, pateicoties t\u0101 hel\u0101tu strukt\u016brai. \u0160is magnija veids ir saudz\u012bgs pret gremo\u0161anas sist\u0113mu un parasti neizraisa nepat\u012bkamas saj\u016btas, kas rakstur\u012bgas citiem magnija veidiem.<\/p>\n<p><strong>Sast\u0101vda\u013cas<\/strong>: magnija bisglicin\u0101ts, mikrokrist\u0101lisk\u0101 celuloze (pildviela), \u017eelat\u012bna kapsula, tauksk\u0101bju magnija s\u0101\u013ci (pretsalipes viela), piridoks\u012bna hidrohlor\u012bds (B6 vitam\u012bns).<\/p>\n<p>&nbsp;<\/p>\n<table style=\"height: 141px;\" width=\"482\">\n<tbody>\n<tr>\n<td width=\"188\">VIENA KAPSULA SATUR:<\/td>\n<td width=\"188\">&nbsp;<\/td>\n<td width=\"188\">Nomin\u0101l\u0101 v\u0113rt\u012bba*, %<\/td>\n<\/tr>\n<tr>\n<td width=\"188\">Magnijs (no magnija bisglicin\u0101ta)<\/td>\n<td width=\"188\">100mg<\/td>\n<td width=\"188\">27<\/td>\n<\/tr>\n<tr>\n<td width=\"188\">B6 vitam\u012bns<\/td>\n<td width=\"188\">5mg<\/td>\n<td width=\"188\">357<\/td>\n<\/tr>\n<\/tbody>\n<\/table>\n<p>&nbsp;<\/p>\n<p><strong>Lieto\u0161ana<\/strong>: piem\u0113rots b\u0113rniem no 6 gadu vecuma. B\u0113rniem l\u012bdz 16 gadu vecumam ieteicams lietot vienu kapsulu dien\u0101, bet vec\u0101kiem b\u0113rniem ieteicams lietot vienu vai divas kapsulas dien\u0101.<\/p>\n<p>&nbsp;<\/p>\n<p><strong>Uzglab\u0101\u0161anas apst\u0101k\u013ci:<\/strong><\/p>\n<p>Uzglab\u0101t v\u0113s\u0101, saus\u0101 viet\u0101. Sarg\u0101t no b\u0113rniem.<\/p>\n<p>Ra\u017eot\u0101js: UAB &#8220;Domus Naturae&#8221;<\/p>\n<p>Neto daudzums: 47 g.<\/p>\n<p>Ieteicams l\u012bdz (der\u012bguma termi\u0146\u0161): Ieteicams l\u012bdz datums, kas nor\u0101d\u012bts iepakojuma s\u0101nos, aug\u0161pus\u0113 vai apak\u0161\u0101.<\/p>\n<p><strong>Br\u012bdin\u0101jums:<\/strong><\/p>\n<p>Uztura bag\u0101tin\u0101t\u0101js nav \u0113dienreizes aizvietot\u0101js. Svar\u012bgs ir daudzveid\u012bgs un sabalans\u0113ts uzturs un vesel\u012bgs dz\u012bvesveids. Ja esat gr\u016btniece, barojat b\u0113rnu ar kr\u016bti vai lietojat citas z\u0101les, pirms lieto\u0161anas konsult\u0113jieties ar \u0101rstu vai farmaceitu. Nep\u0101rsniedziet ieteicamo devu.<\/p>\n","protected":false},"excerpt":{"rendered":"<p>Magnijs + B6 Forte ir augstas kvalit\u0101tes uztura bag\u0101tin\u0101t\u0101js, kas sast\u0101v no labi uzs\u016bco\u0161a magnija bisglicin\u0101ta un B6 vitam\u012bna kombin\u0101cijas.<\/p>\n<p>&nbsp;<\/p>\n<p><strong>Galven\u0101s iez\u012bmes:<\/strong><\/p>\n<p>&nbsp;<\/p>\n<p><strong>Magnijs:<\/strong><\/p>\n<ul>\n<li>Atbalsta norm\u0101lu musku\u013cu darb\u012bbu<\/li>\n<li>Veicina nervu sist\u0113mas darb\u012bbu<\/li>\n<li>Pal\u012bdz uztur\u0113t stiprus kaulus un zobus<\/li>\n<li>Piedal\u0101s ener\u0123ijas ra\u017eo\u0161anas procesos<\/li>\n<\/ul>\n<p><strong>B6 vitam\u012bns:<\/strong><\/p>\n<ul>\n<li>Pal\u012bdz regul\u0113t hormon\u0101lo aktivit\u0101ti<\/li>\n<li>Stiprina im\u016bnsist\u0113mu<\/li>\n<li>Veicina sarkano asins\u0137ermen\u012b\u0161u veido\u0161anos<\/li>\n<li>Bisglicin\u0101ta forma \u2013 nodro\u0161ina lab\u0101ku uzs\u016bk\u0161anos<\/li>\n<\/ul>\n","protected":false},"featured_media":41115,"comment_status":"open","ping_status":"closed","template":"","meta":{"inline_featured_image":false},"product_brand":[],"product_cat":[161,151],"product_tag":[],"class_list":{"0":"post-41261","1":"product","2":"type-product","3":"status-publish","4":"has-post-thumbnail","6":"product_cat-akcijas","7":"product_cat-nervu-sistema","9":"first","10":"instock","11":"sale","12":"shipping-taxable","13":"purchasable","14":"product-type-simple"},"_links":{"self":[{"href":"https:\/\/loosen.lt\/lv\/wp-json\/wp\/v2\/product\/41261","targetHints":{"allow":["GET"]}}],"collection":[{"href":"https:\/\/loosen.lt\/lv\/wp-json\/wp\/v2\/product"}],"about":[{"href":"https:\/\/loosen.lt\/lv\/wp-json\/wp\/v2\/types\/product"}],"replies":[{"embeddable":true,"href":"https:\/\/loosen.lt\/lv\/wp-json\/wp\/v2\/comments?post=41261"}],"wp:featuredmedia":[{"embeddable":true,"href":"https:\/\/loosen.lt\/lv\/wp-json\/wp\/v2\/media\/41115"}],"wp:attachment":[{"href":"https:\/\/loosen.lt\/lv\/wp-json\/wp\/v2\/media?parent=41261"}],"wp:term":[{"taxonomy":"product_brand","embeddable":true,"href":"https:\/\/loosen.lt\/lv\/wp-json\/wp\/v2\/product_brand?post=41261"},{"taxonomy":"product_cat","embeddable":true,"href":"https:\/\/loosen.lt\/lv\/wp-json\/wp\/v2\/product_cat?post=41261"},{"taxonomy":"product_tag","embeddable":true,"href":"https:\/\/loosen.lt\/lv\/wp-json\/wp\/v2\/product_tag?post=41261"}],"curies":[{"name":"wp","href":"https:\/\/api.w.org\/{rel}","templated":true}]}}