{"id":41263,"date":"2025-07-29T13:45:45","date_gmt":"2025-07-29T13:45:45","guid":{"rendered":"https:\/\/loosen.lt\/produktas\/natures-house-piena-dadza-un-artisoku-komplekss-detox-n90\/"},"modified":"2025-07-29T13:45:45","modified_gmt":"2025-07-29T13:45:45","slug":"natures-house-piena-dadza-un-artisoku-komplekss-detox-n90","status":"publish","type":"product","link":"https:\/\/loosen.lt\/lv\/produkts\/natures-house-piena-dadza-un-artisoku-komplekss-detox-n90\/","title":{"rendered":"Nature&#8217;s House piena dad\u017ea un arti\u0161oku komplekss DETOX N90"},"content":{"rendered":"<p><strong>Kam \u0161is uztura bag\u0101tin\u0101t\u0101js ir ieteicams?<\/strong><\/p>\n<ul>\n<li>Cilv\u0113kiem, kuri v\u0113las dabiski r\u016bp\u0113ties par savu aknu darb\u012bbu<\/li>\n<li>Tiem, kas j\u016bt smaguma saj\u016btu vai diskomfortu p\u0113c treknu vai liel\u0101ku malt\u012b\u0161u \u0113\u0161anas<\/li>\n<li>Pat\u0113r\u0113t\u0101jiem, kas mekl\u0113 augu izcelsmes, maigus l\u012bdzek\u013cus, lai uztur\u0113tu visp\u0101r\u0113jo \u0137erme\u0146a l\u012bdzsvaru<\/li>\n<\/ul>\n<p><strong>Sast\u0101vda\u013cas<\/strong>: m\u0101rdad\u017ea (Silybum marianum) s\u0113klu ekstrakts, rafin\u0113ta saulespu\u0137u e\u013c\u013ca, \u017eelat\u012bns, mitrin\u0101t\u0101js glicer\u012bns, saulespu\u0137u lecit\u012bns, tauksk\u0101bju komplekss k\u0101 lip\u012bguma regul\u0113t\u0101js, arti\u0161oka (Cynara scolymus) lapu ekstrakts, pienenes (Taraxacum officinale) ziedu ekstrakts, biezin\u0101t\u0101js \u2013 bi\u0161u vasks, lakricas (Glycyrrhiza glabra) sak\u0146u ekstrakts un dzelzs oks\u012bda kr\u0101svielas.<\/p>\n<p>&nbsp;<\/p>\n<table style=\"height: 508px;\" width=\"476\">\n<tbody>\n<tr>\n<td width=\"188\"><strong>VIENA KAPSULA SATUR:<\/strong><\/td>\n<td width=\"188\">&nbsp;<\/td>\n<\/tr>\n<tr>\n<td width=\"188\">Piena dad\u017ea s\u0113klu ekstrakts,<\/td>\n<td width=\"188\">187mg<\/td>\n<\/tr>\n<tr>\n<td width=\"188\">kas satur silimar\u012bnu<\/td>\n<td width=\"188\">150mg<\/td>\n<\/tr>\n<tr>\n<td width=\"188\">\u012asta arti\u0161oku lapu ekstrakts,<\/td>\n<td width=\"188\">10mg<\/td>\n<\/tr>\n<tr>\n<td width=\"188\">kas satur kofeilhin\u012bnsk\u0101bi<\/td>\n<td width=\"188\">1,3mg<\/td>\n<\/tr>\n<tr>\n<td width=\"188\">Piene\u0146u ziedu ekstrakts,<\/td>\n<td width=\"188\">10mg<\/td>\n<\/tr>\n<tr>\n<td width=\"188\">kas satur viteks\u012bnu<\/td>\n<td width=\"188\">30 \u00b5g<\/td>\n<\/tr>\n<tr>\n<td width=\"188\">Lakricas saknes ekstrakts,<\/td>\n<td width=\"188\">5mg<\/td>\n<\/tr>\n<tr>\n<td width=\"188\">satur gliciriz\u012bnsk\u0101bi<\/td>\n<td width=\"188\">0,5mg<\/td>\n<\/tr>\n<\/tbody>\n<\/table>\n<p>&nbsp;<\/p>\n<p><strong>Lieto\u0161ana<\/strong>: Ieteicams lietot 1 kapsulu dien\u0101 pirms \u0113\u0161anas. Piem\u0113rots b\u0113rniem no 12 gadu vecuma.<\/p>\n<p>&nbsp;<\/p>\n<p><strong>Uzglab\u0101\u0161anas apst\u0101k\u013ci:<\/strong><\/p>\n<p>Uzglab\u0101t v\u0113s\u0101, saus\u0101 viet\u0101. Sarg\u0101t no b\u0113rniem.<\/p>\n<p>Ra\u017eot\u0101js: UAB &#8220;Domus Naturae&#8221;<\/p>\n<p>Neto daudzums: 59,7 g.<\/p>\n<p>Ieteicams l\u012bdz (der\u012bguma termi\u0146\u0161): Ieteicams l\u012bdz datums, kas nor\u0101d\u012bts iepakojuma s\u0101nos, aug\u0161pus\u0113 vai apak\u0161\u0101.<\/p>\n<p><strong>Br\u012bdin\u0101jums:<\/strong><\/p>\n<p>Uztura bag\u0101tin\u0101t\u0101js nav \u0113dienreizes aizvietot\u0101js. Svar\u012bgs ir daudzveid\u012bgs un sabalans\u0113ts uzturs un vesel\u012bgs dz\u012bvesveids. Ja esat gr\u016btniece, barojat b\u0113rnu ar kr\u016bti vai lietojat citas z\u0101les, pirms lieto\u0161anas konsult\u0113jieties ar \u0101rstu vai farmaceitu. Nep\u0101rsniedziet ieteicamo devu.<\/p>\n","protected":false},"excerpt":{"rendered":"<p>&#8220;Margainio-arti\u0161oku komplekss Detox&#8221; ir r\u016bp\u012bgi sabalans\u0113ts augu izcelsmes uztura bag\u0101tin\u0101t\u0101js.<\/p>\n<p>&nbsp;<\/p>\n<p><strong>Galven\u0101s iez\u012bmes:<\/strong><\/p>\n<ul>\n<li>Arti\u0161oks pal\u012bdz uztur\u0113t norm\u0101lu gremo\u0161anas sist\u0113mas darb\u012bbu.<\/li>\n<li>Piena dadzis pal\u012bdz uztur\u0113t norm\u0101lu aknu darb\u012bbu.<\/li>\n<\/ul>\n","protected":false},"featured_media":41119,"comment_status":"open","ping_status":"closed","template":"","meta":{"inline_featured_image":false},"product_brand":[],"product_cat":[161,157],"product_tag":[],"class_list":{"0":"post-41263","1":"product","2":"type-product","3":"status-publish","4":"has-post-thumbnail","6":"product_cat-akcijas","7":"product_cat-gremosana-un-zarnas","9":"first","10":"instock","11":"sale","12":"shipping-taxable","13":"purchasable","14":"product-type-simple"},"_links":{"self":[{"href":"https:\/\/loosen.lt\/lv\/wp-json\/wp\/v2\/product\/41263","targetHints":{"allow":["GET"]}}],"collection":[{"href":"https:\/\/loosen.lt\/lv\/wp-json\/wp\/v2\/product"}],"about":[{"href":"https:\/\/loosen.lt\/lv\/wp-json\/wp\/v2\/types\/product"}],"replies":[{"embeddable":true,"href":"https:\/\/loosen.lt\/lv\/wp-json\/wp\/v2\/comments?post=41263"}],"wp:featuredmedia":[{"embeddable":true,"href":"https:\/\/loosen.lt\/lv\/wp-json\/wp\/v2\/media\/41119"}],"wp:attachment":[{"href":"https:\/\/loosen.lt\/lv\/wp-json\/wp\/v2\/media?parent=41263"}],"wp:term":[{"taxonomy":"product_brand","embeddable":true,"href":"https:\/\/loosen.lt\/lv\/wp-json\/wp\/v2\/product_brand?post=41263"},{"taxonomy":"product_cat","embeddable":true,"href":"https:\/\/loosen.lt\/lv\/wp-json\/wp\/v2\/product_cat?post=41263"},{"taxonomy":"product_tag","embeddable":true,"href":"https:\/\/loosen.lt\/lv\/wp-json\/wp\/v2\/product_tag?post=41263"}],"curies":[{"name":"wp","href":"https:\/\/api.w.org\/{rel}","templated":true}]}}