{"id":41265,"date":"2025-07-29T13:41:33","date_gmt":"2025-07-29T13:41:33","guid":{"rendered":"https:\/\/loosen.lt\/produktas\/dabas-nama-zivju-ella-omega-3-forte-1000-mg-n90\/"},"modified":"2025-08-06T15:02:45","modified_gmt":"2025-08-06T15:02:45","slug":"dabas-nama-zivju-ella-omega-3-forte-1000-mg-n90","status":"publish","type":"product","link":"https:\/\/loosen.lt\/lv\/produkts\/dabas-nama-zivju-ella-omega-3-forte-1000-mg-n90\/","title":{"rendered":"Dabas nama zivju e\u013c\u013ca Omega-3 FORTE 1000 mg N90"},"content":{"rendered":"<p><strong>Kam ieteicams?<\/strong><\/p>\n<p>Cilv\u0113kiem, kuri v\u0113las r\u016bp\u0113ties par savas sirds vesel\u012bbu, saglab\u0101t skaidru dom\u0101\u0161anu un redzes asumu, un mekl\u0113 efekt\u012bvu veidu, k\u0101 papildin\u0101t savu organismu ar omega-3 tauksk\u0101b\u0113m.<\/p>\n<p>&nbsp;<\/p>\n<p><strong>Sast\u0101vda\u013cas<\/strong>: koncentr\u0113ta zivju e\u013c\u013ca, kapsulas apvalks (\u017eelat\u012bns), mitrin\u0101t\u0101js (glicer\u012bns), dab\u012bgais E vitam\u012bns (D-alfa-tokoferols).<\/p>\n<p>&nbsp;<\/p>\n<table style=\"height: 395px;\" width=\"368\">\n<tbody>\n<tr>\n<td width=\"188\"><strong>VIENA KAPSULA SATUR: RMV*, %<\/strong><\/td>\n<td width=\"188\">&nbsp;<\/td>\n<td width=\"188\">&nbsp;<\/td>\n<\/tr>\n<tr>\n<td width=\"188\">Zivju e\u013c\u013ca, kas satur<\/td>\n<td width=\"188\">1000mg<\/td>\n<td width=\"188\">**<\/td>\n<\/tr>\n<tr>\n<td width=\"188\">EPR<\/td>\n<td width=\"188\">350mg<\/td>\n<td width=\"188\">**<\/td>\n<\/tr>\n<tr>\n<td width=\"188\">DHR<\/td>\n<td width=\"188\">250mg<\/td>\n<td width=\"188\">**<\/td>\n<\/tr>\n<tr>\n<td width=\"188\">E vitam\u012bns<\/td>\n<td width=\"188\">5 mg \u03b1-TE<\/td>\n<td width=\"188\">42<\/td>\n<\/tr>\n<tr>\n<td width=\"188\">* \u2013 atsauces uzturv\u0113rt\u012bba (RNV).<\/td>\n<td width=\"188\">&nbsp;<\/td>\n<td width=\"188\">&nbsp;<\/td>\n<\/tr>\n<tr>\n<td width=\"188\">** \u2013 uzturv\u0113rt\u012bbas atsauces v\u0113rt\u012bba nav noteikta.<\/td>\n<td width=\"188\">&nbsp;<\/td>\n<td width=\"188\">&nbsp;<\/td>\n<\/tr>\n<\/tbody>\n<\/table>\n<p>&nbsp;<\/p>\n<p><strong>Lieto\u0161ana<\/strong>: Lietojiet vienu kapsulu dien\u0101, v\u0113lams \u0113dienreizes laik\u0101.<\/p>\n<p>&nbsp;<\/p>\n<p><strong>Uzglab\u0101\u0161anas apst\u0101k\u013ci:<\/strong><\/p>\n<p>Uzglab\u0101t v\u0113s\u0101, saus\u0101 viet\u0101. Sarg\u0101t no b\u0113rniem.<\/p>\n<p>Ra\u017eot\u0101js: UAB &#8220;Domus Naturae&#8221;<\/p>\n<p>Neto daudzums: 127,7 g.<\/p>\n<p>Ieteicams l\u012bdz (der\u012bguma termi\u0146\u0161): Ieteicams l\u012bdz datums, kas nor\u0101d\u012bts iepakojuma s\u0101nos, aug\u0161pus\u0113 vai apak\u0161\u0101.<\/p>\n<p><strong>Br\u012bdin\u0101jums:<\/strong><\/p>\n<p>Uztura bag\u0101tin\u0101t\u0101js nav \u0113dienreizes aizvietot\u0101js. Svar\u012bgs ir daudzveid\u012bgs un sabalans\u0113ts uzturs un vesel\u012bgs dz\u012bvesveids. Ja esat gr\u016btniece, barojat b\u0113rnu ar kr\u016bti vai lietojat citas z\u0101les, pirms lieto\u0161anas konsult\u0113jieties ar \u0101rstu vai farmaceitu. Nep\u0101rsniedziet ieteicamo devu.<\/p>\n","protected":false},"excerpt":{"rendered":"<p>Omega-3 Forte ir uztura bag\u0101tin\u0101t\u0101js, kura pamat\u0101 ir \u013coti koncentr\u0113ta zivju e\u013c\u013ca.<\/p>\n<p>&nbsp;<\/p>\n<p><strong>Galven\u0101s iez\u012bmes:<\/strong><\/p>\n<ul>\n<li>atbalsta norm\u0101lu smadze\u0146u darb\u012bbu<\/li>\n<li>saglab\u0101 redzes asumu<\/li>\n<li>veicina norm\u0101las sirds darb\u012bbas uztur\u0113\u0161anu<\/li>\n<li>E vitam\u012bns pal\u012bdz aizsarg\u0101t organisma \u0161\u016bnas no oksidat\u012bv\u0101 stresa<\/li>\n<\/ul>\n","protected":false},"featured_media":41127,"comment_status":"open","ping_status":"closed","template":"","meta":{"inline_featured_image":false},"product_brand":[],"product_cat":[161,158],"product_tag":[],"class_list":{"0":"post-41265","1":"product","2":"type-product","3":"status-publish","4":"has-post-thumbnail","6":"product_cat-akcijas","7":"product_cat-sirds-un-asins-plusma","9":"first","10":"instock","11":"sale","12":"shipping-taxable","13":"purchasable","14":"product-type-simple"},"_links":{"self":[{"href":"https:\/\/loosen.lt\/lv\/wp-json\/wp\/v2\/product\/41265","targetHints":{"allow":["GET"]}}],"collection":[{"href":"https:\/\/loosen.lt\/lv\/wp-json\/wp\/v2\/product"}],"about":[{"href":"https:\/\/loosen.lt\/lv\/wp-json\/wp\/v2\/types\/product"}],"replies":[{"embeddable":true,"href":"https:\/\/loosen.lt\/lv\/wp-json\/wp\/v2\/comments?post=41265"}],"wp:featuredmedia":[{"embeddable":true,"href":"https:\/\/loosen.lt\/lv\/wp-json\/wp\/v2\/media\/41127"}],"wp:attachment":[{"href":"https:\/\/loosen.lt\/lv\/wp-json\/wp\/v2\/media?parent=41265"}],"wp:term":[{"taxonomy":"product_brand","embeddable":true,"href":"https:\/\/loosen.lt\/lv\/wp-json\/wp\/v2\/product_brand?post=41265"},{"taxonomy":"product_cat","embeddable":true,"href":"https:\/\/loosen.lt\/lv\/wp-json\/wp\/v2\/product_cat?post=41265"},{"taxonomy":"product_tag","embeddable":true,"href":"https:\/\/loosen.lt\/lv\/wp-json\/wp\/v2\/product_tag?post=41265"}],"curies":[{"name":"wp","href":"https:\/\/api.w.org\/{rel}","templated":true}]}}