{"id":41267,"date":"2025-07-29T13:38:19","date_gmt":"2025-07-29T13:38:19","guid":{"rendered":"https:\/\/loosen.lt\/produktas\/dabas-nams-augstas-koncentracijas-selens-200-%ce%bcg-n90\/"},"modified":"2025-07-29T13:38:19","modified_gmt":"2025-07-29T13:38:19","slug":"dabas-nams-augstas-koncentracijas-selens-200-%ce%bcg-n90","status":"publish","type":"product","link":"https:\/\/loosen.lt\/lv\/produkts\/dabas-nams-augstas-koncentracijas-selens-200-%ce%bcg-n90\/","title":{"rendered":"Dabas nams Augstas koncentr\u0101cijas sel\u0113ns 200 \u03bcg N90"},"content":{"rendered":"<p><strong>Ikdienas atbalsts j\u016bsu \u0137ermenim:<\/strong><\/p>\n<p>Sel\u0113ns 200 \u00b5g ir v\u0113rt\u012bgs mikroelements, kas pal\u012bdz uztur\u0113t iek\u0161\u0113jo l\u012bdzsvaru un visp\u0101r\u0113jo labsaj\u016btu. Lieliska izv\u0113le tiem, kuru uzturs ne vienm\u0113r ir sabalans\u0113ts vai kuri ikdien\u0101 saskaras ar paaugstin\u0101tu fizisko vai emocion\u0101lo stresu.<\/p>\n<p>&nbsp;<\/p>\n<p><strong>Sast\u0101vda\u013cas<\/strong>: mikrokrist\u0101lisk\u0101 celuloze un kalcija fosf\u0101ts (pildvielas), L-selenometion\u012bns (sel\u0113na avots), tauksk\u0101bju magnija s\u0101ls (pretsalipes viela).<\/p>\n<p>&nbsp;<\/p>\n<table style=\"height: 204px;\" width=\"445\">\n<tbody>\n<tr>\n<td width=\"188\"><strong>VIENA TABLETE SATUR: RMV*, %<\/strong><\/td>\n<td width=\"188\">&nbsp;<\/td>\n<td width=\"188\">&nbsp;<\/td>\n<\/tr>\n<tr>\n<td width=\"188\">Sel\u0113ns<\/td>\n<td width=\"188\">200 \u00b5g<\/td>\n<td width=\"188\">364<\/td>\n<\/tr>\n<tr>\n<td width=\"188\">* \u2013 atsauces uzturv\u0113rt\u012bba (RNV).<\/td>\n<td width=\"188\">&nbsp;<\/td>\n<td width=\"188\">&nbsp;<\/td>\n<\/tr>\n<\/tbody>\n<\/table>\n<p>&nbsp;<\/p>\n<p><strong>Lieto\u0161ana<\/strong>: Lieto\u0161ana: 1 tablete dien\u0101. Piem\u0113rots person\u0101m no 12 gadu vecuma.<\/p>\n<p>&nbsp;<\/p>\n<p><strong>Uzglab\u0101\u0161anas apst\u0101k\u013ci:<\/strong><\/p>\n<p>Uzglab\u0101t v\u0113s\u0101, saus\u0101 viet\u0101. Sarg\u0101t no b\u0113rniem.<\/p>\n<p>Ra\u017eot\u0101js: UAB &#8220;Domus Naturae&#8221;<\/p>\n<p>Neto daudzums: 45 g.<\/p>\n<p>Ieteicams l\u012bdz (der\u012bguma termi\u0146\u0161): Ieteicams l\u012bdz datums, kas nor\u0101d\u012bts iepakojuma s\u0101nos, aug\u0161pus\u0113 vai apak\u0161\u0101.<\/p>\n<p><strong>Br\u012bdin\u0101jums:<\/strong><\/p>\n<p>Uztura bag\u0101tin\u0101t\u0101js nav \u0113dienreizes aizvietot\u0101js. Svar\u012bgs ir daudzveid\u012bgs un sabalans\u0113ts uzturs un vesel\u012bgs dz\u012bvesveids. Ja esat gr\u016btniece, barojat b\u0113rnu ar kr\u016bti vai lietojat citas z\u0101les, pirms lieto\u0161anas konsult\u0113jieties ar \u0101rstu vai farmaceitu. Nep\u0101rsniedziet ieteicamo devu.<\/p>\n","protected":false},"excerpt":{"rendered":"<p>Sel\u0113ns 200 \u00b5g ir augstas kvalit\u0101tes un uzticams uztura bag\u0101tin\u0101t\u0101js.<\/p>\n<p>&nbsp;<\/p>\n<p><strong>Galven\u0101s iez\u012bmes:<\/strong><\/p>\n<p>&nbsp;<\/p>\n<ul>\n<li>Veicina norm\u0101las spermato\u0123en\u0113zes uztur\u0113\u0161anu.<\/li>\n<li>Pal\u012bdz uztur\u0113t vesel\u012bgus matus un nagus<\/li>\n<li>Atbalsta norm\u0101lu im\u016bnsist\u0113mas darb\u012bbu<\/li>\n<li>Veicina vairogdziedzera darb\u012bbas atbalst\u012b\u0161anu<\/li>\n<li>Pal\u012bdz aizsarg\u0101t \u0161\u016bnas no kait\u012bg\u0101 oksidat\u012bv\u0101 stresa<\/li>\n<\/ul>\n","protected":false},"featured_media":41148,"comment_status":"open","ping_status":"closed","template":"","meta":{"inline_featured_image":false},"product_brand":[],"product_cat":[161,148],"product_tag":[],"class_list":{"0":"post-41267","1":"product","2":"type-product","3":"status-publish","4":"has-post-thumbnail","6":"product_cat-akcijas","7":"product_cat-imunitate","9":"first","10":"instock","11":"sale","12":"shipping-taxable","13":"purchasable","14":"product-type-simple"},"_links":{"self":[{"href":"https:\/\/loosen.lt\/lv\/wp-json\/wp\/v2\/product\/41267","targetHints":{"allow":["GET"]}}],"collection":[{"href":"https:\/\/loosen.lt\/lv\/wp-json\/wp\/v2\/product"}],"about":[{"href":"https:\/\/loosen.lt\/lv\/wp-json\/wp\/v2\/types\/product"}],"replies":[{"embeddable":true,"href":"https:\/\/loosen.lt\/lv\/wp-json\/wp\/v2\/comments?post=41267"}],"wp:featuredmedia":[{"embeddable":true,"href":"https:\/\/loosen.lt\/lv\/wp-json\/wp\/v2\/media\/41148"}],"wp:attachment":[{"href":"https:\/\/loosen.lt\/lv\/wp-json\/wp\/v2\/media?parent=41267"}],"wp:term":[{"taxonomy":"product_brand","embeddable":true,"href":"https:\/\/loosen.lt\/lv\/wp-json\/wp\/v2\/product_brand?post=41267"},{"taxonomy":"product_cat","embeddable":true,"href":"https:\/\/loosen.lt\/lv\/wp-json\/wp\/v2\/product_cat?post=41267"},{"taxonomy":"product_tag","embeddable":true,"href":"https:\/\/loosen.lt\/lv\/wp-json\/wp\/v2\/product_tag?post=41267"}],"curies":[{"name":"wp","href":"https:\/\/api.w.org\/{rel}","templated":true}]}}