{"id":41290,"date":"2025-07-29T13:33:34","date_gmt":"2025-07-29T13:33:34","guid":{"rendered":"https:\/\/loosen.lt\/produktas\/natures-home-fiber-blend-slim-fit-zemenu-garsa\/"},"modified":"2026-05-03T17:40:26","modified_gmt":"2026-05-03T17:40:26","slug":"natures-home-fiber-blend-slim-fit-zemenu-garsa","status":"publish","type":"product","link":"https:\/\/loosen.lt\/lv\/produkts\/natures-home-fiber-blend-slim-fit-zemenu-garsa\/","title":{"rendered":"Nature&#8217;s Home Fiber Blend SLIM FIT zeme\u0146u gar\u0161a"},"content":{"rendered":"<p>Atkl\u0101jiet dabisko ce\u013cu uz lab\u0101ku formu ar SLIM FIT \u2013 gardu \u0161\u0137iedru mais\u012bjumu ar zeme\u0146u gar\u0161u. \u0160is uztura bag\u0101tin\u0101t\u0101js pal\u012bdz efekt\u012bvi uztur\u0113t vesel\u012bgu svaru, regul\u0113t holester\u012bna l\u012bmeni un atbalst\u012bt vienm\u0113r\u012bgu zarnu darb\u012bbu.<\/p>\n<p>&nbsp;<\/p>\n<p><strong>Sast\u0101vda\u013cas<\/strong>: ce\u013cmallapa s\u0113klu \u010daumalas, cigori\u0146u inul\u012bns, konjaka mann\u0101ns, citronsk\u0101be (sk\u0101buma regul\u0113\u0161anai), zeme\u0146u sulas pulveris, aromatiz\u0113t\u0101ji, dab\u012bga bie\u0161u kr\u0101sviela, saldin\u0101t\u0101js sukraloze, probiotisk\u0101s bakt\u0113rijas (Lactobacillus acidophilus un Bifidobacterium lactis), sil\u012bcija dioks\u012bds (lip\u012bguma regul\u0113\u0161anai).<\/p>\n<p>&nbsp;<\/p>\n<table style=\"height: 498px;\" width=\"420\">\n<tbody>\n<tr>\n<td width=\"150\">&nbsp;<\/td>\n<td width=\"150\"><strong>Viena m\u0113rkarote (5 g)<\/strong><\/td>\n<td width=\"150\"><strong>Divas m\u0113rkarotes (10 g)<\/strong><\/td>\n<td width=\"150\"><strong>Tr\u012bs m\u0113rkarotes (15 g)<\/strong><\/td>\n<\/tr>\n<tr>\n<td width=\"150\">Plant\u0101nu s\u0113klu \u010daumalas<\/td>\n<td width=\"150\">1,75g<\/td>\n<td width=\"150\">3,5g<\/td>\n<td width=\"150\">5,25g<\/td>\n<\/tr>\n<tr>\n<td width=\"150\">Cigori\u0146u inul\u012bns<\/td>\n<td width=\"150\">1,75g<\/td>\n<td width=\"150\">3,5g<\/td>\n<td width=\"150\">5,25g<\/td>\n<\/tr>\n<tr>\n<td width=\"150\">Glikoman\u0101ns<\/td>\n<td width=\"150\">1g<\/td>\n<td width=\"150\">2g<\/td>\n<td width=\"150\">3g<\/td>\n<\/tr>\n<tr>\n<td width=\"150\">Lactobacillus acidophilus<\/td>\n<td width=\"150\">0,5 x 108 KVV*<\/td>\n<td width=\"150\">1 x 108 KVV<\/td>\n<td width=\"150\">1,5 x 108 KVV<\/td>\n<\/tr>\n<tr>\n<td width=\"150\">Bifidobacterium lactis<\/td>\n<td width=\"150\">0,5 x 108 KVV<\/td>\n<td width=\"150\">1 x 108 KVV<\/td>\n<td width=\"150\">1,5 x 108 KVV<\/td>\n<\/tr>\n<tr>\n<td width=\"150\">* \u2013 koloniju veidojo\u0161\u0101s vien\u012bbas (CFU).<\/td>\n<td width=\"150\">&nbsp;<\/td>\n<td width=\"150\">&nbsp;<\/td>\n<td width=\"150\">&nbsp;<\/td>\n<\/tr>\n<\/tbody>\n<\/table>\n<p>&nbsp;<\/p>\n<p>&nbsp;<\/p>\n<table style=\"height: 575px;\" width=\"434\">\n<tbody>\n<tr>\n<td width=\"150\">Uzturv\u0113rt\u012bbas deklar\u0101cija<\/td>\n<td width=\"150\">100g<\/td>\n<td width=\"150\">2,5g<\/td>\n<td width=\"150\">5g<\/td>\n<td width=\"150\">15g<\/td>\n<\/tr>\n<tr>\n<td width=\"150\">Ener\u0123\u0113tisk\u0101 v\u0113rt\u012bba<\/td>\n<td width=\"150\">822 kJ\/202 kcal<\/td>\n<td width=\"150\">20,5 kJ\/5 kcal<\/td>\n<td width=\"150\">41 kJ\/10 kcal<\/td>\n<td width=\"150\">123 kJ\/30 kcal<\/td>\n<\/tr>\n<tr>\n<td width=\"150\">Tauki<\/td>\n<td width=\"150\">1,2g<\/td>\n<td width=\"150\">0,025g<\/td>\n<td width=\"150\">0,05g<\/td>\n<td width=\"150\">0,15g<\/td>\n<\/tr>\n<tr>\n<td width=\"150\">tostarp pies\u0101tin\u0101t\u0101s tauksk\u0101bes<\/td>\n<td width=\"150\">0,0g<\/td>\n<td width=\"150\">0,0g<\/td>\n<td width=\"150\">0,0g<\/td>\n<td width=\"150\">0.0g<\/td>\n<\/tr>\n<tr>\n<td width=\"150\">Og\u013chidr\u0101ti<\/td>\n<td width=\"150\">7,9g<\/td>\n<td width=\"150\">0,2g<\/td>\n<td width=\"150\">0,4g<\/td>\n<td width=\"150\">1,2g<\/td>\n<\/tr>\n<tr>\n<td width=\"150\">tostarp cukurs<\/td>\n<td width=\"150\">3,5g<\/td>\n<td width=\"150\">0,1g<\/td>\n<td width=\"150\">0,2g<\/td>\n<td width=\"150\">0,6g<\/td>\n<\/tr>\n<tr>\n<td width=\"150\">\u0160\u0137iedraini materi\u0101li<\/td>\n<td width=\"150\">74g<\/td>\n<td width=\"150\">1,85g<\/td>\n<td width=\"150\">3,7g<\/td>\n<td width=\"150\">11,1g<\/td>\n<\/tr>\n<tr>\n<td width=\"150\">Olbaltumvielas<\/td>\n<td width=\"150\">3.0g<\/td>\n<td width=\"150\">0,075g<\/td>\n<td width=\"150\">0,15g<\/td>\n<td width=\"150\">0,45g<\/td>\n<\/tr>\n<tr>\n<td width=\"150\">S\u0101ls<\/td>\n<td width=\"150\">0,08g<\/td>\n<td width=\"150\">&lt;0,01g<\/td>\n<td width=\"150\">&lt;0,01g<\/td>\n<td width=\"150\">0,012g<\/td>\n<\/tr>\n<\/tbody>\n<\/table>\n<p>&nbsp;<\/p>\n<p><strong>Lietojums:<\/strong><\/p>\n<p><strong>\u0160\u0137iedrvielu piedev\u0101m:<\/strong><\/p>\n<p>Lietojiet pusi m\u0113rkarotes (2,5 g) vienu reizi dien\u0101. Pulveri var sajaukt ar \u016bdeni, citu iecien\u012bt\u0101ko dz\u0113rienu vai pievienot \u0113dienam. Viens iepakojums pietiks apm\u0113ram 3 m\u0113ne\u0161iem.<\/p>\n<p>Holester\u012bna kontrolei:<\/p>\n<p>Lietojiet pusi m\u0113rkarotes (2,5 g) divas reizes dien\u0101 pirms \u0113dienreiz\u0113m. Sajauciet pulveri ar gl\u0101zi \u016bdens un uzdzeriet daudz \u0161\u0137idruma. Viens iepakojums pietiks 45 dien\u0101m.<\/p>\n<p><strong>Svara zaud\u0113\u0161anai:<\/strong><\/p>\n<p>Lietojiet vienu m\u0113rkaroti (5 g) tr\u012bs reizes dien\u0101 pirms \u0113dienreiz\u0113m k\u0101 da\u013cu no di\u0113tas ar samazin\u0101tu kaloriju daudzumu. Iz\u0161\u0137\u012bdiniet pulveri gl\u0101z\u0113 \u016bdens un izdzeriet v\u0113l 1-2 gl\u0101zes, lai mais\u012bjums non\u0101ktu ku\u0146\u0123\u012b. Ja Jums ir gr\u016bt\u012bbas nor\u012bt, esiet uzman\u012bgi, jo past\u0101v aizr\u012b\u0161an\u0101s risks. Viens iepakojums ir pietiekams 15 dienu programmai.<\/p>\n<p>Piem\u0113rots b\u0113rniem no 12 gadu vecuma. Draudz\u012bgs ve\u0123et\u0101rie\u0161iem un veg\u0101niem.<\/p>\n<p>&nbsp;<\/p>\n<p><strong>Uzglab\u0101\u0161anas apst\u0101k\u013ci:<\/strong><\/p>\n<p>Uzglab\u0101t v\u0113s\u0101, saus\u0101 viet\u0101. Sarg\u0101t no b\u0113rniem.<\/p>\n<p>Ra\u017eot\u0101js: UAB &#8220;Domus Naturae&#8221;<\/p>\n<p>Neto daudzums: 225 g.<\/p>\n<p>Ieteicams l\u012bdz (der\u012bguma termi\u0146\u0161): Ieteicams l\u012bdz datums, kas nor\u0101d\u012bts iepakojuma s\u0101nos, aug\u0161pus\u0113 vai apak\u0161\u0101.<\/p>\n<p><strong>Br\u012bdin\u0101jums:<\/strong><\/p>\n<p>Uztura bag\u0101tin\u0101t\u0101js nav \u0113dienreizes aizvietot\u0101js. Svar\u012bgs ir daudzveid\u012bgs un sabalans\u0113ts uzturs un vesel\u012bgs dz\u012bvesveids. Ja esat gr\u016btniece, barojat b\u0113rnu ar kr\u016bti vai lietojat citas z\u0101les, pirms lieto\u0161anas konsult\u0113jieties ar \u0101rstu vai farmaceitu. Nep\u0101rsniedziet ieteicamo devu.<\/p>\n","protected":false},"excerpt":{"rendered":"<p>SLIM FIT \u2013 \u0161\u0137iedrvielu mais\u012bjums ar zeme\u0146u gar\u0161u un saldin\u0101t\u0101ju.<\/p>\n<p>&nbsp;<\/p>\n<p><strong>Galven\u0101s iez\u012bmes:<\/strong><\/p>\n<ul>\n<li>atbalsta svara kontroli<\/li>\n<li>uztur norm\u0101lu holester\u012bna l\u012bmeni asin\u012bs<\/li>\n<li>atbalsta zarnu darb\u012bbu<\/li>\n<\/ul>\n","protected":false},"featured_media":41156,"comment_status":"open","ping_status":"closed","template":"","meta":{"inline_featured_image":false},"product_brand":[],"product_cat":[161,155],"product_tag":[],"class_list":{"0":"post-41290","1":"product","2":"type-product","3":"status-publish","4":"has-post-thumbnail","6":"product_cat-akcijas","7":"product_cat-svara-kontrole","9":"first","10":"outofstock","11":"sale","12":"shipping-taxable","13":"purchasable","14":"product-type-simple"},"_links":{"self":[{"href":"https:\/\/loosen.lt\/lv\/wp-json\/wp\/v2\/product\/41290","targetHints":{"allow":["GET"]}}],"collection":[{"href":"https:\/\/loosen.lt\/lv\/wp-json\/wp\/v2\/product"}],"about":[{"href":"https:\/\/loosen.lt\/lv\/wp-json\/wp\/v2\/types\/product"}],"replies":[{"embeddable":true,"href":"https:\/\/loosen.lt\/lv\/wp-json\/wp\/v2\/comments?post=41290"}],"wp:featuredmedia":[{"embeddable":true,"href":"https:\/\/loosen.lt\/lv\/wp-json\/wp\/v2\/media\/41156"}],"wp:attachment":[{"href":"https:\/\/loosen.lt\/lv\/wp-json\/wp\/v2\/media?parent=41290"}],"wp:term":[{"taxonomy":"product_brand","embeddable":true,"href":"https:\/\/loosen.lt\/lv\/wp-json\/wp\/v2\/product_brand?post=41290"},{"taxonomy":"product_cat","embeddable":true,"href":"https:\/\/loosen.lt\/lv\/wp-json\/wp\/v2\/product_cat?post=41290"},{"taxonomy":"product_tag","embeddable":true,"href":"https:\/\/loosen.lt\/lv\/wp-json\/wp\/v2\/product_tag?post=41290"}],"curies":[{"name":"wp","href":"https:\/\/api.w.org\/{rel}","templated":true}]}}