{"id":41292,"date":"2025-07-29T13:29:50","date_gmt":"2025-07-29T13:29:50","guid":{"rendered":"https:\/\/loosen.lt\/produktas\/natures-home-d3-vitamins-ar-olivellu-4000-sv-n90\/"},"modified":"2026-05-05T09:19:39","modified_gmt":"2026-05-05T09:19:39","slug":"natures-home-d3-vitamins-ar-olivellu-4000-sv-n90","status":"publish","type":"product","link":"https:\/\/loosen.lt\/lv\/produkts\/natures-home-d3-vitamins-ar-olivellu-4000-sv-n90\/","title":{"rendered":"Nature&#8217;s Home D3 vitam\u012bns ar ol\u012bve\u013c\u013cu 4000 SV N90"},"content":{"rendered":"<p><strong>K\u0101p\u0113c izv\u0113l\u0113ties D3 vitam\u012bnu ar ol\u012bve\u013c\u013cu?<\/strong><\/p>\n<p>D3 vitam\u012bns 4000 SV, bag\u0101tin\u0101ts ar dab\u012bgu ol\u012bve\u013c\u013cu, ir ide\u0101ls risin\u0101jums ziemas m\u0113ne\u0161iem, kad tr\u016bkst saules gaismas vai organisma nepiecie\u0161am\u012bba p\u0113c t\u0101s palielin\u0101s. \u0160\u012b uzlabot\u0101 formula nodro\u0161ina maksim\u0101lu vitam\u012bnu uzs\u016bk\u0161anos, \u0113rtu lieto\u0161anu un efekt\u012bvu atbalstu j\u016bsu \u0137erme\u0146a stiprumam.<\/p>\n<p>&nbsp;<\/p>\n<p><strong>Sast\u0101vda\u013cas<\/strong>: ol\u012bve\u013c\u013ca, \u017eelat\u012bna kapsulas, mitrin\u0101t\u0101js glicer\u012bns, att\u012br\u012bts \u016bdens un akt\u012bvais D3 vitam\u012bns (holekalciferols).<\/p>\n<p>&nbsp;<\/p>\n<table>\n<tbody>\n<tr>\n<td width=\"150\"><strong>VIENA KAPSULA SATUR: RMV*, %<\/strong><\/td>\n<td width=\"150\">&nbsp;<\/td>\n<td width=\"150\">&nbsp;<\/td>\n<\/tr>\n<tr>\n<td width=\"150\">D3 vitam\u012bns<\/td>\n<td width=\"150\">100 \u00b5g (4000 SV**)<\/td>\n<td width=\"150\">2000<\/td>\n<\/tr>\n<tr>\n<td width=\"150\">* \u2013 uzturv\u0113rt\u012bbas atsauces v\u0113rt\u012bba (NRV);<\/td>\n<td width=\"150\">&nbsp;<\/td>\n<td width=\"150\">&nbsp;<\/td>\n<\/tr>\n<tr>\n<td width=\"150\">** \u2013 starptautisk\u0101s vien\u012bbas (SV).<\/td>\n<td width=\"150\">&nbsp;<\/td>\n<td width=\"150\">&nbsp;<\/td>\n<\/tr>\n<\/tbody>\n<\/table>\n<p>&nbsp;<\/p>\n<p><strong>Lieto\u0161ana<\/strong>: Ieteicams lietot vienu kapsulu dien\u0101. Piem\u0113rots no 12 gadu vecuma.<\/p>\n<p>&nbsp;<\/p>\n<p><strong>Uzglab\u0101\u0161anas apst\u0101k\u013ci:<\/strong><\/p>\n<p>Uzglab\u0101t v\u0113s\u0101, saus\u0101 viet\u0101. Sarg\u0101t no b\u0113rniem.<\/p>\n<p>Ra\u017eot\u0101js: UAB &#8220;Domus Naturae&#8221;<\/p>\n<p>Neto daudzums: 21,6 g.<\/p>\n<p>Ieteicams l\u012bdz (der\u012bguma termi\u0146\u0161): Ieteicams l\u012bdz datums, kas nor\u0101d\u012bts iepakojuma s\u0101nos, aug\u0161pus\u0113 vai apak\u0161\u0101.<\/p>\n<p><strong>Br\u012bdin\u0101jums:<\/strong><\/p>\n<p>Uztura bag\u0101tin\u0101t\u0101js nav \u0113dienreizes aizvietot\u0101js. Svar\u012bgs ir daudzveid\u012bgs un sabalans\u0113ts uzturs un vesel\u012bgs dz\u012bvesveids. Ja esat gr\u016btniece, barojat b\u0113rnu ar kr\u016bti vai lietojat citas z\u0101les, pirms lieto\u0161anas konsult\u0113jieties ar \u0101rstu vai farmaceitu. Nep\u0101rsniedziet ieteicamo devu.<\/p>\n","protected":false},"excerpt":{"rendered":"<p>Augstas koncentr\u0101cijas D3 vitam\u012bna formula ar dab\u012bgu ol\u012bve\u013c\u013cu.<\/p>\n<p>&nbsp;<\/p>\n<p><strong>Galven\u0101s iez\u012bmes:<\/strong><\/p>\n<p>&nbsp;<\/p>\n<ul>\n<li>Stiprina im\u016bnsist\u0113mas dabisk\u0101s aizsargsp\u0113jas<\/li>\n<li>Pal\u012bdz uztur\u0113t stiprus kaulus un vesel\u012bgus zobus<\/li>\n<li>Atbalsta norm\u0101lu musku\u013cu darb\u012bbu<\/li>\n<li>Veicina kalcija un fosfora uzs\u016bk\u0161anos no p\u0101rtikas<\/li>\n<li>Pal\u012bdz regul\u0113t kalcija l\u012bmeni asin\u012bs<\/li>\n<li>Piedal\u0101s \u0161\u016bnu atjauno\u0161an\u0101s un dal\u012b\u0161an\u0101s procesos<\/li>\n<\/ul>\n","protected":false},"featured_media":41188,"comment_status":"open","ping_status":"closed","template":"","meta":{"inline_featured_image":false},"product_brand":[],"product_cat":[161,148,149],"product_tag":[],"class_list":{"0":"post-41292","1":"product","2":"type-product","3":"status-publish","4":"has-post-thumbnail","6":"product_cat-akcijas","7":"product_cat-imunitate","8":"product_cat-kauli-un-locitavas","10":"first","11":"outofstock","12":"sale","13":"shipping-taxable","14":"purchasable","15":"product-type-simple"},"_links":{"self":[{"href":"https:\/\/loosen.lt\/lv\/wp-json\/wp\/v2\/product\/41292","targetHints":{"allow":["GET"]}}],"collection":[{"href":"https:\/\/loosen.lt\/lv\/wp-json\/wp\/v2\/product"}],"about":[{"href":"https:\/\/loosen.lt\/lv\/wp-json\/wp\/v2\/types\/product"}],"replies":[{"embeddable":true,"href":"https:\/\/loosen.lt\/lv\/wp-json\/wp\/v2\/comments?post=41292"}],"wp:featuredmedia":[{"embeddable":true,"href":"https:\/\/loosen.lt\/lv\/wp-json\/wp\/v2\/media\/41188"}],"wp:attachment":[{"href":"https:\/\/loosen.lt\/lv\/wp-json\/wp\/v2\/media?parent=41292"}],"wp:term":[{"taxonomy":"product_brand","embeddable":true,"href":"https:\/\/loosen.lt\/lv\/wp-json\/wp\/v2\/product_brand?post=41292"},{"taxonomy":"product_cat","embeddable":true,"href":"https:\/\/loosen.lt\/lv\/wp-json\/wp\/v2\/product_cat?post=41292"},{"taxonomy":"product_tag","embeddable":true,"href":"https:\/\/loosen.lt\/lv\/wp-json\/wp\/v2\/product_tag?post=41292"}],"curies":[{"name":"wp","href":"https:\/\/api.w.org\/{rel}","templated":true}]}}