{"id":41294,"date":"2025-07-29T13:26:20","date_gmt":"2025-07-29T13:26:20","guid":{"rendered":"https:\/\/loosen.lt\/produktas\/natures-home-vitaminu-komplekss-d3k2-n60\/"},"modified":"2026-02-18T11:23:42","modified_gmt":"2026-02-18T11:23:42","slug":"natures-home-vitaminu-komplekss-d3k2-n60","status":"publish","type":"product","link":"https:\/\/loosen.lt\/lv\/produkts\/natures-home-vitaminu-komplekss-d3k2-n60\/","title":{"rendered":"Nature&#8217;s Home vitam\u012bnu komplekss D3+K2 N60"},"content":{"rendered":"<p><strong>Ikdienas atbalsts j\u016bsu labsaj\u016btai:<\/strong><\/p>\n<p>D3 + K2 ir divu vissvar\u012bg\u0101ko vitam\u012bnu tand\u0113ms, kas pal\u012bdz uztur\u0113t kaulu stipr\u012bbu, optim\u0101lu kalcija metabolismu, sp\u0113c\u012bg\u0101ku im\u016bnsist\u0113mu un vienm\u0113r\u012bgu asinsriti.<\/p>\n<p>&nbsp;<\/p>\n<p><strong>Sast\u0101vda\u013cas<\/strong>: ol\u012bve\u013c\u013ca (nes\u0113jviela), kapsulas apvalks (\u017eelat\u012bns), glicer\u012bns mitruma saglab\u0101\u0161anai, att\u012br\u012bts \u016bdens, K2 vitam\u012bns (menahinons) un D3 vitam\u012bns (holekalciferols).<\/p>\n<p>&nbsp;<\/p>\n<table>\n<tbody>\n<tr>\n<td width=\"150\"><strong>VIENA KAPSULA SATUR:<\/strong><\/td>\n<td width=\"150\">&nbsp;<\/td>\n<td width=\"150\"><strong>Nomin\u0101l\u0101 v\u0113rt\u012bba*, %<\/strong><\/td>\n<\/tr>\n<tr>\n<td width=\"150\">K2 vitam\u012bns<\/td>\n<td width=\"150\">120 \u00b5g<\/td>\n<td width=\"150\">160<\/td>\n<\/tr>\n<tr>\n<td width=\"150\">D3 vitam\u012bns<\/td>\n<td width=\"150\">50 \u00b5g<\/td>\n<td width=\"150\">1000 (2000 SV)<\/td>\n<\/tr>\n<tr>\n<td width=\"150\">* \u2013 uzturv\u0113rt\u012bbas atsauces v\u0113rt\u012bba (NRV);<\/td>\n<td width=\"150\">&nbsp;<\/td>\n<td width=\"150\">&nbsp;<\/td>\n<\/tr>\n<tr>\n<td width=\"150\">SV \u2013 starptautisk\u0101s vien\u012bbas.<\/td>\n<td width=\"150\">&nbsp;<\/td>\n<td width=\"150\">&nbsp;<\/td>\n<\/tr>\n<\/tbody>\n<\/table>\n<p>&nbsp;<\/p>\n<p><strong>Lieto\u0161ana<\/strong>: Lietojiet vienu kapsulu dien\u0101. Piem\u0113rots ar\u012b b\u0113rniem no 3 gadu vecuma.<\/p>\n<p>&nbsp;<\/p>\n<p><strong>Uzglab\u0101\u0161anas apst\u0101k\u013ci:<\/strong><\/p>\n<p>Uzglab\u0101t v\u0113s\u0101, saus\u0101 viet\u0101. Sarg\u0101t no b\u0113rniem.<\/p>\n<p>Ra\u017eot\u0101js: UAB &#8220;Domus Naturae&#8221;<\/p>\n<p>Neto daudzums: 23,4 g.<\/p>\n<p>Ieteicams l\u012bdz (der\u012bguma termi\u0146\u0161): Ieteicams l\u012bdz datums, kas nor\u0101d\u012bts iepakojuma s\u0101nos, aug\u0161pus\u0113 vai apak\u0161\u0101.<\/p>\n<p><strong>Br\u012bdin\u0101jums:<\/strong><\/p>\n<p>Uztura bag\u0101tin\u0101t\u0101js nav \u0113dienreizes aizvietot\u0101js. Svar\u012bgs ir daudzveid\u012bgs un sabalans\u0113ts uzturs un vesel\u012bgs dz\u012bvesveids. Ja esat gr\u016btniece, barojat b\u0113rnu ar kr\u016bti vai lietojat citas z\u0101les, pirms lieto\u0161anas konsult\u0113jieties ar \u0101rstu vai farmaceitu. Nep\u0101rsniedziet ieteicamo devu.<\/p>\n","protected":false},"excerpt":{"rendered":"<p>D3 + K2 vitam\u012bni \u2013 sabalans\u0113ta vitam\u012bnu kombin\u0101cija ikdienas atbalstam.<\/p>\n<p>&nbsp;<\/p>\n<p><strong>Galven\u0101s iez\u012bmes:<\/strong><\/p>\n<p>&nbsp;<\/p>\n<p><strong>D vitam\u012bns:<\/strong><\/p>\n<ul>\n<li>Veicina norm\u0101lu im\u016bnsist\u0113mas darb\u012bbu<\/li>\n<li>Pal\u012bdz uztur\u0113t vesel\u012bgus kaulus, musku\u013cus un zobus<\/li>\n<li>Veicina norm\u0101lu kalcija un fosfora uzs\u016bk\u0161anos<\/li>\n<li>Pal\u012bdz uztur\u0113t atbilsto\u0161u kalcija l\u012bmeni asin\u012bs<\/li>\n<li>Piedal\u0101s \u0161\u016bnu dal\u012b\u0161an\u0101s proces\u0101<\/li>\n<\/ul>\n<p><strong>K vitam\u012bns:<\/strong><\/p>\n<ul>\n<li>Pal\u012bdz uztur\u0113t norm\u0101lu asins rec\u0113\u0161anu<\/li>\n<li>Veicina kaulu stipr\u012bbu un labu st\u0101vokli<\/li>\n<\/ul>\n","protected":false},"featured_media":41184,"comment_status":"open","ping_status":"closed","template":"","meta":{"inline_featured_image":false},"product_brand":[],"product_cat":[148,149],"product_tag":[],"class_list":{"0":"post-41294","1":"product","2":"type-product","3":"status-publish","4":"has-post-thumbnail","6":"product_cat-imunitate","7":"product_cat-kauli-un-locitavas","9":"first","10":"outofstock","11":"shipping-taxable","12":"purchasable","13":"product-type-simple"},"_links":{"self":[{"href":"https:\/\/loosen.lt\/lv\/wp-json\/wp\/v2\/product\/41294","targetHints":{"allow":["GET"]}}],"collection":[{"href":"https:\/\/loosen.lt\/lv\/wp-json\/wp\/v2\/product"}],"about":[{"href":"https:\/\/loosen.lt\/lv\/wp-json\/wp\/v2\/types\/product"}],"replies":[{"embeddable":true,"href":"https:\/\/loosen.lt\/lv\/wp-json\/wp\/v2\/comments?post=41294"}],"wp:featuredmedia":[{"embeddable":true,"href":"https:\/\/loosen.lt\/lv\/wp-json\/wp\/v2\/media\/41184"}],"wp:attachment":[{"href":"https:\/\/loosen.lt\/lv\/wp-json\/wp\/v2\/media?parent=41294"}],"wp:term":[{"taxonomy":"product_brand","embeddable":true,"href":"https:\/\/loosen.lt\/lv\/wp-json\/wp\/v2\/product_brand?post=41294"},{"taxonomy":"product_cat","embeddable":true,"href":"https:\/\/loosen.lt\/lv\/wp-json\/wp\/v2\/product_cat?post=41294"},{"taxonomy":"product_tag","embeddable":true,"href":"https:\/\/loosen.lt\/lv\/wp-json\/wp\/v2\/product_tag?post=41294"}],"curies":[{"name":"wp","href":"https:\/\/api.w.org\/{rel}","templated":true}]}}