{"id":41296,"date":"2025-07-29T13:22:41","date_gmt":"2025-07-29T13:22:41","guid":{"rendered":"https:\/\/loosen.lt\/produktas\/natures-home-c-vitamins-prolong-ar-bioflavonoidiem-500-mg-n90\/"},"modified":"2026-04-13T08:23:18","modified_gmt":"2026-04-13T08:23:18","slug":"natures-home-c-vitamins-prolong-ar-bioflavonoidiem-500-mg-n90","status":"publish","type":"product","link":"https:\/\/loosen.lt\/lv\/produkts\/natures-home-c-vitamins-prolong-ar-bioflavonoidiem-500-mg-n90\/","title":{"rendered":"Nature&#8217;s Home C vitam\u012bns PROLONG ar bioflavono\u012bdiem 500 mg N90"},"content":{"rendered":"<p><strong>Sast\u0101vda\u013cas<\/strong>: C vitam\u012bns (L-askorb\u012bnsk\u0101be), citrusaug\u013cu bioflavono\u012bdi, pildvielas (mikrokrist\u0101lisk\u0101 celuloze, kalcija fosf\u0101ts), kapsulas strukt\u016bru atbalsto\u0161a viela (hidroksipropilmetilceluloze, polivinilspirts), viskozit\u0101ti un liptsp\u0113ju paaugstino\u0161as vielas (sil\u012bcija dioks\u012bds, tauksk\u0101bju magnija s\u0101\u013ci), sk\u0101buma regul\u0113t\u0101js &#8211; v\u012bnsk\u0101be.<\/p>\n<p>&nbsp;<\/p>\n<table>\n<tbody>\n<tr>\n<td width=\"150\"><strong>VIENA TABLETE SATUR:<\/strong><\/td>\n<td width=\"150\">&nbsp;<\/td>\n<td width=\"150\"><strong>Nomin\u0101l\u0101 v\u0113rt\u012bba*, %<\/strong><\/td>\n<\/tr>\n<tr>\n<td width=\"150\">C vitam\u012bns<\/td>\n<td width=\"150\">500mg<\/td>\n<td width=\"150\">625<\/td>\n<\/tr>\n<tr>\n<td width=\"150\">Citrusaug\u013cu bioflavono\u012bdi<\/td>\n<td width=\"150\">50mg<\/td>\n<td width=\"150\">**<\/td>\n<\/tr>\n<tr>\n<td width=\"150\">* \u2013 uzturv\u0113rt\u012bbas atsauces v\u0113rt\u012bba (NRV);<\/td>\n<td width=\"150\">&nbsp;<\/td>\n<td width=\"150\">&nbsp;<\/td>\n<\/tr>\n<tr>\n<td width=\"150\">** \u2013 uzturv\u0113rt\u012bbas atsauces v\u0113rt\u012bba nav noteikta.<\/td>\n<td width=\"150\">&nbsp;<\/td>\n<td width=\"150\">&nbsp;<\/td>\n<\/tr>\n<\/tbody>\n<\/table>\n<p>&nbsp;<\/p>\n<p><strong>Lieto\u0161ana<\/strong>: lietot 1 tableti dien\u0101. Piem\u0113rots b\u0113rniem no 3 gadu vecuma, k\u0101 ar\u012b ve\u0123et\u0101rie\u0161iem un veg\u0101niem.<\/p>\n<p>Person\u0101m, kuras intens\u012bvi vingro vai ir fiziski akt\u012bvas, C vitam\u012bna pozit\u012bv\u0101 ietekme rodas, ja dien\u0101 tiek pat\u0113r\u0113ti vismaz 280 mg.<\/p>\n<p>&nbsp;<\/p>\n<p><strong>Uzglab\u0101\u0161anas apst\u0101k\u013ci:<\/strong><\/p>\n<p>Uzglab\u0101t v\u0113s\u0101, saus\u0101 viet\u0101. Sarg\u0101t no b\u0113rniem.<\/p>\n<p>Ra\u017eot\u0101js: UAB &#8220;Domus Naturae&#8221;<\/p>\n<p>Neto daudzums: 81 g.<\/p>\n<p>Ieteicams l\u012bdz (der\u012bguma termi\u0146\u0161): Ieteicams l\u012bdz datums, kas nor\u0101d\u012bts iepakojuma s\u0101nos, aug\u0161pus\u0113 vai apak\u0161\u0101.<\/p>\n<p><strong>Br\u012bdin\u0101jums:<\/strong><\/p>\n<p>Uztura bag\u0101tin\u0101t\u0101js nav \u0113dienreizes aizvietot\u0101js. Svar\u012bgs ir daudzveid\u012bgs un sabalans\u0113ts uzturs un vesel\u012bgs dz\u012bvesveids. Ja esat gr\u016btniece, barojat b\u0113rnu ar kr\u016bti vai lietojat citas z\u0101les, pirms lieto\u0161anas konsult\u0113jieties ar \u0101rstu vai farmaceitu. Nep\u0101rsniedziet ieteicamo devu.<\/p>\n","protected":false},"excerpt":{"rendered":"<p>Vitamin C Pro-Long ir ilgsto\u0161as iedarb\u012bbas formula ar bioflavono\u012bdiem, kas nodro\u0161ina efekt\u012bvu C vitam\u012bna uzs\u016bk\u0161anos.<\/p>\n<p>&nbsp;<\/p>\n<p><strong>Galven\u0101s iez\u012bmes:<\/strong><\/p>\n<p>&nbsp;<\/p>\n<ul>\n<li>Atbalsta norm\u0101lu im\u016bnsist\u0113mas darb\u012bbu<\/li>\n<li>Aizsarg\u0101 \u0161\u016bnas no kait\u012bg\u0101 oksidat\u012bv\u0101 stresa<\/li>\n<li>Nodro\u0161ina norm\u0101lu ener\u0123ijas metabolismu<\/li>\n<li>Samazin\u0101ta noguruma un nesp\u0113ka saj\u016bta<\/li>\n<li>Uztur nervu sist\u0113mas darb\u012bbu un psiholo\u0123isko l\u012bdzsvaru<\/li>\n<li>Stimul\u0113 kolag\u0113na veido\u0161anos, kas ir svar\u012bgi<\/li>\n<\/ul>\n","protected":false},"featured_media":41192,"comment_status":"open","ping_status":"closed","template":"","meta":{"inline_featured_image":false},"product_brand":[],"product_cat":[161,148],"product_tag":[],"class_list":{"0":"post-41296","1":"product","2":"type-product","3":"status-publish","4":"has-post-thumbnail","6":"product_cat-akcijas","7":"product_cat-imunitate","9":"first","10":"outofstock","11":"sale","12":"shipping-taxable","13":"purchasable","14":"product-type-simple"},"_links":{"self":[{"href":"https:\/\/loosen.lt\/lv\/wp-json\/wp\/v2\/product\/41296","targetHints":{"allow":["GET"]}}],"collection":[{"href":"https:\/\/loosen.lt\/lv\/wp-json\/wp\/v2\/product"}],"about":[{"href":"https:\/\/loosen.lt\/lv\/wp-json\/wp\/v2\/types\/product"}],"replies":[{"embeddable":true,"href":"https:\/\/loosen.lt\/lv\/wp-json\/wp\/v2\/comments?post=41296"}],"wp:featuredmedia":[{"embeddable":true,"href":"https:\/\/loosen.lt\/lv\/wp-json\/wp\/v2\/media\/41192"}],"wp:attachment":[{"href":"https:\/\/loosen.lt\/lv\/wp-json\/wp\/v2\/media?parent=41296"}],"wp:term":[{"taxonomy":"product_brand","embeddable":true,"href":"https:\/\/loosen.lt\/lv\/wp-json\/wp\/v2\/product_brand?post=41296"},{"taxonomy":"product_cat","embeddable":true,"href":"https:\/\/loosen.lt\/lv\/wp-json\/wp\/v2\/product_cat?post=41296"},{"taxonomy":"product_tag","embeddable":true,"href":"https:\/\/loosen.lt\/lv\/wp-json\/wp\/v2\/product_tag?post=41296"}],"curies":[{"name":"wp","href":"https:\/\/api.w.org\/{rel}","templated":true}]}}