{"id":41298,"date":"2025-07-29T13:18:31","date_gmt":"2025-07-29T13:18:31","guid":{"rendered":"https:\/\/loosen.lt\/produktas\/natures-home-juras-kolagens-peptan-12-000-ar-biotinu-kirsu-garsa\/"},"modified":"2026-03-19T10:50:44","modified_gmt":"2026-03-19T10:50:44","slug":"natures-home-juras-kolagens-peptan-12-000-ar-biotinu-kirsu-garsa","status":"publish","type":"product","link":"https:\/\/loosen.lt\/lv\/produkts\/natures-home-juras-kolagens-peptan-12-000-ar-biotinu-kirsu-garsa\/","title":{"rendered":"Nature&#8217;s Home j\u016bras kolag\u0113ns PEPTAN\u00ae 12 000 ar biot\u012bnu \u2013 \u0137ir\u0161u gar\u0161a"},"content":{"rendered":"<p><strong>Kas padara \u0161o produktu \u012bpa\u0161u?<\/strong><\/p>\n<ul>\n<li>Bag\u0101t\u012bga \u0137ir\u0161u gar\u0161a \u2013 dabiska un pat\u012bkami atsvaidzino\u0161a<\/li>\n<li>\u0100tri \u0161\u0137\u012bsto\u0161s \u2013 \u0113rta lieto\u0161ana<\/li>\n<li>Bez sint\u0113tisk\u0101m piedev\u0101m \u2013 t\u012bra formula, bez m\u0101ksl\u012bg\u0101m kr\u0101sviel\u0101m<\/li>\n<\/ul>\n<p><strong>Sast\u0101vda\u013cas<\/strong>: Peptan\u00ae F 2000 LD hidroliz\u0113ts zivju kolag\u0113ns, maltodekstr\u012bns, acerolas (Malpighia glabra) aug\u013cu ekstrakts, dab\u012bga \u0137ir\u0161u gar\u0161a, n\u0101trija hialuron\u0101ts, sil\u012bcija dioks\u012bds k\u0101 salip\u0161anas l\u012bdzeklis, saldin\u0101t\u0101js sukraloze, dab\u012bga bie\u0161u sarkana kr\u0101sviela, D-biot\u012bns.<\/p>\n<p>&nbsp;<\/p>\n<table>\n<tbody>\n<tr>\n<td width=\"150\"><strong>VIENA KAROTE SATUR:<\/strong><\/td>\n<td width=\"150\">&nbsp;<\/td>\n<td width=\"150\"><strong>Nomin\u0101l\u0101 v\u0113rt\u012bba*, %<\/strong><\/td>\n<\/tr>\n<tr>\n<td width=\"150\">Hidroliz\u0113ts zivju kolag\u0113ns \u201cPeptan\u00ae F 2000 LD\u201d<\/td>\n<td width=\"150\">12000mg<\/td>\n<td width=\"150\">**<\/td>\n<\/tr>\n<tr>\n<td width=\"150\">Acerola \u0137ir\u0161u ekstrakts,<\/td>\n<td width=\"150\">320mg<\/td>\n<td width=\"150\">**<\/td>\n<\/tr>\n<tr>\n<td width=\"150\">kas satur C vitam\u012bnu<\/td>\n<td width=\"150\">80mg<\/td>\n<td width=\"150\">100<\/td>\n<\/tr>\n<tr>\n<td width=\"150\">Hialuronsk\u0101be<\/td>\n<td width=\"150\">50mg<\/td>\n<td width=\"150\">**<\/td>\n<\/tr>\n<tr>\n<td width=\"150\">Biot\u012bns<\/td>\n<td width=\"150\">1000 \u00b5g<\/td>\n<td width=\"150\">2000<\/td>\n<\/tr>\n<tr>\n<td width=\"150\">* \u2013 uzturv\u0113rt\u012bbas atsauces v\u0113rt\u012bba (NRV);<\/td>\n<td width=\"150\">&nbsp;<\/td>\n<td width=\"150\">&nbsp;<\/td>\n<\/tr>\n<tr>\n<td width=\"150\">** \u2013 uzturv\u0113rt\u012bbas atsauces v\u0113rt\u012bba nav noteikta.<\/td>\n<td width=\"150\">&nbsp;<\/td>\n<td width=\"150\">&nbsp;<\/td>\n<\/tr>\n<\/tbody>\n<\/table>\n<p>&nbsp;<\/p>\n<p><strong>Lieto\u0161ana<\/strong>: Ieteicams lietot vienu m\u0113rkarot\u012bti pulvera dien\u0101. J\u016bs varat tos iz\u0161\u0137\u012bdin\u0101t gl\u0101z\u0113 \u016bdens, sulas vai sava iecien\u012bt\u0101k\u0101 dz\u0113riena vai sajaukt ar citiem \u0113dieniem. Produkts ir piem\u0113rots b\u0113rniem no 6 gadu vecuma.<\/p>\n<p>&nbsp;<\/p>\n<p><strong>Uzglab\u0101\u0161anas apst\u0101k\u013ci:<\/strong><\/p>\n<p>Uzglab\u0101t v\u0113s\u0101, saus\u0101 viet\u0101. Sarg\u0101t no b\u0113rniem.<\/p>\n<p>Ra\u017eot\u0101js: UAB &#8220;Domus Naturae&#8221;<\/p>\n<p>Neto daudzums: 210 g.<\/p>\n<p>Ieteicams l\u012bdz (der\u012bguma termi\u0146\u0161): Ieteicams l\u012bdz datums, kas nor\u0101d\u012bts iepakojuma s\u0101nos, aug\u0161pus\u0113 vai apak\u0161\u0101.<\/p>\n<p><strong>Br\u012bdin\u0101jums:<\/strong><\/p>\n<p>Uztura bag\u0101tin\u0101t\u0101js nav \u0113dienreizes aizvietot\u0101js. Svar\u012bgs ir daudzveid\u012bgs un sabalans\u0113ts uzturs un vesel\u012bgs dz\u012bvesveids. Ja esat gr\u016btniece, barojat b\u0113rnu ar kr\u016bti vai lietojat citas z\u0101les, pirms lieto\u0161anas konsult\u0113jieties ar \u0101rstu vai farmaceitu. Nep\u0101rsniedziet ieteicamo devu.<\/p>\n","protected":false},"excerpt":{"rendered":"<p>J\u016bras kolag\u0113ns 12000 ar biot\u012bnu \u2013 augst\u0101k\u0101s kvalit\u0101tes kolag\u0113na pulveris.<\/p>\n<p>&nbsp;<\/p>\n<p><strong>Galven\u0101s iez\u012bmes:<\/strong><\/p>\n<p>&nbsp;<\/p>\n<p><strong>Kolag\u0113ns un hialuronsk\u0101be<\/strong><\/p>\n<ul>\n<li>Bie\u017ei izmanto formul\u0101s, lai saglab\u0101tu \u0101das elast\u012bbu un loc\u012btavu kust\u012bgumu<\/li>\n<li>Pla\u0161i nov\u0113rt\u0113ts skaistumkop\u0161anas un loc\u012btavu apr\u016bpes jom\u0101<\/li>\n<\/ul>\n<p><strong>Biot\u012bns (B7 vitam\u012bns)<\/strong><\/p>\n<ul>\n<li>Saglab\u0101 vesel\u012bgu matu izskatu<\/li>\n<li>Veicina labu \u0101das st\u0101vokli<\/li>\n<li>Piedal\u0101s bar\u012bbas vielu metabolism\u0101<\/li>\n<li>Svar\u012bgi ener\u0123ijas ra\u017eo\u0161anas procesos<\/li>\n<\/ul>\n<p><strong>C vitam\u012bns<\/strong><\/p>\n<ul>\n<li>Veicina kolag\u0113na sint\u0113zi, kas ir svar\u012bga: \u0101dai, asinsvadiem, skrim\u0161\u013ciem, kauliem, zobiem un smagan\u0101m<\/li>\n<li>Pal\u012bdz uztur\u0113t ener\u0123iju, mazina nogurumu<\/li>\n<li>Aizsarg\u0101 \u0161\u016bnas no oksidat\u012bviem boj\u0101jumiem<\/li>\n<\/ul>\n","protected":false},"featured_media":41196,"comment_status":"open","ping_status":"closed","template":"","meta":{"inline_featured_image":false},"product_brand":[],"product_cat":[161,145],"product_tag":[],"class_list":{"0":"post-41298","1":"product","2":"type-product","3":"status-publish","4":"has-post-thumbnail","6":"product_cat-akcijas","7":"product_cat-gan","9":"first","10":"instock","11":"sale","12":"shipping-taxable","13":"purchasable","14":"product-type-simple"},"_links":{"self":[{"href":"https:\/\/loosen.lt\/lv\/wp-json\/wp\/v2\/product\/41298","targetHints":{"allow":["GET"]}}],"collection":[{"href":"https:\/\/loosen.lt\/lv\/wp-json\/wp\/v2\/product"}],"about":[{"href":"https:\/\/loosen.lt\/lv\/wp-json\/wp\/v2\/types\/product"}],"replies":[{"embeddable":true,"href":"https:\/\/loosen.lt\/lv\/wp-json\/wp\/v2\/comments?post=41298"}],"wp:featuredmedia":[{"embeddable":true,"href":"https:\/\/loosen.lt\/lv\/wp-json\/wp\/v2\/media\/41196"}],"wp:attachment":[{"href":"https:\/\/loosen.lt\/lv\/wp-json\/wp\/v2\/media?parent=41298"}],"wp:term":[{"taxonomy":"product_brand","embeddable":true,"href":"https:\/\/loosen.lt\/lv\/wp-json\/wp\/v2\/product_brand?post=41298"},{"taxonomy":"product_cat","embeddable":true,"href":"https:\/\/loosen.lt\/lv\/wp-json\/wp\/v2\/product_cat?post=41298"},{"taxonomy":"product_tag","embeddable":true,"href":"https:\/\/loosen.lt\/lv\/wp-json\/wp\/v2\/product_tag?post=41298"}],"curies":[{"name":"wp","href":"https:\/\/api.w.org\/{rel}","templated":true}]}}