{"id":41300,"date":"2025-07-29T13:15:20","date_gmt":"2025-07-29T13:15:20","guid":{"rendered":"https:\/\/loosen.lt\/produktas\/natures-home-marine-collagen-peptan-12000-with-biotin-without-sweetener-melon-flavor\/"},"modified":"2025-07-29T13:15:20","modified_gmt":"2025-07-29T13:15:20","slug":"natures-home-marine-collagen-peptan-12000-with-biotin-without-sweetener-melon-flavor","status":"publish","type":"product","link":"https:\/\/loosen.lt\/lv\/produkts\/natures-home-marine-collagen-peptan-12000-with-biotin-without-sweetener-melon-flavor\/","title":{"rendered":"Nature&#8217;s Home Marine Collagen PEPTAN\u00ae 12,000 with Biotin without sweetener &#8211; melon flavor"},"content":{"rendered":"<p><strong>What makes this product stand out?<\/strong><\/p>\n<ul>\n<li>Intense, natural cherry flavor \u2013 refreshing and pleasant sensation<\/li>\n<li>Fast dissolving \u2013 simple and convenient use without additional effort<\/li>\n<li>No synthetic additives \u2013 clean and natural formula without artificial colors<\/li>\n<\/ul>\n<p><strong>Ingredients<\/strong>: high-quality Peptan\u00ae F 2000 LD hydrolyzed fish collagen, energizing maltodextrin, acerola fruit extract (Malpighia glabra), natural cherry flavor, moisturizing sodium hyaluronate, anti-caking silicon dioxide, sweetener sucralose, natural red dye from beetroot and nutritious D-biotin.<\/p>\n<p>&nbsp;<\/p>\n<table>\n<tbody>\n<tr>\n<td width=\"150\">ONE SPOON CONTAINS:<\/td>\n<td width=\"150\">&nbsp;<\/td>\n<td width=\"150\">&nbsp;<\/td>\n<\/tr>\n<tr>\n<td width=\"150\">Hydrolyzed fish collagen \u201cPeptan\u00ae F 2000 LD\u201d<\/td>\n<td width=\"150\">12000mg<\/td>\n<td width=\"150\">**<\/td>\n<\/tr>\n<tr>\n<td width=\"150\">Acerola cherry extract,<\/td>\n<td width=\"150\">320mg<\/td>\n<td width=\"150\">**<\/td>\n<\/tr>\n<tr>\n<td width=\"150\">which contains vitamin C<\/td>\n<td width=\"150\">80mg<\/td>\n<td width=\"150\">100<\/td>\n<\/tr>\n<tr>\n<td width=\"150\">Hyaluronic AcidBiotin<\/td>\n<td width=\"150\">50mg<\/td>\n<td width=\"150\">**<\/td>\n<\/tr>\n<tr>\n<td width=\"150\">Biotin<\/td>\n<td width=\"150\">1000 \u00b5g<\/td>\n<td width=\"150\">2000<\/td>\n<\/tr>\n<tr>\n<td width=\"150\">* \u2013 nutritional reference value (NRV);<\/td>\n<td width=\"150\">&nbsp;<\/td>\n<td width=\"150\">&nbsp;<\/td>\n<\/tr>\n<tr>\n<td width=\"150\">** \u2013 uzturv\u0113rt\u012bbas atsauces v\u0113rt\u012bba nav noteikta.<\/td>\n<td width=\"150\">&nbsp;<\/td>\n<td width=\"150\">&nbsp;<\/td>\n<\/tr>\n<\/tbody>\n<\/table>\n<p>&nbsp;<\/p>\n<p><strong>Lieto\u0161ana<\/strong>: Ieteicams lietot vienu m\u0113rkaroti dien\u0101. Iz\u0161\u0137\u012bdiniet pulveri gl\u0101z\u0113 \u016bdens, sulas vai cita iecien\u012bt\u0101 dz\u0113riena vai pievienojiet to citam \u0113dienam. Piem\u0113rots b\u0113rniem no 6 gadu vecuma.<\/p>\n<p>&nbsp;<\/p>\n<p><strong>Uzglab\u0101\u0161anas apst\u0101k\u013ci:<\/strong><\/p>\n<p>Uzglab\u0101t v\u0113s\u0101, saus\u0101 viet\u0101. Sarg\u0101t no b\u0113rniem.<\/p>\n<p>Ra\u017eot\u0101js: UAB &#8220;Domus Naturae&#8221;<\/p>\n<p>Neto daudzums: 210 g.<\/p>\n<p>Ieteicams l\u012bdz (der\u012bguma termi\u0146\u0161): Ieteicams l\u012bdz datums, kas nor\u0101d\u012bts iepakojuma s\u0101nos, aug\u0161pus\u0113 vai apak\u0161\u0101.<\/p>\n<p><strong>Br\u012bdin\u0101jums:<\/strong><\/p>\n<p>Uztura bag\u0101tin\u0101t\u0101js nav \u0113dienreizes aizvietot\u0101js. Svar\u012bgs ir daudzveid\u012bgs un sabalans\u0113ts uzturs un vesel\u012bgs dz\u012bvesveids. Ja esat gr\u016btniece, barojat b\u0113rnu ar kr\u016bti vai lietojat citas z\u0101les, pirms lieto\u0161anas konsult\u0113jieties ar \u0101rstu vai farmaceitu. Nep\u0101rsniedziet ieteicamo devu.<\/p>\n","protected":false},"excerpt":{"rendered":"<p>J\u016bras kolag\u0113ns 12000 ar biot\u012bnu ir augstas klases, \u012bpa\u0161i izstr\u0101d\u0101ts kolag\u0113na pulvera mais\u012bjums.<\/p>\n<p>&nbsp;<\/p>\n<p>Galven\u0101s iez\u012bmes:<\/p>\n<p>&nbsp;<\/p>\n<p>Kolag\u0113ns un hialuronsk\u0101be<\/p>\n<p>Bie\u017ei iek\u013cauts produktos, kas atbalsta \u0101das elast\u012bbu un loc\u012btavu kust\u012bgumu<br \/>\nPla\u0161i nov\u0113rt\u0113ts skaistumkop\u0161anas un loc\u012btavu vesel\u012bbas jom\u0101<\/p>\n<p>Biot\u012bns (B7 vitam\u012bns)<\/p>\n<p>Veicina vesel\u012bga izskata matus<br \/>\nVeicina \u0101das st\u0101vok\u013ca uztur\u0113\u0161anu<br \/>\nPiedal\u0101s bar\u012bbas vielu metabolisma procesos<br \/>\nSvar\u012bgi ener\u0123ijas ra\u017eo\u0161anas regul\u0113\u0161an\u0101<\/p>\n<p>C vitam\u012bns<\/p>\n<p>Veicina kolag\u0113na veido\u0161anos, kas ir svar\u012bgs vesel\u012bgai \u0101dai, asinsvadiem, skrim\u0161\u013ciem, kauliem, zobiem un smagan\u0101m<br \/>\nUztur ener\u0123ijas l\u012bmeni un mazina nogurumu<br \/>\nAizsarg\u0101 \u0161\u016bnas no oksidat\u012bv\u0101 stresa un boj\u0101jumiem<\/p>\n<p>J\u016bras kolag\u0113ns 12000 ar biot\u012bnu ir augstas klases, \u012bpa\u0161i izstr\u0101d\u0101ts kolag\u0113na pulvera mais\u012bjums.<\/p>\n<p>&nbsp;<\/p>\n<p><strong>Galven\u0101s iez\u012bmes:<\/strong><\/p>\n<p>&nbsp;<\/p>\n<p><strong>Kolag\u0113ns un hialuronsk\u0101be<\/strong><\/p>\n<ul>\n<li>Bie\u017ei iek\u013cauts produktos, kas atbalsta \u0101das elast\u012bbu un loc\u012btavu kust\u012bgumu<\/li>\n<li>Pla\u0161i nov\u0113rt\u0113ts skaistumkop\u0161anas un loc\u012btavu vesel\u012bbas jom\u0101<\/li>\n<\/ul>\n<p><strong>Biot\u012bns (B7 vitam\u012bns)<\/strong><\/p>\n<ul>\n<li>Veicina vesel\u012bga izskata matus<\/li>\n<li>Veicina \u0101das st\u0101vok\u013ca uztur\u0113\u0161anu<\/li>\n<li>Piedal\u0101s bar\u012bbas vielu metabolisma procesos<\/li>\n<li>Svar\u012bgi ener\u0123ijas ra\u017eo\u0161anas regul\u0113\u0161an\u0101<\/li>\n<\/ul>\n<p><strong>C vitam\u012bns<\/strong><\/p>\n<ul>\n<li>Veicina kolag\u0113na veido\u0161anos, kas ir svar\u012bgs vesel\u012bgai \u0101dai, asinsvadiem,<\/li>\n<li>skrim\u0161\u013ciem, kauliem, zobiem un smagan\u0101m<\/li>\n<li>Uztur ener\u0123ijas l\u012bmeni un mazina nogurumu<br \/>\nAizsarg\u0101 \u0161\u016bnas no oksidat\u012bv\u0101 stresa un boj\u0101jumiem<\/li>\n<\/ul>\n","protected":false},"featured_media":41200,"comment_status":"open","ping_status":"closed","template":"","meta":{"inline_featured_image":false},"product_brand":[],"product_cat":[161,145],"product_tag":[],"class_list":{"0":"post-41300","1":"product","2":"type-product","3":"status-publish","4":"has-post-thumbnail","6":"product_cat-akcijas","7":"product_cat-gan","9":"first","10":"outofstock","11":"sale","12":"shipping-taxable","13":"purchasable","14":"product-type-simple"},"_links":{"self":[{"href":"https:\/\/loosen.lt\/lv\/wp-json\/wp\/v2\/product\/41300","targetHints":{"allow":["GET"]}}],"collection":[{"href":"https:\/\/loosen.lt\/lv\/wp-json\/wp\/v2\/product"}],"about":[{"href":"https:\/\/loosen.lt\/lv\/wp-json\/wp\/v2\/types\/product"}],"replies":[{"embeddable":true,"href":"https:\/\/loosen.lt\/lv\/wp-json\/wp\/v2\/comments?post=41300"}],"wp:featuredmedia":[{"embeddable":true,"href":"https:\/\/loosen.lt\/lv\/wp-json\/wp\/v2\/media\/41200"}],"wp:attachment":[{"href":"https:\/\/loosen.lt\/lv\/wp-json\/wp\/v2\/media?parent=41300"}],"wp:term":[{"taxonomy":"product_brand","embeddable":true,"href":"https:\/\/loosen.lt\/lv\/wp-json\/wp\/v2\/product_brand?post=41300"},{"taxonomy":"product_cat","embeddable":true,"href":"https:\/\/loosen.lt\/lv\/wp-json\/wp\/v2\/product_cat?post=41300"},{"taxonomy":"product_tag","embeddable":true,"href":"https:\/\/loosen.lt\/lv\/wp-json\/wp\/v2\/product_tag?post=41300"}],"curies":[{"name":"wp","href":"https:\/\/api.w.org\/{rel}","templated":true}]}}