{"id":41302,"date":"2025-07-29T13:11:04","date_gmt":"2025-07-29T13:11:04","guid":{"rendered":"https:\/\/loosen.lt\/produktas\/dabas-majas-augu-polifenolu-komplekss-top-4-augi-n120\/"},"modified":"2025-07-29T13:11:04","modified_gmt":"2025-07-29T13:11:04","slug":"dabas-majas-augu-polifenolu-komplekss-top-4-augi-n120","status":"publish","type":"product","link":"https:\/\/loosen.lt\/lv\/produkts\/dabas-majas-augu-polifenolu-komplekss-top-4-augi-n120\/","title":{"rendered":"Dabas m\u0101jas augu polifenolu komplekss TOP 4 augi N120"},"content":{"rendered":"<p><strong>K\u0101 darbojas TOP 4 augi?<\/strong><\/p>\n<p>\u010cetras augu izcelsmes sast\u0101vda\u013cas darbojas siner\u0123iski \u2013 t\u0101s viena otru papildina. \u0160aj\u0101 kompleks\u0101 eso\u0161\u0101s dabisk\u0101s vielas pal\u012bdz atbalst\u012bt organisma antioksidantu aizsardz\u012bbu, \u0161\u016bnu vesel\u012bbu un im\u016bnsist\u0113mas darb\u012bbu kopum\u0101.<\/p>\n<p>&nbsp;<\/p>\n<p><strong>Sast\u0101vda\u013cas<\/strong>: mikrokrist\u0101lisk\u0101 celuloze un kalcija fosf\u0101ts (pildvielas), broko\u013cu ziedk\u0101postu un k\u0101tu ekstrakts (4:1), gran\u0101t\u0101bolu aug\u013cu ekstrakts (5:1), za\u013c\u0101s t\u0113jas lapu ekstrakts (10:1), kurkumas saknes ekstrakts (10:1), tauksk\u0101bju magnija s\u0101ls un sil\u012bcija dioks\u012bds (lip\u012bguma regul\u0113\u0161anai), tabletes apvalks: polidekstroze, hidroksipropilmetilceluloze, maltodekstr\u012bns, kalcija karbon\u0101ts (kr\u0101sviela), pupi\u0146u gumija (stabilizators), tauksk\u0101bes (glaz\u016bras l\u012bdzeklis).<\/p>\n<p>&nbsp;<\/p>\n<table style=\"height: 621px;\" width=\"572\">\n<tbody>\n<tr>\n<td width=\"188\"><strong>VIENA TABLETE SATUR:<\/strong><\/td>\n<td width=\"188\">75mg<\/td>\n<\/tr>\n<tr>\n<td width=\"188\">Broko\u013cu ekstrakts (4:1)<\/td>\n<td width=\"188\">300mg<\/td>\n<\/tr>\n<tr>\n<td width=\"188\">Tas atbilst broko\u013cu ziedk\u0101postiem un ziedu k\u0101tiem<\/td>\n<td width=\"188\">60mg<\/td>\n<\/tr>\n<tr>\n<td width=\"188\">Gran\u0101t\u0101bolu aug\u013cu ekstrakts (5:1)<\/td>\n<td width=\"188\">300mg<\/td>\n<\/tr>\n<tr>\n<td width=\"188\">tas atbilst parast\u0101 gran\u0101t\u0101bola koka aug\u013ciem<\/td>\n<td width=\"188\">37,5mg<\/td>\n<\/tr>\n<tr>\n<td width=\"188\">Za\u013c\u0101s t\u0113jas lapu ekstrakts (10:1)<\/td>\n<td width=\"188\">375mg<\/td>\n<\/tr>\n<tr>\n<td width=\"188\">tas atbilst za\u013c\u0101s t\u0113jas lap\u0101m,<\/td>\n<td width=\"188\">15mg<\/td>\n<\/tr>\n<tr>\n<td width=\"188\">kas satur kateh\u012bnus<\/td>\n<td width=\"188\">11,25mg<\/td>\n<\/tr>\n<tr>\n<td width=\"188\">un (-)-epigalokateh\u012bna-3-gall\u0101ts<\/td>\n<td width=\"188\">30mg<\/td>\n<\/tr>\n<tr>\n<td width=\"188\">Kurkumas saknes ekstrakts (10:1)<\/td>\n<td width=\"188\">300mg<\/td>\n<\/tr>\n<tr>\n<td width=\"188\">tas atbilst kurkumas sakne\u0146u kr\u0101sai<\/td>\n<td width=\"188\">&nbsp;<\/td>\n<\/tr>\n<\/tbody>\n<\/table>\n<p>&nbsp;<\/p>\n<p><strong>Lietojums:<\/strong><\/p>\n<p>Ieteicams lietot 1 tableti dien\u0101, v\u0113lams p\u0113c \u0113dienreizes. Nelietot tuk\u0161\u0101 d\u016b\u0161\u0101.<\/p>\n<p>Kop\u0113j\u0101 (-)-epigalokateh\u012bna-3-gal\u0101ta (EGCG) dienas deva nedr\u012bkst p\u0101rsniegt 800 mg.<\/p>\n<p>Nelietojiet \u0161o uztura bag\u0101tin\u0101t\u0101ju kop\u0101 ar citiem produktiem, kas satur za\u013co t\u0113ju, ja pl\u0101nojat tos lietot taj\u0101 pa\u0161\u0101 dien\u0101.<\/p>\n<p>Nav ieteicams lietot b\u0113rniem l\u012bdz 18 gadu vecumam, gr\u016btniec\u0113m vai sieviet\u0113m, kas baro b\u0113rnu ar kr\u016bti.<\/p>\n<p>&nbsp;<\/p>\n<p><strong>Uzglab\u0101\u0161anas apst\u0101k\u013ci:<\/strong><\/p>\n<p>Uzglab\u0101t v\u0113s\u0101, saus\u0101 viet\u0101. Sarg\u0101t no b\u0113rniem.<\/p>\n<p>Ra\u017eot\u0101js: UAB &#8220;Domus Naturae&#8221;<\/p>\n<p>Neto daudzums: 99,6 g.<\/p>\n<p>Ieteicams l\u012bdz (der\u012bguma termi\u0146\u0161): Ieteicams l\u012bdz datums, kas nor\u0101d\u012bts iepakojuma s\u0101nos, aug\u0161pus\u0113 vai apak\u0161\u0101.<\/p>\n<p><strong>Br\u012bdin\u0101jums:<\/strong><\/p>\n<p>Uztura bag\u0101tin\u0101t\u0101js nav \u0113dienreizes aizvietot\u0101js. Svar\u012bgs ir daudzveid\u012bgs un sabalans\u0113ts uzturs un vesel\u012bgs dz\u012bvesveids. Ja esat gr\u016btniece, barojat b\u0113rnu ar kr\u016bti vai lietojat citas z\u0101les, pirms lieto\u0161anas konsult\u0113jieties ar \u0101rstu vai farmaceitu. Nep\u0101rsniedziet ieteicamo devu.<\/p>\n","protected":false},"excerpt":{"rendered":"<p>TOP 4 augu mais\u012bjums \u2013 dab\u012bgs polifenolu avots.<\/p>\n<p>&nbsp;<\/p>\n<p><strong>Galven\u0101s iez\u012bmes:<\/strong><\/p>\n<p>&nbsp;<\/p>\n<ul>\n<li>atbalsta \u0161\u016bnu aizsardz\u012bbu pret oksidat\u012bvo stresu<\/li>\n<li>uztur vielmai\u0146as l\u012bdzsvaru<\/li>\n<li>atbalsta \u0137erme\u0146a visp\u0101r\u0113jo labsaj\u016btu<\/li>\n<\/ul>\n","protected":false},"featured_media":41203,"comment_status":"open","ping_status":"closed","template":"","meta":{"inline_featured_image":false},"product_brand":[],"product_cat":[161,143],"product_tag":[],"class_list":{"0":"post-41302","1":"product","2":"type-product","3":"status-publish","4":"has-post-thumbnail","6":"product_cat-akcijas","7":"product_cat-vispareja-veseliba","9":"first","10":"outofstock","11":"sale","12":"shipping-taxable","13":"purchasable","14":"product-type-simple"},"_links":{"self":[{"href":"https:\/\/loosen.lt\/lv\/wp-json\/wp\/v2\/product\/41302","targetHints":{"allow":["GET"]}}],"collection":[{"href":"https:\/\/loosen.lt\/lv\/wp-json\/wp\/v2\/product"}],"about":[{"href":"https:\/\/loosen.lt\/lv\/wp-json\/wp\/v2\/types\/product"}],"replies":[{"embeddable":true,"href":"https:\/\/loosen.lt\/lv\/wp-json\/wp\/v2\/comments?post=41302"}],"wp:featuredmedia":[{"embeddable":true,"href":"https:\/\/loosen.lt\/lv\/wp-json\/wp\/v2\/media\/41203"}],"wp:attachment":[{"href":"https:\/\/loosen.lt\/lv\/wp-json\/wp\/v2\/media?parent=41302"}],"wp:term":[{"taxonomy":"product_brand","embeddable":true,"href":"https:\/\/loosen.lt\/lv\/wp-json\/wp\/v2\/product_brand?post=41302"},{"taxonomy":"product_cat","embeddable":true,"href":"https:\/\/loosen.lt\/lv\/wp-json\/wp\/v2\/product_cat?post=41302"},{"taxonomy":"product_tag","embeddable":true,"href":"https:\/\/loosen.lt\/lv\/wp-json\/wp\/v2\/product_tag?post=41302"}],"curies":[{"name":"wp","href":"https:\/\/api.w.org\/{rel}","templated":true}]}}