{"id":41304,"date":"2025-07-29T13:05:37","date_gmt":"2025-07-29T13:05:37","guid":{"rendered":"https:\/\/loosen.lt\/produktas\/gamtos-namai-biologiskai-aktyvus-cinko-bisglicinatas-25-mg-n90\/"},"modified":"2026-01-15T14:51:31","modified_gmt":"2026-01-15T14:51:31","slug":"gamtos-namai-biologiskai-aktyvus-cinko-bisglicinatas-25-mg-n90","status":"publish","type":"product","link":"https:\/\/loosen.lt\/lv\/produkts\/gamtos-namai-biologiskai-aktyvus-cinko-bisglicinatas-25-mg-n90\/","title":{"rendered":"Gamtos namai biologi\u0161kai aktyvus CINKO BISGLICINATAS 25 mg N90"},"content":{"rendered":"<p><strong>Sast\u0101vda\u013cas<\/strong>: mikrokrist\u0101lisk\u0101 celuloze, kalcija fosf\u0101ts, cinka bisglicin\u0101ts, tauksk\u0101bju magnija s\u0101\u013ci (pretsalipes viela).<\/p>\n<p>&nbsp;<\/p>\n<table style=\"height: 270px;\" width=\"520\">\n<tbody>\n<tr>\n<td width=\"188\">Viena tablete satur:<\/td>\n<td width=\"188\">&nbsp;<\/td>\n<td width=\"188\">Nomin\u0101l\u0101 v\u0113rt\u012bba*, %<\/td>\n<\/tr>\n<tr>\n<td width=\"188\">cinka bisglicin\u0101ts,<\/td>\n<td width=\"188\">83,3mg<\/td>\n<td width=\"188\">&nbsp;<\/td>\n<\/tr>\n<tr>\n<td width=\"188\">kas satur<\/td>\n<td width=\"188\">&nbsp;<\/td>\n<td width=\"188\">&nbsp;<\/td>\n<\/tr>\n<tr>\n<td width=\"188\">Cinks<\/td>\n<td width=\"188\">25mg<\/td>\n<td width=\"188\">250<\/td>\n<\/tr>\n<tr>\n<td width=\"188\">* \u2013 atsauces uzturv\u0113rt\u012bba (RNV).<\/td>\n<td width=\"188\">&nbsp;<\/td>\n<td width=\"188\">&nbsp;<\/td>\n<\/tr>\n<\/tbody>\n<\/table>\n<p>&nbsp;<\/p>\n<p><strong>Lieto\u0161ana<\/strong>: lietot 1 tableti dien\u0101, uzdzerot gl\u0101zi \u016bdens. Lieto\u0161ana gr\u016btniec\u012bbas vai z\u012bd\u012b\u0161anas laik\u0101 nav ieteicama. Nav piem\u0113rots person\u0101m, kas jaun\u0101kas par 18 gadiem.<\/p>\n<p>&nbsp;<\/p>\n<p><strong>Uzglab\u0101\u0161anas apst\u0101k\u013ci:<\/strong><\/p>\n<p>Uzglab\u0101t v\u0113s\u0101, saus\u0101 viet\u0101. Sarg\u0101t no b\u0113rniem.<\/p>\n<p>Ra\u017eot\u0101js: UAB &#8220;Domus Naturae&#8221;<\/p>\n<p>Neto daudzums: 45 g.<\/p>\n<p>Ieteicams l\u012bdz (der\u012bguma termi\u0146\u0161): Ieteicams l\u012bdz datums, kas nor\u0101d\u012bts iepakojuma s\u0101nos, aug\u0161pus\u0113 vai apak\u0161\u0101.<\/p>\n<p><strong>Br\u012bdin\u0101jums:<\/strong><\/p>\n<p>Uztura bag\u0101tin\u0101t\u0101js nav \u0113dienreizes aizvietot\u0101js. Svar\u012bgs ir daudzveid\u012bgs un sabalans\u0113ts uzturs un vesel\u012bgs dz\u012bvesveids. Ja esat gr\u016btniece, barojat b\u0113rnu ar kr\u016bti vai lietojat citas z\u0101les, pirms lieto\u0161anas konsult\u0113jieties ar \u0101rstu vai farmaceitu. Nep\u0101rsniedziet ieteicamo devu.<\/p>\n","protected":false},"excerpt":{"rendered":"<p>Augstas kvalit\u0101tes cinka bisglicin\u0101ts lab\u0101kai uzs\u016bk\u0161anai.<\/p>\n<p>&nbsp;<\/p>\n<p><strong>Galven\u0101s iez\u012bmes:<\/strong><\/p>\n<p>&nbsp;<\/p>\n<ul>\n<li>Vesel\u012bgi kauli, \u0101da, mati un nagi<\/li>\n<li>Pareiza im\u016bnsist\u0113mas darb\u012bba<\/li>\n<li>\u0160\u016bnu aizsardz\u012bba pret oksidat\u012bvo stresu<\/li>\n<li>Norm\u0101las kognit\u012bv\u0101s funkcijas<\/li>\n<li>Laba redze<\/li>\n<li>Dabiskais testosterona l\u012bmenis asin\u012bs<\/li>\n<li>Reprodukt\u012bv\u0101 vesel\u012bba un augl\u012bba<\/li>\n<li>Olbaltumvielu un DNS sint\u0113zes procesi<\/li>\n<li>\u0160\u016bnu dal\u012b\u0161an\u0101s funkcijas<\/li>\n<li>Og\u013chidr\u0101tu un tauksk\u0101bju metabolisms<\/li>\n<li>Vitam\u012bnu (\u012bpa\u0161i A vitam\u012bna) uzs\u016bk\u0161an\u0101s<\/li>\n<li>Sk\u0101bes-b\u0101zes (pH) l\u012bdzsvars organism\u0101<\/li>\n<li>Makroelementu (piem\u0113ram, olbaltumvielu, tauku, og\u013chidr\u0101tu) metabolisms<\/li>\n<\/ul>\n","protected":false},"featured_media":41228,"comment_status":"open","ping_status":"closed","template":"","meta":{"inline_featured_image":false},"product_brand":[],"product_cat":[161,143],"product_tag":[],"class_list":{"0":"post-41304","1":"product","2":"type-product","3":"status-publish","4":"has-post-thumbnail","6":"product_cat-akcijas","7":"product_cat-vispareja-veseliba","9":"first","10":"instock","11":"sale","12":"shipping-taxable","13":"purchasable","14":"product-type-simple"},"_links":{"self":[{"href":"https:\/\/loosen.lt\/lv\/wp-json\/wp\/v2\/product\/41304","targetHints":{"allow":["GET"]}}],"collection":[{"href":"https:\/\/loosen.lt\/lv\/wp-json\/wp\/v2\/product"}],"about":[{"href":"https:\/\/loosen.lt\/lv\/wp-json\/wp\/v2\/types\/product"}],"replies":[{"embeddable":true,"href":"https:\/\/loosen.lt\/lv\/wp-json\/wp\/v2\/comments?post=41304"}],"wp:featuredmedia":[{"embeddable":true,"href":"https:\/\/loosen.lt\/lv\/wp-json\/wp\/v2\/media\/41228"}],"wp:attachment":[{"href":"https:\/\/loosen.lt\/lv\/wp-json\/wp\/v2\/media?parent=41304"}],"wp:term":[{"taxonomy":"product_brand","embeddable":true,"href":"https:\/\/loosen.lt\/lv\/wp-json\/wp\/v2\/product_brand?post=41304"},{"taxonomy":"product_cat","embeddable":true,"href":"https:\/\/loosen.lt\/lv\/wp-json\/wp\/v2\/product_cat?post=41304"},{"taxonomy":"product_tag","embeddable":true,"href":"https:\/\/loosen.lt\/lv\/wp-json\/wp\/v2\/product_tag?post=41304"}],"curies":[{"name":"wp","href":"https:\/\/api.w.org\/{rel}","templated":true}]}}